{"id":4343,"date":"2020-07-28T15:49:55","date_gmt":"2020-07-28T13:49:55","guid":{"rendered":"https:\/\/belmont-web.com\/?page_id=4343"},"modified":"2020-08-11T14:12:49","modified_gmt":"2020-08-11T12:12:49","slug":"cms","status":"publish","type":"page","link":"https:\/\/belmont-web.com\/en\/cms\/","title":{"rendered":"CMS"},"content":{"rendered":"<section class=\"section\" id=\"section_1752122737\">\n\t\t<div class=\"section-bg fill\" >\n\t\t\t<img loading=\"lazy\" decoding=\"async\" width=\"2048\" height=\"1103\" src=\"https:\/\/belmont-web.com\/wp-content\/uploads\/2020\/08\/pexels-monoar-rahman-109371-scaled.jpg\" class=\"bg attachment-original size-original\" alt=\"cms digital agency\" title=\"\">\t\t\t\t\t\t\n\t\t\t\n\n\t\t<\/div>\n\n\t\t\n\n\t\t<div class=\"section-content relative\">\n\t\t\t\n\n<div class=\"row row-large align-middle align-center\"  id=\"row-1705403574\">\n\n\n<\/div>\n\n\t\t<\/div>\n\n\t\t\n<style>\n#section_1752122737 {\n  padding-top: 30px;\n  padding-bottom: 30px;\n  min-height: 400px;\n  background-color: rgb(240, 240, 240);\n}\n#section_1752122737 .section-bg img {\n  object-position: 52% 60%;\n}\n<\/style>\n\t<\/section>\n\t\n\n\t<section class=\"section\" id=\"section_103248090\">\n\t\t<div class=\"section-bg fill\" >\n\t\t\t\t\t\t\t\t\t\n\t\t\t\n\n\t\t<\/div>\n\n\t\t\n\n\t\t<div class=\"section-content relative\">\n\t\t\t\n\n<div class=\"row\"  id=\"row-1741088088\">\n\n\n\t<div id=\"col-80737453\" class=\"col medium-9 small-12 large-9\"  data-animate=\"bounceInRight\">\n\t\t\t\t<div class=\"col-inner\" style=\"background-color:rgb(39, 54, 71);\" >\n\t\t\t\n\t\t\t\n\n<h2 style=\"color: white;\">Need to create a website with a CMS?<br \/>You are in the right place!<\/h2>\n<p style=\"color: #ddd;\">Belmont Web is a <strong>digital agency<\/strong> Tunisie sp\u00e9cialiste de la <strong>user-oriented website creation <\/strong>and their management.<\/p>\n<p class=\"thin-font\" style=\"color: #ddd;\"><strong>Natural referencing<\/strong>,<strong> SEO<\/strong>, <strong>digital communication<\/strong> and <strong>marketing<\/strong> <strong>web <\/strong>are at the heart of our business.<\/p>\n<p style=\"color: #ddd;\">Here you will find<strong> effective solutions <\/strong>to sustainably improve the <strong>visibility of your company on the web<\/strong>. Let's work together to <strong>quickly reach your goals<\/strong>.&nbsp;<\/p>\n\n\t\t<\/div>\n\t\t\t\t\n<style>\n#col-80737453 > .col-inner {\n  padding: 60px 60px 60px 60px;\n  margin: -77px 0px 0px 0px;\n}\n<\/style>\n\t<\/div>\n\n\t\n\n<\/div>\n\t<div id=\"gap-441947421\" class=\"gap-element clearfix\" style=\"display:block; height:auto;\">\n\t\t\n<style>\n#gap-441947421 {\n  padding-top: 120px;\n}\n<\/style>\n\t<\/div>\n\t\n\n\n\t\t<\/div>\n\n\t\t\n<style>\n#section_103248090 {\n  padding-top: 30px;\n  padding-bottom: 30px;\n  margin-bottom: -30px;\n}\n<\/style>\n\t<\/section>\n\t\n\t<div id=\"gap-1343707242\" class=\"gap-element clearfix\" style=\"display:block; height:auto;\">\n\t\t\n<style>\n#gap-1343707242 {\n  padding-top: 30px;\n}\n<\/style>\n\t<\/div>\n\t\n\n<div class=\"row row-large align-middle\"  id=\"row-806776834\">\n\n\n\t<div id=\"col-1198527014\" class=\"col medium-6 small-12 large-6\"  data-animate=\"fadeInLeft\">\n\t\t\t\t<div class=\"col-inner text-left\"  >\n\t\t\t\n\t\t\t\n\n<h3>ASSISTANCE ON THE BEST CHOICES<\/h3>\n<p>Not sure which content management system to choose?<\/p>\n<p>Is it better to opt for a Wordpress CMS or a Joomla CMS?<\/p>\n<p>Why is choosing a good CMS important?<\/p>\n<p>What is the best CMS for an e-commerce website?<\/p>\n\n\t\t<\/div>\n\t\t\t\t\n<style>\n#col-1198527014 > .col-inner {\n  margin: 0px 0px -50px 0px;\n}\n<\/style>\n\t<\/div>\n\n\t\n\n\t<div id=\"col-854215524\" class=\"col medium-6 small-12 large-6\"  data-animate=\"bounceIn\">\n\t\t\t\t<div class=\"col-inner\"  >\n\t\t\t\n\t\t\t\n\n\n\t<section class=\"section has-hover\" id=\"section_1408396681\">\n\t\t<div class=\"section-bg fill\" >\n\t\t\t\t\t\t\t\t\t\n\t\t\t\n\t<div class=\"is-border hover-bounce\"\n\t\tstyle=\"border-color:rgb(251, 176, 85);border-width:0px 0px 0px 40px;\">\n\t<\/div>\n\n\t\t<\/div>\n\n\t\t\n\n\t\t<div class=\"section-content relative\">\n\t\t\t\n\n<div class=\"row row-collapse\"  id=\"row-143086001\">\n\n\n\t<div id=\"col-720285214\" class=\"col small-12 large-12\"  >\n\t\t\t\t<div class=\"col-inner\"  >\n\t\t\t\n\t\t\t\n\n\n  <div class=\"banner has-hover\" id=\"banner-1694076586\">\n          <div class=\"banner-inner fill\">\n        <div class=\"banner-bg fill\" >\n            <img loading=\"lazy\" decoding=\"async\" width=\"1800\" height=\"1200\" src=\"https:\/\/belmont-web.com\/wp-content\/uploads\/2020\/07\/cms-assistance.jpg\" class=\"bg attachment-original size-original\" alt=\"cms digital agency\" title=\"\">                                    \n                    <\/div>\n\t\t\n        <div class=\"banner-layers container\">\n            <div class=\"fill banner-link\"><\/div>            \n\n   <div id=\"text-box-278420621\" class=\"text-box banner-layer x50 md-x50 lg-x50 y50 md-y50 lg-y50 res-text\">\n                                <div class=\"text-box-content text dark\">\n              \n              <div class=\"text-inner text-center\">\n                  \n\n\n              <\/div>\n           <\/div>\n                            \n<style>\n#text-box-278420621 {\n  width: 60%;\n}\n#text-box-278420621 .text-box-content {\n  font-size: 100%;\n}\n<\/style>\n    <\/div>\n \n\n        <\/div>\n      <\/div>\n\n              <div class=\"height-fix is-invisible\"><img loading=\"lazy\" decoding=\"async\" width=\"1800\" height=\"1200\" src=\"https:\/\/belmont-web.com\/wp-content\/uploads\/2020\/07\/cms-assistance.jpg\" class=\"attachment-original size-original\" alt=\"cms digital agency\" srcset=\"https:\/\/belmont-web.com\/wp-content\/uploads\/2020\/07\/cms-assistance.jpg 1800w, https:\/\/belmont-web.com\/wp-content\/uploads\/2020\/07\/cms-assistance-600x400.jpg 600w, https:\/\/belmont-web.com\/wp-content\/uploads\/2020\/07\/cms-assistance-1200x800.jpg 1200w, https:\/\/belmont-web.com\/wp-content\/uploads\/2020\/07\/cms-assistance-768x512.jpg 768w, https:\/\/belmont-web.com\/wp-content\/uploads\/2020\/07\/cms-assistance-1536x1024.jpg 1536w\" sizes=\"auto, (max-width: 1800px) 100vw, 1800px\" title=\"\"><\/div>\n              <\/div>\n\n\n\n\t\t<\/div>\n\t\t\t\t\n<style>\n#col-720285214 > .col-inner {\n  margin: 0px 0px 0px -15px;\n}\n<\/style>\n\t<\/div>\n\n\t\n\n<\/div>\n\n\t\t<\/div>\n\n\t\t\n<style>\n#section_1408396681 {\n  padding-top: 30px;\n  padding-bottom: 30px;\n}\n<\/style>\n\t<\/section>\n\t\n\n\t\t<\/div>\n\t\t\t\t\n<style>\n#col-854215524 > .col-inner {\n  margin: 0px 0px -50px 0px;\n}\n<\/style>\n\t<\/div>\n\n\t\n\n<\/div>\n\t<div id=\"gap-883717722\" class=\"gap-element clearfix\" style=\"display:block; height:auto;\">\n\t\t\n<style>\n#gap-883717722 {\n  padding-top: 120px;\n}\n<\/style>\n\t<\/div>\n\t\n\n<div class=\"row align-middle\"  id=\"row-1710811852\">\n\n\n\t<div id=\"col-307171099\" class=\"col medium-6 small-12 large-6\"  data-animate=\"bounceIn\">\n\t\t\t\t<div class=\"col-inner\"  >\n\t\t\t\n\t\t\t\n\n\n\t<section class=\"section has-hover\" id=\"section_924172853\">\n\t\t<div class=\"section-bg fill\" >\n\t\t\t\t\t\t\t\t\t\n\t\t\t\n\t<div class=\"is-border hover-bounce\"\n\t\tstyle=\"border-color:rgb(111, 166, 212);border-width:0px 0px 0px 40px;\">\n\t<\/div>\n\n\t\t<\/div>\n\n\t\t\n\n\t\t<div class=\"section-content relative\">\n\t\t\t\n\n<div class=\"row row-collapse\"  id=\"row-1135434372\">\n\n\n\t<div id=\"col-1629644448\" class=\"col small-12 large-12\"  >\n\t\t\t\t<div class=\"col-inner\"  >\n\t\t\t\n\t\t\t\n\n\n  <div class=\"banner has-hover\" id=\"banner-531190528\">\n          <div class=\"banner-inner fill\">\n        <div class=\"banner-bg fill\" >\n            <img loading=\"lazy\" decoding=\"async\" width=\"1020\" height=\"680\" src=\"https:\/\/belmont-web.com\/wp-content\/uploads\/2020\/04\/seo_investissement_Tunisie_Tunisie-1200x800.jpeg\" class=\"bg attachment-large size-large\" alt=\"services seo different en Tunisie et Tunisie\" title=\"\">                                    \n                    <\/div>\n\t\t\n        <div class=\"banner-layers container\">\n            <div class=\"fill banner-link\"><\/div>            \n\n   <div id=\"text-box-838134886\" class=\"text-box banner-layer x50 md-x50 lg-x50 y50 md-y50 lg-y50 res-text\">\n                                <div class=\"text-box-content text dark\">\n              \n              <div class=\"text-inner text-center\">\n                  \n\n\n              <\/div>\n           <\/div>\n                            \n<style>\n#text-box-838134886 {\n  width: 60%;\n}\n#text-box-838134886 .text-box-content {\n  font-size: 100%;\n}\n<\/style>\n    <\/div>\n \n\n        <\/div>\n      <\/div>\n\n              <div class=\"height-fix is-invisible\"><img loading=\"lazy\" decoding=\"async\" width=\"1020\" height=\"680\" src=\"https:\/\/belmont-web.com\/wp-content\/uploads\/2020\/04\/seo_investissement_Tunisie_Tunisie-1200x800.jpeg\" class=\"attachment-large size-large\" alt=\"services seo different en Tunisie et Tunisie\" srcset=\"https:\/\/belmont-web.com\/wp-content\/uploads\/2020\/04\/seo_investissement_Tunisie_Tunisie-1200x800.jpeg 1200w, https:\/\/belmont-web.com\/wp-content\/uploads\/2020\/04\/seo_investissement_Tunisie_Tunisie-600x400.jpeg 600w, https:\/\/belmont-web.com\/wp-content\/uploads\/2020\/04\/seo_investissement_Tunisie_Tunisie-768x512.jpeg 768w, https:\/\/belmont-web.com\/wp-content\/uploads\/2020\/04\/seo_investissement_Tunisie_Tunisie-1536x1024.jpeg 1536w, https:\/\/belmont-web.com\/wp-content\/uploads\/2020\/04\/seo_investissement_Tunisie_Tunisie-scaled.jpeg 2048w\" sizes=\"auto, (max-width: 1020px) 100vw, 1020px\" title=\"\"><\/div>\n              <\/div>\n\n\n\n\t\t<\/div>\n\t\t\t\t\n<style>\n#col-1629644448 > .col-inner {\n  margin: 0px 0px 0px -15px;\n}\n<\/style>\n\t<\/div>\n\n\t\n\n<\/div>\n\n\t\t<\/div>\n\n\t\t\n<style>\n#section_924172853 {\n  padding-top: 30px;\n  padding-bottom: 30px;\n}\n<\/style>\n\t<\/section>\n\t\n\n\t\t<\/div>\n\t\t\t\t\t<\/div>\n\n\t\n\n\t<div id=\"col-926398738\" class=\"col medium-6 small-12 large-6 small-col-first\"  data-animate=\"bounceInRight\">\n\t\t\t\t<div class=\"col-inner text-left\"  >\n\t\t\t\n\t\t\t\n\n<h3>SUSTAINABLE INVESTMENT<\/h3>\n<p>Call on our <strong>agence web \u00e0 Gab\u00e8s <\/strong>for <strong>improve the SEO of your website<\/strong>. This is a search engine optimization, <strong>Search Engine Optimization<\/strong> in English.<\/p>\n<p>We offer you several<strong> tailored solutions <\/strong>to your constraints and expectations. <strong>Small, medium or large company<\/strong>Our answers are personalized and we can easily work remotely.<\/p>\n\n\t\t<\/div>\n\t\t\t\t\n<style>\n#col-926398738 > .col-inner {\n  margin: 0px 0px -60px 0px;\n}\n<\/style>\n\t<\/div>\n\n\t\n\n\n<style>\n#row-1710811852 > .col > .col-inner {\n  padding: 60px 0px 60px 0px;\n}\n<\/style>\n<\/div>\n\t<div id=\"gap-1712805656\" class=\"gap-element clearfix\" style=\"display:block; height:auto;\">\n\t\t\n<style>\n#gap-1712805656 {\n  padding-top: 120px;\n}\n<\/style>\n\t<\/div>\n\t\n\n\n\t<section class=\"section\" id=\"section_694653086\">\n\t\t<div class=\"section-bg fill\" >\n\t\t\t<img loading=\"lazy\" decoding=\"async\" width=\"2048\" height=\"1365\" src=\"https:\/\/belmont-web.com\/wp-content\/uploads\/2020\/08\/stephen-phillips-hostreviews-co-uk-zRNvl3EUdw-unsplash-scaled.jpg\" class=\"bg attachment-original size-original\" alt=\"cms digital agency\" title=\"\">\t\t\t\t\t\t\n\t\t\t\n\n\t\t<\/div>\n\n\t\t\n\n\t\t<div class=\"section-content relative\">\n\t\t\t\n\n\n\t\t<\/div>\n\n\t\t\n<style>\n#section_694653086 {\n  padding-top: 60px;\n  padding-bottom: 60px;\n  min-height: 500px;\n}\n#section_694653086 .section-bg img {\n  object-position: 4% 71%;\n}\n<\/style>\n\t<\/section>\n\t\n\n\t<section class=\"section dark\" id=\"section_315540708\">\n\t\t<div class=\"section-bg fill\" >\n\t\t\t\t\t\t\t\t\t\n\t\t\t\n\n\t\t<\/div>\n\n\t\t\n\n\t\t<div class=\"section-content relative\">\n\t\t\t\n\n<div class=\"row row-large align-right\"  id=\"row-828588375\">\n\n\n\t<div id=\"col-2072747833\" class=\"col medium-10 small-12 large-10\"  data-animate=\"bounceInLeft\">\n\t\t\t\t<div class=\"col-inner text-left\"  >\n\t\t\t\n\t\t\t\n\n<h2>What is a Content Management System?<\/h2>\n<p>The acronym CMS (<strong>Content Management System<\/strong>) translates into French as syst\u00e8me de gestion de contenu. It is a category of software that allows the design and dynamic updating of websites or mobile applications.<\/p>\n<p style=\"text-align: left;\">It becomes possible to create and manage the appearance and content of an interface from A to Z. <br \/>Thanks to this type of software, you do not need any computer development. The publication of texts and multimedia elements on the web is largely facilitated.<\/p>\n<p style=\"text-align: left;\">Before choosing a CMS, you need to determine the objective of your web project and have an idea of the content you will publish online.<br \/>Indeed, there are various solutions to create a blog, an intranet, a commercial site or an institutional site, for example.<\/p>\n\n\t\t<\/div>\n\t\t\t\t\n<style>\n#col-2072747833 > .col-inner {\n  margin: -77px 0px -30px 0px;\n}\n<\/style>\n\t<\/div>\n\n\t\n\n\n<style>\n#row-828588375 > .col > .col-inner {\n  padding: 60px 60px 40px 60px;\n  background-color: rgb(39, 54, 71);\n}\n<\/style>\n<\/div>\n\n\t\t<\/div>\n\n\t\t\n<style>\n#section_315540708 {\n  padding-top: 30px;\n  padding-bottom: 30px;\n  background-color: rgba(0, 0, 0, 0);\n}\n<\/style>\n\t<\/section>\n\t\n\t<div id=\"gap-982214577\" class=\"gap-element clearfix\" style=\"display:block; height:auto;\">\n\t\t\n<style>\n#gap-982214577 {\n  padding-top: 120px;\n}\n<\/style>\n\t<\/div>\n\t\n\n\n\t<section class=\"section\" id=\"section_2107117329\">\n\t\t<div class=\"section-bg fill\" >\n\t\t\t<img loading=\"lazy\" decoding=\"async\" width=\"1442\" height=\"963\" src=\"https:\/\/belmont-web.com\/wp-content\/uploads\/2020\/08\/screen-themes.png\" class=\"bg attachment- size-\" alt=\"cms digital agency\" title=\"\">\t\t\t\t\t\t<div class=\"section-bg-overlay absolute fill\"><\/div>\n\t\t\t\n\n\t\t<\/div>\n\n\t\t\n\n\t\t<div class=\"section-content relative\">\n\t\t\t\n\n<div class=\"row align-center\"  id=\"row-109931297\">\n\n\n\t<div id=\"col-737134099\" class=\"col medium-9 small-12 large-9\"  >\n\t\t\t\t<div class=\"col-inner\"  >\n\t\t\t\n\t\t\t\n\n<h2 style=\"color: #fff; text-align: center;\">Choose a CMS: Wordpress, Joomla! or Prestashop<\/h2>\n<p style=\"text-align: center;\">\u00a0<\/p>\n<p style=\"color: #fff; text-align: center;\">The list of CMS is very long (more than 250 programs on the market), but some are essential. These are the ones that the digital agency Belmont Web has chosen to propose to its customers. They are all open source and free, unlike the professional CMS that you have to pay for.<\/p>\n<p style=\"color: #fff; text-align: center;\"><strong><a href=\"https:\/\/www.wordpress.com\" target=\"_blank\" rel=\"noopener\">Wordpress<\/a> (62.6% market share in 2020):<\/strong><\/p>\n<p style=\"color: #fff; text-align: center;\">This open source content management system has an intuitive user interface. It also offers easy integration of plugins and other extensions. Its army of 100,000 developers and 24\/7 support service work in its favor. About a third of the world's websites use a Wordpress CMS. It is the undisputed leader in the industry.<\/p>\n<p style=\"color: #fff; text-align: center;\"><strong><a href=\"https:\/\/www.joomla.fr\" target=\"_blank\" rel=\"noopener\">Joomla!<\/a> (4.4 % market share in 2020) :<\/strong><\/p>\n<p style=\"color: #fff; text-align: center;\">This popular software is intended for both beginners and more experienced users. Its main advantage lies in the wide range of extensions and themes offered. Joomla! can power websites of all shapes and sizes. Small commercial websites, company portals, online magazines, e-commerce, websites for town halls or communities, intranets and extranets ...<\/p>\n<p style=\"color: #fff; text-align: center;\"><strong><a href=\"https:\/\/www.prestashop.com\/fr\" target=\"_blank\" rel=\"noopener\">Prestashop<\/a> (1.0 % market share in 2020)<\/strong> :<br \/>This French online store software has become the leading European e-commerce platform. It is a complete, innovative and efficient solution that allows you to create a 100 % customizable e-shop. You will be able to manage your products as well as your orders, but also to develop your international sales. As the two preceding systems, Prestashop is available in several languages.<\/p>\n\n\t\t<\/div>\n\t\t\t\t\n<style>\n#col-737134099 > .col-inner {\n  margin: 22px 0px -30px 0px;\n}\n<\/style>\n\t<\/div>\n\n\t\n\n<\/div>\n\n\t\t<\/div>\n\n\t\t\n<style>\n#section_2107117329 {\n  padding-top: 30px;\n  padding-bottom: 30px;\n}\n#section_2107117329 .section-bg-overlay {\n  background-color: rgba(0, 0, 0, 0.71);\n}\n<\/style>\n\t<\/section>\n\t\n\t<div id=\"gap-1200306540\" class=\"gap-element clearfix\" style=\"display:block; height:auto;\">\n\t\t\n<style>\n#gap-1200306540 {\n  padding-top: 120px;\n}\n<\/style>\n\t<\/div>\n\t\n\n\n\t<section class=\"section\" id=\"section_1135342418\">\n\t\t<div class=\"section-bg fill\" >\n\t\t\t\t\t\t\t\t\t\n\t\t\t\n\n\t\t<\/div>\n\n\t\t\n\n\t\t<div class=\"section-content relative\">\n\t\t\t\n\n<div class=\"row align-center\"  id=\"row-1113265573\">\n\n\n\t<div id=\"col-1708253789\" class=\"col medium-9 small-12 large-9\"  data-animate=\"bounceInLeft\">\n\t\t\t\t<div class=\"col-inner text-center\"  >\n\t\t\t\n\t\t\t\n\n<h2>A DIGITAL AGENCY SPECIALIZED IN WEBSITE CREATION<\/h2>\n<p style=\"text-align: left;\">At Belmont Web, we explain the wide range of features of each CMS. Together, we choose the system that best suits your company's specific needs. In fact, the issue is not to know which is the best CMS on the market, but rather to determine which content management system will best enhance your project on the Internet.<\/p>\n<p style=\"text-align: left;\">Notre agence web en Tunisie peut cr\u00e9er un site avec le CMS appropri\u00e9, puis vous donner la possibilit\u00e9 de le g\u00e9rer vous-m\u00eame. Il suffira de vous familiariser avec son fonctionnement. Bien entendu, si vous pr\u00e9f\u00e9rez, notre \u00e9quipe peut s\u2019en charger pour vous faire gagner du temps.<\/p>\n<p style=\"text-align: left;\">Entrust us with your website. It will be your best seller.<\/p>\n<p style=\"text-align: center;\">\u00a0<\/p>\n\n\t\t<\/div>\n\t\t\t\t\n<style>\n#col-1708253789 > .col-inner {\n  margin: 21px 0px 0px 0px;\n}\n<\/style>\n\t<\/div>\n\n\t\n\n<\/div>\n<div class=\"row\"  id=\"row-1976230055\">\n\n\n\t<div id=\"col-962197602\" class=\"col small-12 large-12\"  >\n\t\t\t\t<div class=\"col-inner\"  >\n\t\t\t\n\t\t\t\n\n<p>&nbsp;<\/p>\n<p style=\"text-align: center;\"><strong>LISTENING TO YOU<br \/><\/strong><strong>Tell us about your website creation project.<\/strong><\/p>\n<p style=\"text-align: center;\"><strong>Contact our digital agency.<\/strong><\/p>\n\n\t\t<\/div>\n\t\t\t\t\n<style>\n#col-962197602 > .col-inner {\n  margin: -96px 0px 0px 0px;\n}\n<\/style>\n\t<\/div>\n\n\t\n\n<\/div>\n<div class=\"row align-center\"  id=\"row-1860428775\">\n\n\n\t<div id=\"col-1031333498\" class=\"col medium-6 small-12 large-6\"  >\n\t\t\t\t<div class=\"col-inner text-left\"  >\n\t\t\t\n\t\t\t\n\n\n<div class=\"wpcf7 no-js\" id=\"wpcf7-f8-o1\" lang=\"en-US\" dir=\"ltr\" data-wpcf7-id=\"8\">\n<div class=\"screen-reader-response\"><p role=\"status\" aria-live=\"polite\" aria-atomic=\"true\"><\/p> <ul><\/ul><\/div>\n<form action=\"\/en\/wp-json\/wp\/v2\/pages\/4343#wpcf7-f8-o1\" method=\"post\" class=\"wpcf7-form init\" aria-label=\"Contact form\" novalidate=\"novalidate\" data-status=\"init\" data-trp-original-action=\"\/en\/wp-json\/wp\/v2\/pages\/4343#wpcf7-f8-o1\">\n<div style=\"display: none;\">\n<input type=\"hidden\" name=\"_wpcf7\" value=\"8\" \/>\n<input type=\"hidden\" name=\"_wpcf7_version\" value=\"6.0.4\" \/>\n<input type=\"hidden\" name=\"_wpcf7_locale\" value=\"en_US\" \/>\n<input type=\"hidden\" name=\"_wpcf7_unit_tag\" value=\"wpcf7-f8-o1\" \/>\n<input type=\"hidden\" name=\"_wpcf7_container_post\" value=\"0\" \/>\n<input type=\"hidden\" name=\"_wpcf7_posted_data_hash\" value=\"\" \/>\n<\/div>\n<div class=\"form\">\n\t<p><span class=\"wpcf7-form-control-wrap\" data-name=\"your-name\"><input size=\"40\" maxlength=\"400\" class=\"wpcf7-form-control wpcf7-text wpcf7-validates-as-required\" aria-required=\"true\" aria-invalid=\"false\" placeholder=\"First and last name\" value=\"\" type=\"text\" name=\"your-name\" \/><\/span><br \/>\n<span class=\"wpcf7-form-control-wrap\" data-name=\"your-email\"><input size=\"40\" maxlength=\"400\" class=\"wpcf7-form-control wpcf7-email wpcf7-validates-as-required wpcf7-text wpcf7-validates-as-email\" aria-required=\"true\" aria-invalid=\"false\" placeholder=\"Email\" value=\"\" type=\"email\" name=\"your-email\" \/><\/span><br \/>\n<span class=\"wpcf7-form-control-wrap\" data-name=\"your-tel\"><input size=\"40\" maxlength=\"400\" class=\"wpcf7-form-control wpcf7-tel wpcf7-validates-as-required wpcf7-text wpcf7-validates-as-tel\" aria-required=\"true\" aria-invalid=\"false\" placeholder=\"Phone\" value=\"\" type=\"tel\" name=\"your-tel\" \/><\/span><br \/>\n<span class=\"wpcf7-form-control-wrap\" data-name=\"your-message\"><textarea cols=\"40\" rows=\"10\" maxlength=\"2000\" class=\"wpcf7-form-control wpcf7-textarea wpcf7-validates-as-required\" aria-required=\"true\" aria-invalid=\"false\" placeholder=\"Message\" name=\"your-message\"><\/textarea><\/span><br \/>\n<span class=\"wpcf7-form-control-wrap bwscaptcha-287\" data-name=\"bwscaptcha-287\"><input style=\"display:none;\" class=\"wpcf7-form-control wpcf7-bwscaptcha\" aria-required=\"true\" type=\"text\" name=\"bwscaptcha-287\" value=\"\" \/><p class=\"cptch_block\"><span class=\"cptch_title cptch_to_remove\">Human?<span class=\"required\"> *<\/span><\/span><span id=\"cptch_time_limit_notice_13\" class=\"cptch_time_limit_notice cptch_to_remove\">Time limit exceeded. Please complete the captcha once again.<\/span><span class=\"cptch_wrap cptch_math_actions\">\n\t\t\t\t<label class=\"cptch_label\" for=\"cptch_input_13\"><span class=\"cptch_span\">2<\/span>\n\t\t\t\t\t<span class=\"cptch_span\">&nbsp;&#43;&nbsp;<\/span>\n\t\t\t\t\t<span class=\"cptch_span\">7<\/span>\n\t\t\t\t\t<span class=\"cptch_span\">&nbsp;=&nbsp;<\/span>\n\t\t\t\t\t<span class=\"cptch_span\"><input id=\"cptch_input_13\" class=\"cptch_input wpcf7-form-control wpcf7-bwscaptcha\" type=\"text\" autocomplete=\"off\" name=\"bwscaptcha-287\" value=\"\" maxlength=\"2\" size=\"2\" aria-required=\"true\" required=\"required\" style=\"margin-bottom:0;display:inline;font-size: 12px;width: 40px;\" \/><\/span><input type=\"hidden\" name=\"cptch_form\" value=\"cf7_contact\" \/>\n\t\t\t\t<\/label><span class=\"cptch_reload_button_wrap hide-if-no-js\">\n\t\t\t\t\t<noscript>\n\t\t\t\t\t\t<style type=\"text\/css\">\n\t\t\t\t\t\t\t.hide-if-no-js {\n\t\t\t\t\t\t\t\tdisplay: none !important;\n\t\t\t\t\t\t\t}\n\t\t\t\t\t\t<\/style>\n\t\t\t\t\t<\/noscript>\n\t\t\t\t\t<span class=\"cptch_reload_button dashicons dashicons-update\"><\/span>\n\t\t\t\t<\/span><\/span><\/p><\/span><br \/>\n<input class=\"wpcf7-form-control wpcf7-submit has-spinner button\" type=\"submit\" value=\"Send\" \/>\n\t<\/p>\n<\/div><div class=\"wpcf7-response-output\" aria-hidden=\"true\"><\/div>\n<input type=\"hidden\" name=\"trp-form-language\" value=\"en\"\/><\/form>\n<\/div>\n\n\n\n\t\t<\/div>\n\t\t\t\t\t<\/div>\n\n\t\n\n<\/div>\n\n\t\t<\/div>\n\n\t\t\n<style>\n#section_1135342418 {\n  padding-top: 30px;\n  padding-bottom: 30px;\n  background-color: rgb(255,255,255);\n}\n<\/style>\n\t<\/section>","protected":false},"excerpt":{"rendered":"","protected":false},"author":9,"featured_media":0,"parent":0,"menu_order":0,"comment_status":"closed","ping_status":"closed","template":"page-transparent-header-light.php","meta":{"footnotes":""},"class_list":["post-4343","page","type-page","status-publish","hentry"],"_links":{"self":[{"href":"https:\/\/belmont-web.com\/en\/wp-json\/wp\/v2\/pages\/4343","targetHints":{"allow":["GET"]}}],"collection":[{"href":"https:\/\/belmont-web.com\/en\/wp-json\/wp\/v2\/pages"}],"about":[{"href":"https:\/\/belmont-web.com\/en\/wp-json\/wp\/v2\/types\/page"}],"author":[{"embeddable":true,"href":"https:\/\/belmont-web.com\/en\/wp-json\/wp\/v2\/users\/9"}],"replies":[{"embeddable":true,"href":"https:\/\/belmont-web.com\/en\/wp-json\/wp\/v2\/comments?post=4343"}],"version-history":[{"count":5,"href":"https:\/\/belmont-web.com\/en\/wp-json\/wp\/v2\/pages\/4343\/revisions"}],"predecessor-version":[{"id":5228,"href":"https:\/\/belmont-web.com\/en\/wp-json\/wp\/v2\/pages\/4343\/revisions\/5228"}],"wp:attachment":[{"href":"https:\/\/belmont-web.com\/en\/wp-json\/wp\/v2\/media?parent=4343"}],"curies":[{"name":"wp","href":"https:\/\/api.w.org\/{rel}","templated":true}]}}