{"id":4488,"date":"2020-07-30T10:44:07","date_gmt":"2020-07-30T08:44:07","guid":{"rendered":"https:\/\/belmont-web.com\/?page_id=4488"},"modified":"2022-09-29T14:28:31","modified_gmt":"2022-09-29T12:28:31","slug":"e-commerce","status":"publish","type":"page","link":"https:\/\/belmont-web.com\/en\/e-commerce\/","title":{"rendered":"E-commerce"},"content":{"rendered":"<section class=\"section\" id=\"section_825131893\">\n\t\t<div class=\"section-bg fill\" >\n\t\t\t<img loading=\"lazy\" decoding=\"async\" width=\"2048\" height=\"1365\" src=\"https:\/\/belmont-web.com\/wp-content\/uploads\/2020\/08\/blake-wisz-GFrBMipOd_E-unsplash-scaled.jpg\" class=\"bg attachment-original size-original\" alt=\"e-commerce\" title=\"\">\t\t\t\t\t\t<div class=\"section-bg-overlay absolute fill\"><\/div>\n\t\t\t\n\n\t\t<\/div>\n\n\t\t\n\n\t\t<div class=\"section-content relative\">\n\t\t\t\n\n<div class=\"row\"  id=\"row-1604580001\">\n\n\n\t<div id=\"col-960218585\" class=\"col small-12 large-12\"  data-animate=\"bounceInRight\">\n\t\t\t\t<div class=\"col-inner\"  >\n\t\t\t\n\t\t\t\n\n<h2 style=\"text-align: center; color: white; font-size:50px\"><strong>E-commerce<\/strong><\/h2>\n\n\t\t<\/div>\n\t\t\t\t\t<\/div>\n\n\t\n\n<\/div>\n\n\t\t<\/div>\n\n\t\t\n<style>\n#section_825131893 {\n  padding-top: 30px;\n  padding-bottom: 30px;\n  min-height: 400px;\n}\n#section_825131893 .section-bg-overlay {\n  background-color: rgba(56, 59, 10, 0.31);\n}\n#section_825131893 .section-bg img {\n  object-position: 59% 40%;\n}\n<\/style>\n\t<\/section>\n\t\n\n\t<section class=\"section dark\" id=\"section_838675336\">\n\t\t<div class=\"section-bg fill\" >\n\t\t\t\t\t\t\t\t\t\n\t\t\t\n\n\t\t<\/div>\n\n\t\t\n\n\t\t<div class=\"section-content relative\">\n\t\t\t\n\n<div class=\"row\"  id=\"row-647964887\">\n\n\n\t<div id=\"col-1652888724\" class=\"col medium-9 small-12 large-9\"  data-animate=\"bounceInLeft\">\n\t\t\t\t<div class=\"col-inner\" style=\"background-color:rgb(39, 54, 71);\" >\n\t\t\t\n\t\t\t\n\n<h2>Need to create your e-commerce website?<br \/>You are in the right place!<\/h2>\n<p>Belmont Web is a <strong>digital agency<\/strong> Tunisie sp\u00e9cialiste de la <strong>user-oriented website creation <\/strong>and their management.<\/p>\n<p><strong>Natural referencing<\/strong>,<strong> SEO<\/strong>, <strong>digital communication<\/strong> and <strong>marketing<\/strong> <strong>web <\/strong>are at the heart of our business.<\/p>\n<p>Here you will find<strong> effective solutions <\/strong>to sustainably improve the <strong>visibility of your company on the web<\/strong>. Let's work together to <strong>quickly reach your goals<\/strong>.<\/p>\n\n\t\t<\/div>\n\t\t\t\t\n<style>\n#col-1652888724 > .col-inner {\n  padding: 60px 60px 40px 60px;\n  margin: -77px 0px 0px 0px;\n}\n<\/style>\n\t<\/div>\n\n\t\n\n<\/div>\n\n\t\t<\/div>\n\n\t\t\n<style>\n#section_838675336 {\n  padding-top: 30px;\n  padding-bottom: 30px;\n  background-color: rgb(255, 255, 255);\n}\n<\/style>\n\t<\/section>\n\t\n\t<div id=\"gap-1140834403\" class=\"gap-element clearfix\" style=\"display:block; height:auto;\">\n\t\t\n<style>\n#gap-1140834403 {\n  padding-top: 120px;\n}\n<\/style>\n\t<\/div>\n\t\n\n<div class=\"row align-middle\"  id=\"row-465780706\">\n\n\n\t<div id=\"col-1758349840\" class=\"col medium-6 small-12 large-6\"  data-animate=\"bounceInLeft\">\n\t\t\t\t<div class=\"col-inner\"  >\n\t\t\t\n\t\t\t\n\n<h2>New in e-commerce?<\/h2>\n<p>Do you want to start an e-commerce business?<\/p>\n<p>Creating an e-shop for your company is your priority?<\/p>\n<p>Want to boost your online sales?<\/p>\n<p>Are you planning to digitalize your business internationally?<\/p>\n\n\t\t<\/div>\n\t\t\t\t\t<\/div>\n\n\t\n\n\t<div id=\"col-28020573\" class=\"col medium-6 small-12 large-6\"  data-animate=\"bounceIn\">\n\t\t\t\t<div class=\"col-inner\"  >\n\t\t\t\n\t\t\t\n\n\n\t<section class=\"section has-hover\" id=\"section_113731499\">\n\t\t<div class=\"section-bg fill\" >\n\t\t\t\t\t\t\t\t\t\n\t\t\t\n\t<div class=\"is-border hover-bounce\"\n\t\tstyle=\"border-color:rgb(0, 125, 252);border-width:0px 0px 0px 40px;\">\n\t<\/div>\n\n\t\t<\/div>\n\n\t\t\n\n\t\t<div class=\"section-content relative\">\n\t\t\t\n\n<div class=\"row row-collapse\"  id=\"row-1551251345\">\n\n\n\t<div id=\"col-1556871350\" class=\"col small-12 large-12\"  >\n\t\t\t\t<div class=\"col-inner\"  >\n\t\t\t\n\t\t\t\n\n\n  <div class=\"banner has-hover\" id=\"banner-1667742787\">\n          <div class=\"banner-inner fill\">\n        <div class=\"banner-bg fill\" >\n            <img loading=\"lazy\" decoding=\"async\" width=\"533\" height=\"800\" src=\"https:\/\/belmont-web.com\/wp-content\/uploads\/2020\/08\/roberto-cortese-ejhjSZKTeeg-unsplash-533x800.jpg\" class=\"bg attachment-large size-large\" alt=\"e-commerce\" title=\"\">                                    \n                    <\/div>\n\t\t\n        <div class=\"banner-layers container\">\n            <div class=\"fill banner-link\"><\/div>            \n\n\n        <\/div>\n      <\/div>\n\n            \n<style>\n#banner-1667742787 {\n  padding-top: 300px;\n  background-color: rgb(255,255,255);\n}\n#banner-1667742787 .banner-bg img {\n  object-position: 83% 53%;\n}\n<\/style>\n  <\/div>\n\n\n\n\t\t<\/div>\n\t\t\t\t\n<style>\n#col-1556871350 > .col-inner {\n  margin: 0px 0px 0px -15px;\n}\n<\/style>\n\t<\/div>\n\n\t\n\n<\/div>\n\n\t\t<\/div>\n\n\t\t\n<style>\n#section_113731499 {\n  padding-top: 30px;\n  padding-bottom: 30px;\n}\n<\/style>\n\t<\/section>\n\t\n\n\t\t<\/div>\n\t\t\t\t\t<\/div>\n\n\t\n\n<\/div>\n\t<div id=\"gap-2046353888\" class=\"gap-element clearfix\" style=\"display:block; height:auto;\">\n\t\t\n<style>\n#gap-2046353888 {\n  padding-top: 120px;\n}\n<\/style>\n\t<\/div>\n\t\n\n<div class=\"row align-middle\"  id=\"row-1520964523\">\n\n\n\t<div id=\"col-1229826670\" class=\"col medium-6 small-12 large-6\"  data-animate=\"bounceIn\">\n\t\t\t\t<div class=\"col-inner\"  >\n\t\t\t\n\t\t\t\n\n\n\t<section class=\"section has-hover\" id=\"section_910390827\">\n\t\t<div class=\"section-bg fill\" >\n\t\t\t\t\t\t\t\t\t\n\t\t\t\n\t<div class=\"is-border hover-bounce\"\n\t\tstyle=\"border-color:rgb(254, 201, 41);border-width:0px 0px 0px 40px;\">\n\t<\/div>\n\n\t\t<\/div>\n\n\t\t\n\n\t\t<div class=\"section-content relative\">\n\t\t\t\n\n<div class=\"row row-collapse\"  id=\"row-111196089\">\n\n\n\t<div id=\"col-1547698653\" class=\"col small-12 large-12\"  >\n\t\t\t\t<div class=\"col-inner\"  >\n\t\t\t\n\t\t\t\n\n\n  <div class=\"banner has-hover\" id=\"banner-1670071190\">\n          <div class=\"banner-inner fill\">\n        <div class=\"banner-bg fill\" >\n            <img loading=\"lazy\" decoding=\"async\" width=\"533\" height=\"800\" src=\"https:\/\/belmont-web.com\/wp-content\/uploads\/2020\/08\/roberto-cortese-F1I4IN86NiE-unsplash-533x800.jpg\" class=\"bg attachment-large size-large\" alt=\"e-commerce agence digitale\" title=\"\">                                    \n                    <\/div>\n\t\t\n        <div class=\"banner-layers container\">\n            <div class=\"fill banner-link\"><\/div>            \n\n\n        <\/div>\n      <\/div>\n\n            \n<style>\n#banner-1670071190 {\n  padding-top: 300px;\n  background-color: rgb(255,255,255);\n}\n#banner-1670071190 .banner-bg img {\n  object-position: 100% 53%;\n}\n<\/style>\n  <\/div>\n\n\n\n\t\t<\/div>\n\t\t\t\t\n<style>\n#col-1547698653 > .col-inner {\n  margin: 0px 0px 0px -15px;\n}\n<\/style>\n\t<\/div>\n\n\t\n\n<\/div>\n\n\t\t<\/div>\n\n\t\t\n<style>\n#section_910390827 {\n  padding-top: 30px;\n  padding-bottom: 30px;\n}\n<\/style>\n\t<\/section>\n\t\n\n\t\t<\/div>\n\t\t\t\t\t<\/div>\n\n\t\n\n\t<div id=\"col-949637795\" class=\"col medium-6 small-12 large-6\"  data-animate=\"bounceInRight\">\n\t\t\t\t<div class=\"col-inner\"  >\n\t\t\t\n\t\t\t\n\n<h3>WE TALK ABOUT E-COMMERCE<\/h3>\n<p>Call on our <strong>agence web \u00e0 Gab\u00e8s <\/strong>to accompany you in the adventure of <strong>e-commerce<\/strong>.<\/p>\n<p>Creation of <strong>online sales site <\/strong>or redesign of a <strong>e-shop <\/strong>we offer a variety of solutions adapted to the needs of our customers. <strong>specificities of e-commerce<\/strong>.<\/p>\n<p><strong>Small, medium or large company<\/strong>Our answers are personalized and we can easily work remotely.<\/p>\n\n\t\t<\/div>\n\t\t\t\t\t<\/div>\n\n\t\n\n<\/div>\n\t<div id=\"gap-1561880520\" class=\"gap-element clearfix\" style=\"display:block; height:auto;\">\n\t\t\n<style>\n#gap-1561880520 {\n  padding-top: 120px;\n}\n<\/style>\n\t<\/div>\n\t\n\n\t<div id=\"gap-1350322929\" class=\"gap-element clearfix\" style=\"display:block; height:auto;\">\n\t\t\n<style>\n#gap-1350322929 {\n  padding-top: 40px;\n}\n<\/style>\n\t<\/div>\n\t\n\n\n\t<section class=\"section\" id=\"section_66315045\">\n\t\t<div class=\"section-bg fill\" >\n\t\t\t<img loading=\"lazy\" decoding=\"async\" width=\"2048\" height=\"1365\" src=\"https:\/\/belmont-web.com\/wp-content\/uploads\/2020\/08\/pexels-pixabay-35550-scaled.jpg\" class=\"bg attachment- size-\" alt=\"\" title=\"\">\t\t\t\t\t\t\n\t\t\t\n\n\t\t<\/div>\n\n\t\t\n\n\t\t<div class=\"section-content relative\">\n\t\t\t\n\n\n\t\t<\/div>\n\n\t\t\n<style>\n#section_66315045 {\n  padding-top: 30px;\n  padding-bottom: 30px;\n  min-height: 500px;\n}\n#section_66315045 .section-bg img {\n  object-position: 46% 91%;\n}\n<\/style>\n\t<\/section>\n\t\n\n\t<section class=\"section dark\" id=\"section_278800027\">\n\t\t<div class=\"section-bg fill\" >\n\t\t\t\t\t\t\t\t\t\n\t\t\t\n\n\t\t<\/div>\n\n\t\t\n\n\t\t<div class=\"section-content relative\">\n\t\t\t\n\n<div class=\"row align-right\"  id=\"row-1703827845\">\n\n\n\t<div id=\"col-347825009\" class=\"col medium-10 small-12 large-10\"  data-animate=\"bounceInLeft\">\n\t\t\t\t<div class=\"col-inner\"  >\n\t\t\t\n\t\t\t\n\n<h2 style=\"text-align: center;\">Why go into e-commerce?<\/h2>\n<p>In the digital age, no company can do without a web presence. The <strong>creation of a website<\/strong>the <strong>online communication<\/strong> and the <strong>digital marketing <\/strong>have become essential to gain visibility. Companies that are still hesitating to take this technological step are undoubtedly falling behind their competitors.<\/p>\n<p>Indeed, with the omnipresence of the Internet, the modes of consumption have changed. There are more and more <strong>connected consumers<\/strong>. This is why the <strong>online sales websites <\/strong>have become part of our daily lives. They make shopping easier and save time.<\/p>\n\n\t\t<\/div>\n\t\t\t\t\n<style>\n#col-347825009 > .col-inner {\n  margin: -77px 0px -30px 0px;\n}\n<\/style>\n\t<\/div>\n\n\t\n\n\n<style>\n#row-1703827845 > .col > .col-inner {\n  padding: 60px 60px 40px 60px;\n  background-color: rgb(39, 54, 71);\n}\n<\/style>\n<\/div>\n\t<div id=\"gap-1057048155\" class=\"gap-element clearfix\" style=\"display:block; height:auto;\">\n\t\t\n<style>\n#gap-1057048155 {\n  padding-top: 120px;\n}\n<\/style>\n\t<\/div>\n\t\n\n\n\t\t<\/div>\n\n\t\t\n<style>\n#section_278800027 {\n  padding-top: 30px;\n  padding-bottom: 30px;\n  background-color: rgb(255,255,255);\n}\n<\/style>\n\t<\/section>\n\t\n<div class=\"row\"  id=\"row-1321974159\">\n\n\n\t<div id=\"col-855419320\" class=\"col small-12 large-12\"  >\n\t\t\t\t<div class=\"col-inner\"  >\n\t\t\t\n\t\t\t\n\n<div class=\"row\"  id=\"row-267346658\">\n\n\n\t<div id=\"col-335400028\" class=\"col medium-6 small-12 large-6\"  data-animate=\"bounceInLeft\">\n\t\t\t\t<div class=\"col-inner\"  >\n\t\t\t\n\t\t\t\n\n<p style=\"text-align: left;\">Here are 4 good reasons to get into the undeniably promising sector of <strong>internet commerce <\/strong>:<\/p>\n<ul>\n<li style=\"text-align: left;\">meet the demands of connected consumers<\/li>\n<li style=\"text-align: left;\">attract new customers<\/li>\n<li style=\"text-align: left;\">generate additional sales<\/li>\n<li style=\"text-align: left;\">boost and sustain your business<\/li>\n<\/ul>\n\n\t\t<\/div>\n\t\t\t\t\t<\/div>\n\n\t\n\n\t<div id=\"col-1954263930\" class=\"col medium-6 small-12 large-6\"  data-animate=\"bounceIn\">\n\t\t\t\t<div class=\"col-inner\"  >\n\t\t\t\n\t\t\t\n\n\n\t<section class=\"section has-hover\" id=\"section_1369083014\">\n\t\t<div class=\"section-bg fill\" >\n\t\t\t\t\t\t\t\t\t\n\t\t\t\n\t<div class=\"is-border hover-bounce\"\n\t\tstyle=\"border-color:rgb(0, 117, 186);border-width:0px 0px 0px 40px;\">\n\t<\/div>\n\n\t\t<\/div>\n\n\t\t\n\n\t\t<div class=\"section-content relative\">\n\t\t\t\n\n<div class=\"row row-collapse\"  id=\"row-145592685\">\n\n\n\t<div id=\"col-1467620758\" class=\"col small-12 large-12\"  >\n\t\t\t\t<div class=\"col-inner\"  >\n\t\t\t\n\t<div class=\"is-border\"\n\t\tstyle=\"border-width:0px 0px 50px 0px;\">\n\t<\/div>\n\t\t\t\n\n\n  <div class=\"banner has-hover\" id=\"banner-388738177\">\n          <div class=\"banner-inner fill\">\n        <div class=\"banner-bg fill\" >\n            <img loading=\"lazy\" decoding=\"async\" width=\"533\" height=\"800\" src=\"https:\/\/belmont-web.com\/wp-content\/uploads\/2020\/08\/pexels-anna-shvets-4482900-533x800.jpg\" class=\"bg attachment-large size-large\" alt=\"e-commerce agence digitale\" title=\"\">                                    \n                    <\/div>\n\t\t\n        <div class=\"banner-layers container\">\n            <div class=\"fill banner-link\"><\/div>            \n\n\n        <\/div>\n      <\/div>\n\n            \n<style>\n#banner-388738177 {\n  padding-top: 300px;\n}\n#banner-388738177 .banner-bg img {\n  object-position: 83% 53%;\n}\n<\/style>\n  <\/div>\n\n\n\n\t\t<\/div>\n\t\t\t\t\n<style>\n#col-1467620758 > .col-inner {\n  margin: 0px 0px 0px -15px;\n}\n<\/style>\n\t<\/div>\n\n\t\n\n<\/div>\n\n\t\t<\/div>\n\n\t\t\n<style>\n#section_1369083014 {\n  padding-top: 30px;\n  padding-bottom: 30px;\n}\n<\/style>\n\t<\/section>\n\t\n\n\t\t<\/div>\n\t\t\t\t\t<\/div>\n\n\t\n\n<\/div>\n\n\t\t<\/div>\n\t\t\t\t\t<\/div>\n\n\t\n\n<\/div>\n\t<div id=\"gap-1921567104\" class=\"gap-element clearfix\" style=\"display:block; height:auto;\">\n\t\t\n<style>\n#gap-1921567104 {\n  padding-top: 60px;\n}\n<\/style>\n\t<\/div>\n\t\n\n\n\t<section class=\"section\" id=\"section_1221010146\">\n\t\t<div class=\"section-bg fill\" >\n\t\t\t<img loading=\"lazy\" decoding=\"async\" width=\"1280\" height=\"848\" src=\"https:\/\/belmont-web.com\/wp-content\/uploads\/2020\/08\/ecommerce-Tunisie.png\" class=\"bg attachment- size-\" alt=\"e-commerce agence digitale\" title=\"\">\t\t\t\t\t\t<div class=\"section-bg-overlay absolute fill\"><\/div>\n\t\t\t\n\n\t\t<\/div>\n\n\t\t\n\n\t\t<div class=\"section-content relative\">\n\t\t\t\n\n<div class=\"row align-center\"  id=\"row-319747569\">\n\n\n\t<div id=\"col-831630088\" class=\"col medium-9 small-12 large-9\"  data-animate=\"bounceInUp\">\n\t\t\t\t<div class=\"col-inner\"  >\n\t\t\t\n\t\t\t\n\n<h2 style=\"text-align: center;\">Le march\u00e9 du commerce \u00e9lectronique en Tunisie<\/h2>\n<p><span style=\"font-size: 14.4px;\">Le nombre de centres commerciaux <strong>continue de cro\u00eetre<\/strong> en Tunisie, la pr\u00e9sence du e-commerce en Tunisie <strong>se d\u00e9veloppe<\/strong> \u00e9galement. Ce segment est soutenu par l&#8217;adoption croissante des services Internet par les Tunisiens. <\/span><\/p>\n<p><span style=\"font-size: 14.4px;\">Selon Internet World Stats, les taux de p\u00e9n\u00e9tration d&#8217;internet ont connu une <strong>croissance exponentielle<\/strong> depuis 2000, passant de 17 % en 2006 \u00e0 52 % en 2016, et en mars 2022, la Tunisie affichait le quatri\u00e8me taux de p\u00e9n\u00e9tration des utilisateurs le plus \u00e9lev\u00e9 d&#8217;Afrique, \u00e0 67 %, apr\u00e8s le Kenya, le Liberia et les Seychelles. <\/span><\/p>\n<p><span style=\"font-size: 14.4px;\">En outre, <strong>64 %<\/strong> des Tunisiens sont sur les r\u00e9seaux sociaux, ce qui est <strong>bien sup\u00e9rieur \u00e0 la moyenne nord-africaine<\/strong> de 40 %. La majorit\u00e9, soit 80 %, des transactions en ligne provenaient de paiements de factures, de ventes de billets, de cr\u00e9dits t\u00e9l\u00e9phoniques ou de r\u00e9servations d&#8217;h\u00f4tel, les autres achats restant marginaux, d\u2019o\u00f9 la n\u00e9cessit\u00e9 d\u2019avoir une site E-commerce est\u00a0<strong>indispensable<\/strong>\u00a0aujourd\u2019hui. \u00cates-vous pr\u00eats \u00e0\u00a0<strong>saisir cette chance<\/strong><\/span><span style=\"font-size: 14.4px;\">\u00a0?<\/span><\/p>\n\n\t\t<\/div>\n\t\t\t\t\n<style>\n#col-831630088 > .col-inner {\n  margin: 0px 0px -60px 0px;\n}\n<\/style>\n\t<\/div>\n\n\t\n\n<\/div>\n\n\t\t<\/div>\n\n\t\t\n<style>\n#section_1221010146 {\n  padding-top: 30px;\n  padding-bottom: 30px;\n}\n#section_1221010146 .section-bg-overlay {\n  background-color: rgba(255,255,255,.5);\n}\n<\/style>\n\t<\/section>\n\t\n\n\t<section class=\"section\" id=\"section_2122935159\">\n\t\t<div class=\"section-bg fill\" >\n\t\t\t\t\t\t\t\t\t\n\t\t\t\n\n\t\t<\/div>\n\n\t\t\n\n\t\t<div class=\"section-content relative\">\n\t\t\t\n\n\t<div id=\"gap-1058352145\" class=\"gap-element clearfix\" style=\"display:block; height:auto;\">\n\t\t\n<style>\n#gap-1058352145 {\n  padding-top: 120px;\n}\n<\/style>\n\t<\/div>\n\t\n\n<div class=\"row\"  id=\"row-76550969\">\n\n\n\t<div id=\"col-290816822\" class=\"col small-12 large-12\"  data-animate=\"bounceInLeft\">\n\t\t\t\t<div class=\"col-inner\"  >\n\t\t\t\n\t\t\t\n\n<h2 style=\"text-align: left;\">Create a qualitative and efficient merchant site<\/h2>\n<p style=\"text-align: left;\">At Belmont Web, we know that <strong>e-commerce companies<\/strong> must offer the best user experience to increase their sales. In fact, if a user finds the<strong>online purchase <\/strong>on your difficult, slow or insecure site, it will leave. You will not be able to <strong>convert the visitor into a buyer <\/strong>and thus lose a potential customer.<\/p>\n<p style=\"text-align: left;\">Therefore, a <strong>commercial site <\/strong>must be very well designed to make the purchase natural. Hence the importance of choosing a <strong>digital agency specializing in e-commerce website development <\/strong>like Belmont Web. We have built<strong> grands sites marchands Tunisiens<\/strong> with increased traffic and 50,000 product catalogs online.<\/p>\n<p style=\"text-align: left;\">Our team has experienced internet professionals. We put them at the disposal of our customers at 100 % to carry out their <strong>e-commerce project<\/strong>. You can choose from our custom packages that include hours of digital marketing, project management and web development.<\/p>\n<p style=\"text-align: left;\">Belmont Web works with <strong>best e-commerce CMS<\/strong> current, such as <strong>Prestashop<\/strong> and <strong>Woocommerce<\/strong>. These are special software solutions for creating and administering a <strong>e-commerce site for small and medium-sized businesses<\/strong> in particular. We recommend that you avoid discount offers and shared hosting which are not adapted to a <strong>online sales activity<\/strong>.<\/p>\n<p style=\"text-align: left;\">Our team delivers<strong> attractive websites<\/strong> with a <strong>quality content <\/strong>and a design in <strong>responsive design<\/strong>. We ensure that page load times are minimal to attract and retain maximum traffic. L'<strong>user experience <\/strong>se trouve au c\u0153ur de nos pr\u00e9occupations.<\/p>\n<p style=\"text-align: left;\">Entrust us with your merchant website. It will be your best seller.<\/p>\n\n\t\t<\/div>\n\t\t\t\t\t<\/div>\n\n\t\n\n<\/div>\n\n\t\t<\/div>\n\n\t\t\n<style>\n#section_2122935159 {\n  padding-top: 30px;\n  padding-bottom: 30px;\n}\n<\/style>\n\t<\/section>\n\t\n\n\t<section class=\"section\" id=\"section_55163463\">\n\t\t<div class=\"section-bg fill\" >\n\t\t\t\t\t\t\t\t\t<div class=\"section-bg-overlay absolute fill\"><\/div>\n\t\t\t\n\n\t\t<\/div>\n\n\t\t\n\n\t\t<div class=\"section-content relative\">\n\t\t\t\n\n<div class=\"row align-center\"  id=\"row-2104911892\">\n\n\n\t<div id=\"col-55707508\" class=\"col medium-9 small-12 large-9\"  >\n\t\t\t\t<div class=\"col-inner text-center\"  >\n\t\t\t\n\t\t\t\n\n<p style=\"text-align: center;\"><strong>LISTENING TO YOU<br \/><\/strong><strong>Tell us about your <\/strong><strong>e-commerce website project<\/strong><strong>.<\/strong><\/p>\n<p style=\"text-align: center;\"><strong>Contact our digital agency.<\/strong><\/p>\n\n\t\t<\/div>\n\t\t\t\t\n<style>\n#col-55707508 > .col-inner {\n  margin: 0px 0px -20px 0px;\n}\n<\/style>\n\t<\/div>\n\n\t\n\n<\/div>\n<div class=\"row align-center\"  id=\"row-1063089785\">\n\n\n\t<div id=\"col-2120755413\" class=\"col medium-6 small-12 large-6\"  >\n\t\t\t\t<div class=\"col-inner text-left\"  >\n\t\t\t\n\t\t\t\n\n\n<div class=\"wpcf7 no-js\" id=\"wpcf7-f8-o1\" lang=\"en-US\" dir=\"ltr\" data-wpcf7-id=\"8\">\n<div class=\"screen-reader-response\"><p role=\"status\" aria-live=\"polite\" aria-atomic=\"true\"><\/p> <ul><\/ul><\/div>\n<form action=\"\/en\/wp-json\/wp\/v2\/pages\/4488#wpcf7-f8-o1\" method=\"post\" class=\"wpcf7-form init\" aria-label=\"Contact form\" novalidate=\"novalidate\" data-status=\"init\" data-trp-original-action=\"\/en\/wp-json\/wp\/v2\/pages\/4488#wpcf7-f8-o1\">\n<div style=\"display: none;\">\n<input type=\"hidden\" name=\"_wpcf7\" value=\"8\" \/>\n<input type=\"hidden\" name=\"_wpcf7_version\" value=\"6.0.4\" \/>\n<input type=\"hidden\" name=\"_wpcf7_locale\" value=\"en_US\" \/>\n<input type=\"hidden\" name=\"_wpcf7_unit_tag\" value=\"wpcf7-f8-o1\" \/>\n<input type=\"hidden\" name=\"_wpcf7_container_post\" value=\"0\" \/>\n<input type=\"hidden\" name=\"_wpcf7_posted_data_hash\" value=\"\" \/>\n<\/div>\n<div class=\"form\">\n\t<p><span class=\"wpcf7-form-control-wrap\" data-name=\"your-name\"><input size=\"40\" maxlength=\"400\" class=\"wpcf7-form-control wpcf7-text wpcf7-validates-as-required\" aria-required=\"true\" aria-invalid=\"false\" placeholder=\"First and last name\" value=\"\" type=\"text\" name=\"your-name\" \/><\/span><br \/>\n<span class=\"wpcf7-form-control-wrap\" data-name=\"your-email\"><input size=\"40\" maxlength=\"400\" class=\"wpcf7-form-control wpcf7-email wpcf7-validates-as-required wpcf7-text wpcf7-validates-as-email\" aria-required=\"true\" aria-invalid=\"false\" placeholder=\"Email\" value=\"\" type=\"email\" name=\"your-email\" \/><\/span><br \/>\n<span class=\"wpcf7-form-control-wrap\" data-name=\"your-tel\"><input size=\"40\" maxlength=\"400\" class=\"wpcf7-form-control wpcf7-tel wpcf7-validates-as-required wpcf7-text wpcf7-validates-as-tel\" aria-required=\"true\" aria-invalid=\"false\" placeholder=\"Phone\" value=\"\" type=\"tel\" name=\"your-tel\" \/><\/span><br \/>\n<span class=\"wpcf7-form-control-wrap\" data-name=\"your-message\"><textarea cols=\"40\" rows=\"10\" maxlength=\"2000\" class=\"wpcf7-form-control wpcf7-textarea wpcf7-validates-as-required\" aria-required=\"true\" aria-invalid=\"false\" placeholder=\"Message\" name=\"your-message\"><\/textarea><\/span><br \/>\n<span class=\"wpcf7-form-control-wrap bwscaptcha-287\" data-name=\"bwscaptcha-287\"><input style=\"display:none;\" class=\"wpcf7-form-control wpcf7-bwscaptcha\" aria-required=\"true\" type=\"text\" name=\"bwscaptcha-287\" value=\"\" \/><p class=\"cptch_block\"><span class=\"cptch_title cptch_to_remove\">Human?<span class=\"required\"> *<\/span><\/span><span id=\"cptch_time_limit_notice_70\" class=\"cptch_time_limit_notice cptch_to_remove\">Time limit exceeded. Please complete the captcha once again.<\/span><span class=\"cptch_wrap cptch_math_actions\">\n\t\t\t\t<label class=\"cptch_label\" for=\"cptch_input_70\"><span class=\"cptch_span\"><input id=\"cptch_input_70\" class=\"cptch_input wpcf7-form-control wpcf7-bwscaptcha\" type=\"text\" autocomplete=\"off\" name=\"bwscaptcha-287\" value=\"\" maxlength=\"2\" size=\"2\" aria-required=\"true\" required=\"required\" style=\"margin-bottom:0;display:inline;font-size: 12px;width: 40px;\" \/><\/span>\n\t\t\t\t\t<span class=\"cptch_span\">&nbsp;&#43;&nbsp;<\/span>\n\t\t\t\t\t<span class=\"cptch_span\">1<\/span>\n\t\t\t\t\t<span class=\"cptch_span\">&nbsp;=&nbsp;<\/span>\n\t\t\t\t\t<span class=\"cptch_span\">10<\/span><input type=\"hidden\" name=\"cptch_form\" value=\"cf7_contact\" \/>\n\t\t\t\t<\/label><span class=\"cptch_reload_button_wrap hide-if-no-js\">\n\t\t\t\t\t<noscript>\n\t\t\t\t\t\t<style type=\"text\/css\">\n\t\t\t\t\t\t\t.hide-if-no-js {\n\t\t\t\t\t\t\t\tdisplay: none !important;\n\t\t\t\t\t\t\t}\n\t\t\t\t\t\t<\/style>\n\t\t\t\t\t<\/noscript>\n\t\t\t\t\t<span class=\"cptch_reload_button dashicons dashicons-update\"><\/span>\n\t\t\t\t<\/span><\/span><\/p><\/span><br \/>\n<input class=\"wpcf7-form-control wpcf7-submit has-spinner button\" type=\"submit\" value=\"Send\" \/>\n\t<\/p>\n<\/div><div class=\"wpcf7-response-output\" aria-hidden=\"true\"><\/div>\n<input type=\"hidden\" name=\"trp-form-language\" value=\"en\"\/><\/form>\n<\/div>\n\n\n\n\t\t<\/div>\n\t\t\t\t\t<\/div>\n\n\t\n\n<\/div>\n\n\t\t<\/div>\n\n\t\t\n<style>\n#section_55163463 {\n  padding-top: 30px;\n  padding-bottom: 30px;\n}\n#section_55163463 .section-bg-overlay {\n  background-color: rgb(241, 241, 241);\n}\n<\/style>\n\t<\/section>","protected":false},"excerpt":{"rendered":"","protected":false},"author":9,"featured_media":0,"parent":0,"menu_order":0,"comment_status":"closed","ping_status":"closed","template":"page-transparent-header-light.php","meta":{"footnotes":""},"class_list":["post-4488","page","type-page","status-publish","hentry"],"_links":{"self":[{"href":"https:\/\/belmont-web.com\/en\/wp-json\/wp\/v2\/pages\/4488","targetHints":{"allow":["GET"]}}],"collection":[{"href":"https:\/\/belmont-web.com\/en\/wp-json\/wp\/v2\/pages"}],"about":[{"href":"https:\/\/belmont-web.com\/en\/wp-json\/wp\/v2\/types\/page"}],"author":[{"embeddable":true,"href":"https:\/\/belmont-web.com\/en\/wp-json\/wp\/v2\/users\/9"}],"replies":[{"embeddable":true,"href":"https:\/\/belmont-web.com\/en\/wp-json\/wp\/v2\/comments?post=4488"}],"version-history":[{"count":5,"href":"https:\/\/belmont-web.com\/en\/wp-json\/wp\/v2\/pages\/4488\/revisions"}],"predecessor-version":[{"id":8260,"href":"https:\/\/belmont-web.com\/en\/wp-json\/wp\/v2\/pages\/4488\/revisions\/8260"}],"wp:attachment":[{"href":"https:\/\/belmont-web.com\/en\/wp-json\/wp\/v2\/media?parent=4488"}],"curies":[{"name":"wp","href":"https:\/\/api.w.org\/{rel}","templated":true}]}}