{"id":6048,"date":"2021-09-20T10:27:52","date_gmt":"2021-09-20T08:27:52","guid":{"rendered":"https:\/\/belmont-web.com\/?page_id=6048"},"modified":"2022-08-22T18:33:31","modified_gmt":"2022-08-22T16:33:31","slug":"conditions-generales","status":"publish","type":"page","link":"https:\/\/belmont-web.com\/en\/general-conditions\/","title":{"rendered":"Terms and Conditions"},"content":{"rendered":"<p><strong>GENERAL CONDITIONS<br><br><\/strong><strong>The signature of a quote, as well as the payment of an invoice from Belmont Web S\u00e0rl is equivalent to the acceptance of the present general conditions of services.<\/strong><\/p>\n\n\n\n<p><strong>ARTICLE 1 - THE PARTIES <\/strong>The term customer refers to any legal or physical person, having required the skills of the company Belmont Web S\u00e0rl for any services or realizations of web products. The customer declares to have the full legal capacity to commit himself under these general conditions of sale. The term Belmont Web S\u00e0rl designates the commercial name of the company, designated as the provider. The term third party refers to any natural or legal person not party to the contract.<\/p>\n\n\n\n<p><strong>ARTICLE 2 - PURPOSE OF THE CONTRACT <\/strong>The contract establishes the commercial relationship between Belmont Web Ltd. and the customer.<\/p>\n\n\n\n<p><strong>ARTICLE 3 - CONTRACTUAL RELATIONS <\/strong>Aucun contact t\u00e9l\u00e9phonique, ni rendez-vous, ne vaut engagement. Avant toute commande, le prestataire \u00e9dite et envoie un devis au client. Le devis est d\u00e9clar\u00e9 ferme et d\u00e9finitif et donne naissance aux obligations entre les parties d\u00e8s r\u00e9ception par retour de courrier (postal ou \u00e9lectronique) du document dat\u00e9 et sign\u00e9, accompagn\u00e9 d&#8217;un acompte entre 30 et 50% du montant total du devis. (Une facture d&#8217;acompte vous sera envoy\u00e9e par email) Le solde est ensuite payable d\u00e8s r\u00e9ception de la facture, apr\u00e8s r\u00e9alisation de la prestation. Le devis servant de bon de commande et donc de contrat, sera consid\u00e9r\u00e9 comme valid\u00e9 une fois le premier paiement effectu\u00e9. Le prestataire ne d\u00e9butera aucun d\u00e9veloppement avant r\u00e9ception du premier versement (site web). Cette disposition est un \u00e9l\u00e9ment essentiel du contrat. Concernant les prestations de r\u00e9f\u00e9rencement, celles-ci sont factur\u00e9es apr\u00e8s r\u00e9alisation de la prestation. En fonction de la prestation choisie, la r\u00e9alisation compl\u00e8te du r\u00e9f\u00e9rencement prend plusieurs mois. La dur\u00e9e est alors indiqu\u00e9e sur le devis.<\/p>\n\n\n\n<p><strong>ARTICLE 4 - PROCESSING AND SENDING OF FILES BY THE CUSTOMER <\/strong>The client is responsible for sending all files (texts, fonts and images, even from third parties, free of rights, structure and\/or data model) to the service provider before the start of the development. Photos must be provided in electronic format, as well as texts of several hundred lines. Belmont Web S\u00e0rl cannot be held responsible for spelling mistakes in the texts provided by the customer, however, Belmont Web S\u00e0rl will carry out a proofreading of the texts at the time of the insertion of the contents to the Web site. If the customer wants a particular font, he must insert it in his submissions (in case of fonts not free of right, the cost of the license will be charged to the customer). The images are to be provided in a sufficient size and resolution (non-disturbed, min 100 dpi), to guarantee a good rendering of the final website.<\/p>\n\n\n\n<p><strong>ARTICLE 5 - MODIFICATION OF THE INITIAL REQUEST BY THE CUSTOMER <\/strong>Any new development to be carried out will be the subject of a new estimate. If the modifications or the resumption of the developments envisaged in your estimate generate an intervention:<\/p>\n\n\n\n<p>\u00a0- whose duration is clearly excessive in relation to the time normally required for development,<br>- whose nature tends to significantly modify the developments proposed in the specifications<br>&#8211; n\u00e9cessite le traitement des sources afin de les rendre exploitables pour r\u00e9aliser le d\u00e9veloppement ou le param\u00e9trage du d\u00e9veloppement (notamment pour l&#8217;insertion de donn\u00e9es dans une base MySQL), une facturation suppl\u00e9mentaire sera \u00e9tablie sur la base d&#8217;un tarif horaire.<\/p>\n\n\n\n<p><strong>ARTICLE 6 - MODIFICATION OF THE TIME LIMIT <\/strong>Significant changes, rework, delays in decision-making or late delivery of documents by the customer that are necessary for the development, will postpone the delivery deadline agreed between the parties.<\/p>\n\n\n\n<p><strong>ARTICLE 7- TRANSFER OF RIGHTS <\/strong>The transfer of the rights of use and modification of the developments carried out by the provider will take effect only after the complete collection of the invoiced amounts, except contrary provisions mentioned on the estimate and\/or the invoice. The provider will then be able to intervene on the realization only at the written request of the customer. Of course, this transfer does not concern the right of diffusion of the development on the web.<\/p>\n\n\n\n<p><strong>ARTICLE 8 - PAYMENT CONDITIONS <\/strong>Les d\u00e9veloppements doivent \u00eatre r\u00e9gl\u00e9s au comptant. Le r\u00e8glement devra parvenir \u00e0 \u2013 Belmont Web S\u00e0rl, Av. Mongi Slim &#8211; par stripe ou par virement bancaire suivant la date d&#8217;\u00e9ch\u00e9ance sp\u00e9cifi\u00e9e sur la facture.<\/p>\n\n\n\n<p><strong>ARTICLE 9 - PENALTIES FOR LATE PAYMENT <\/strong>Pour les clients, application d&#8217;une indemnit\u00e9 forfaitaire pour frais de recouvrement.<\/p>\n\n\n\n<p><strong>ARTICLE 10 - FORCE MAJEURE <\/strong>The parties shall not be held liable or in default of their contractual obligations when the failure to perform their obligations is due to force majeure; the contract between the parties shall be suspended until the causes of the force majeure have been removed.<\/p>\n\n\n\n<p>The force majeure takes into account facts or circumstances irresistible, external to the parties, unforeseeable and independent of the will of the parties, despite all efforts reasonably possible to prevent them. Are also considered as force majeure, the blocking of means of transport or supplies, earthquakes, fires, storms, floods, lightning, the stoppage of telecommunication networks and in particular all networks accessible via the Internet, or difficulties specific to telecommunication networks outside the parties. The party affected by the force majeure shall notify the other party within five (5) working days following the date on which it becomes aware of it. The two parties will then agree on the conditions under which the execution of the contract will be continued.<\/p>\n\n\n\n<p><strong>ARTICLE 11 &#8211; PROMOTION DES CR\u00c9ATIONS <\/strong>Unless otherwise agreed in writing, the service provider may distribute all creations made, either for the customer or for a third party for which the customer intervenes, for the purpose of 'presentation of creations' on all types of media without limitation of time. An article written on your site concerning 'Belmont Web - creation of Internet site' can be affixed on the web creations carried out with a link towards the site www.Belmont-web.com being related to the nature of the developments, this one can be brought to change and the adequate term retained will remain with the appreciation of the provider.<\/p>\n\n\n\n<p><strong>ARTICLE 12 \u2013 TRANSFERT D\u2019ACTIVIT\u00c9S <\/strong>It may also be passed on to companies that contribute to this relationship, such as those responsible for the execution of services and orders for their management, execution, processing and payment. Commercial contracts may also be transferred to a third party without changing the contractual obligations of the provider and the customer.<\/p>\n\n\n\n<p><strong>ARTICLE 12 &#8211; LES CONDITIONS G\u00c9N\u00c9RALES DE VENTE <\/strong>The Provider may modify, add or delete provisions to these terms and conditions without prior notice to its customers or third parties.<\/p>\n\n\n\n<p><strong>ARTICLE 13 - DISPUTE RESOLUTION <\/strong>Tout litige en rapport avec les pr\u00e9sentes Conditions g\u00e9n\u00e9rales et tout Contrat sign\u00e9, sa conclusion, son ex\u00e9cution ou sa r\u00e9siliation soumis au droit Tunisien. Il est fait attribution exclusive de juridiction aux tribunaux comp\u00e9tents de Gab\u00e8s.<\/p>","protected":false},"excerpt":{"rendered":"<p>CONDITIONS G\u00c9N\u00c9RALES La signature d&#8217;un devis, ainsi que le paiement d\u2019une facture de Belmont Web S\u00e0rl vaut acceptation des pr\u00e9sentes conditions g\u00e9n\u00e9rales des prestations. ARTICLE 1 &#8211; LES PARTIES Le terme client d\u00e9signe toute personne morale ou physique, ayant requis les comp\u00e9tences de l&#8217;entreprise Belmont Web S\u00e0rl pour toutes prestations ou r\u00e9alisations de produits web. [&#8230;]","protected":false},"author":1,"featured_media":0,"parent":0,"menu_order":0,"comment_status":"closed","ping_status":"closed","template":"","meta":{"footnotes":""},"class_list":["post-6048","page","type-page","status-publish","hentry"],"_links":{"self":[{"href":"https:\/\/belmont-web.com\/en\/wp-json\/wp\/v2\/pages\/6048","targetHints":{"allow":["GET"]}}],"collection":[{"href":"https:\/\/belmont-web.com\/en\/wp-json\/wp\/v2\/pages"}],"about":[{"href":"https:\/\/belmont-web.com\/en\/wp-json\/wp\/v2\/types\/page"}],"author":[{"embeddable":true,"href":"https:\/\/belmont-web.com\/en\/wp-json\/wp\/v2\/users\/1"}],"replies":[{"embeddable":true,"href":"https:\/\/belmont-web.com\/en\/wp-json\/wp\/v2\/comments?post=6048"}],"version-history":[{"count":5,"href":"https:\/\/belmont-web.com\/en\/wp-json\/wp\/v2\/pages\/6048\/revisions"}],"predecessor-version":[{"id":8224,"href":"https:\/\/belmont-web.com\/en\/wp-json\/wp\/v2\/pages\/6048\/revisions\/8224"}],"wp:attachment":[{"href":"https:\/\/belmont-web.com\/en\/wp-json\/wp\/v2\/media?parent=6048"}],"curies":[{"name":"wp","href":"https:\/\/api.w.org\/{rel}","templated":true}]}}