{"id":4343,"date":"2020-07-28T15:49:55","date_gmt":"2020-07-28T13:49:55","guid":{"rendered":"https:\/\/belmont-web.com\/?page_id=4343"},"modified":"2020-08-11T14:12:49","modified_gmt":"2020-08-11T12:12:49","slug":"cms","status":"publish","type":"page","link":"https:\/\/belmont-web.com\/es\/cms\/","title":{"rendered":"CMS"},"content":{"rendered":"<section class=\"section\" id=\"section_560863634\">\n\t\t<div class=\"section-bg fill\" >\n\t\t\t<img loading=\"lazy\" decoding=\"async\" width=\"2048\" height=\"1103\" src=\"https:\/\/belmont-web.com\/wp-content\/uploads\/2020\/08\/pexels-monoar-rahman-109371-scaled.jpg\" class=\"bg attachment-original size-original\" alt=\"agencia digital cms\" title=\"\">\t\t\t\t\t\t\n\t\t\t\n\n\t\t<\/div>\n\n\t\t\n\n\t\t<div class=\"section-content relative\">\n\t\t\t\n\n<div class=\"row row-large align-middle align-center\"  id=\"row-1421776005\">\n\n\n<\/div>\n\n\t\t<\/div>\n\n\t\t\n<style>\n#section_560863634 {\n  padding-top: 30px;\n  padding-bottom: 30px;\n  min-height: 400px;\n  background-color: rgb(240, 240, 240);\n}\n#section_560863634 .section-bg img {\n  object-position: 52% 60%;\n}\n<\/style>\n\t<\/section>\n\t\n\n\t<section class=\"section\" id=\"section_431290080\">\n\t\t<div class=\"section-bg fill\" >\n\t\t\t\t\t\t\t\t\t\n\t\t\t\n\n\t\t<\/div>\n\n\t\t\n\n\t\t<div class=\"section-content relative\">\n\t\t\t\n\n<div class=\"row\"  id=\"row-891067132\">\n\n\n\t<div id=\"col-204340981\" class=\"col medium-9 small-12 large-9\"  data-animate=\"bounceInRight\">\n\t\t\t\t<div class=\"col-inner\" style=\"background-color:rgb(39, 54, 71);\" >\n\t\t\t\n\t\t\t\n\n<h2 style=\"color: white;\">\u00bfNecesita crear un sitio web con un CMS?<br \/>\u00a1Est\u00e1s en el lugar correcto!<\/h2>\n<p style=\"color: #ddd;\">Belmont Web es un <strong>agencia digital<\/strong> Tunisie sp\u00e9cialiste de la <strong>dise\u00f1o de sitios web orientados al usuario <\/strong>y su gesti\u00f3n.<\/p>\n<p class=\"thin-font\" style=\"color: #ddd;\"><strong>Referencia natural<\/strong>,<strong> SEO<\/strong>, <strong>comunicaci\u00f3n digital<\/strong> y <strong>marketing<\/strong> <strong>web <\/strong>est\u00e1n en el coraz\u00f3n de nuestro negocio.<\/p>\n<p style=\"color: #ddd;\">En nuestra empresa, encontrar\u00e1<strong> soluciones eficaces <\/strong>para mejorar de forma sostenible la <strong>visibilidad de su empresa en la web<\/strong>. Trabajemos juntos para <strong>alcanzar sus objetivos r\u00e1pidamente<\/strong>.&nbsp;<\/p>\n\n\t\t<\/div>\n\t\t\t\t\n<style>\n#col-204340981 > .col-inner {\n  padding: 60px 60px 60px 60px;\n  margin: -77px 0px 0px 0px;\n}\n<\/style>\n\t<\/div>\n\n\t\n\n<\/div>\n\t<div id=\"gap-1490666617\" class=\"gap-element clearfix\" style=\"display:block; height:auto;\">\n\t\t\n<style>\n#gap-1490666617 {\n  padding-top: 120px;\n}\n<\/style>\n\t<\/div>\n\t\n\n\n\t\t<\/div>\n\n\t\t\n<style>\n#section_431290080 {\n  padding-top: 30px;\n  padding-bottom: 30px;\n  margin-bottom: -30px;\n}\n<\/style>\n\t<\/section>\n\t\n\t<div id=\"gap-1701041636\" class=\"gap-element clearfix\" style=\"display:block; height:auto;\">\n\t\t\n<style>\n#gap-1701041636 {\n  padding-top: 30px;\n}\n<\/style>\n\t<\/div>\n\t\n\n<div class=\"row row-large align-middle\"  id=\"row-164921570\">\n\n\n\t<div id=\"col-1468509701\" class=\"col medium-6 small-12 large-6\"  data-animate=\"fadeInLeft\">\n\t\t\t\t<div class=\"col-inner text-left\"  >\n\t\t\t\n\t\t\t\n\n<h3>ASISTENCIA SOBRE LAS MEJORES OPCIONES<\/h3>\n<p>\u00bfNo est\u00e1 seguro de qu\u00e9 sistema de gesti\u00f3n de contenidos elegir?<\/p>\n<p>\u00bfEs mejor optar por un CMS Wordpress o un CMS Joomla?<\/p>\n<p>\u00bfPor qu\u00e9 es importante la elecci\u00f3n de un buen CMS?<\/p>\n<p>\u00bfCu\u00e1l es el mejor CMS para un sitio de comercio electr\u00f3nico?<\/p>\n\n\t\t<\/div>\n\t\t\t\t\n<style>\n#col-1468509701 > .col-inner {\n  margin: 0px 0px -50px 0px;\n}\n<\/style>\n\t<\/div>\n\n\t\n\n\t<div id=\"col-1718922077\" class=\"col medium-6 small-12 large-6\"  data-animate=\"bounceIn\">\n\t\t\t\t<div class=\"col-inner\"  >\n\t\t\t\n\t\t\t\n\n\n\t<section class=\"section has-hover\" id=\"section_1050485071\">\n\t\t<div class=\"section-bg fill\" >\n\t\t\t\t\t\t\t\t\t\n\t\t\t\n\t<div class=\"is-border hover-bounce\"\n\t\tstyle=\"border-color:rgb(251, 176, 85);border-width:0px 0px 0px 40px;\">\n\t<\/div>\n\n\t\t<\/div>\n\n\t\t\n\n\t\t<div class=\"section-content relative\">\n\t\t\t\n\n<div class=\"row row-collapse\"  id=\"row-837081673\">\n\n\n\t<div id=\"col-1189321997\" class=\"col small-12 large-12\"  >\n\t\t\t\t<div class=\"col-inner\"  >\n\t\t\t\n\t\t\t\n\n\n  <div class=\"banner has-hover\" id=\"banner-1620483154\">\n          <div class=\"banner-inner fill\">\n        <div class=\"banner-bg fill\" >\n            <img loading=\"lazy\" decoding=\"async\" width=\"1800\" height=\"1200\" src=\"https:\/\/belmont-web.com\/wp-content\/uploads\/2020\/07\/cms-assistance.jpg\" class=\"bg attachment-original size-original\" alt=\"agencia digital cms\" title=\"\">                                    \n                    <\/div>\n\t\t\n        <div class=\"banner-layers container\">\n            <div class=\"fill banner-link\"><\/div>            \n\n   <div id=\"text-box-460377707\" class=\"text-box banner-layer x50 md-x50 lg-x50 y50 md-y50 lg-y50 res-text\">\n                                <div class=\"text-box-content text dark\">\n              \n              <div class=\"text-inner text-center\">\n                  \n\n\n              <\/div>\n           <\/div>\n                            \n<style>\n#text-box-460377707 {\n  width: 60%;\n}\n#text-box-460377707 .text-box-content {\n  font-size: 100%;\n}\n<\/style>\n    <\/div>\n \n\n        <\/div>\n      <\/div>\n\n              <div class=\"height-fix is-invisible\"><img loading=\"lazy\" decoding=\"async\" width=\"1800\" height=\"1200\" src=\"https:\/\/belmont-web.com\/wp-content\/uploads\/2020\/07\/cms-assistance.jpg\" class=\"attachment-original size-original\" alt=\"agencia digital cms\" srcset=\"https:\/\/belmont-web.com\/wp-content\/uploads\/2020\/07\/cms-assistance.jpg 1800w, https:\/\/belmont-web.com\/wp-content\/uploads\/2020\/07\/cms-assistance-600x400.jpg 600w, https:\/\/belmont-web.com\/wp-content\/uploads\/2020\/07\/cms-assistance-1200x800.jpg 1200w, https:\/\/belmont-web.com\/wp-content\/uploads\/2020\/07\/cms-assistance-768x512.jpg 768w, https:\/\/belmont-web.com\/wp-content\/uploads\/2020\/07\/cms-assistance-1536x1024.jpg 1536w\" sizes=\"auto, (max-width: 1800px) 100vw, 1800px\" title=\"\"><\/div>\n              <\/div>\n\n\n\n\t\t<\/div>\n\t\t\t\t\n<style>\n#col-1189321997 > .col-inner {\n  margin: 0px 0px 0px -15px;\n}\n<\/style>\n\t<\/div>\n\n\t\n\n<\/div>\n\n\t\t<\/div>\n\n\t\t\n<style>\n#section_1050485071 {\n  padding-top: 30px;\n  padding-bottom: 30px;\n}\n<\/style>\n\t<\/section>\n\t\n\n\t\t<\/div>\n\t\t\t\t\n<style>\n#col-1718922077 > .col-inner {\n  margin: 0px 0px -50px 0px;\n}\n<\/style>\n\t<\/div>\n\n\t\n\n<\/div>\n\t<div id=\"gap-1398255392\" class=\"gap-element clearfix\" style=\"display:block; height:auto;\">\n\t\t\n<style>\n#gap-1398255392 {\n  padding-top: 120px;\n}\n<\/style>\n\t<\/div>\n\t\n\n<div class=\"row align-middle\"  id=\"row-2141270574\">\n\n\n\t<div id=\"col-796611225\" class=\"col medium-6 small-12 large-6\"  data-animate=\"bounceIn\">\n\t\t\t\t<div class=\"col-inner\"  >\n\t\t\t\n\t\t\t\n\n\n\t<section class=\"section has-hover\" id=\"section_1885978227\">\n\t\t<div class=\"section-bg fill\" >\n\t\t\t\t\t\t\t\t\t\n\t\t\t\n\t<div class=\"is-border hover-bounce\"\n\t\tstyle=\"border-color:rgb(111, 166, 212);border-width:0px 0px 0px 40px;\">\n\t<\/div>\n\n\t\t<\/div>\n\n\t\t\n\n\t\t<div class=\"section-content relative\">\n\t\t\t\n\n<div class=\"row row-collapse\"  id=\"row-316174767\">\n\n\n\t<div id=\"col-1792389785\" class=\"col small-12 large-12\"  >\n\t\t\t\t<div class=\"col-inner\"  >\n\t\t\t\n\t\t\t\n\n\n  <div class=\"banner has-hover\" id=\"banner-1182527070\">\n          <div class=\"banner-inner fill\">\n        <div class=\"banner-bg fill\" >\n            <img loading=\"lazy\" decoding=\"async\" width=\"1020\" height=\"680\" src=\"https:\/\/belmont-web.com\/wp-content\/uploads\/2020\/04\/seo_investissement_Tunisie_Tunisie-1200x800.jpeg\" class=\"bg attachment-large size-large\" alt=\"services seo different en Tunisie et Tunisie\" title=\"\">                                    \n                    <\/div>\n\t\t\n        <div class=\"banner-layers container\">\n            <div class=\"fill banner-link\"><\/div>            \n\n   <div id=\"text-box-894819236\" class=\"text-box banner-layer x50 md-x50 lg-x50 y50 md-y50 lg-y50 res-text\">\n                                <div class=\"text-box-content text dark\">\n              \n              <div class=\"text-inner text-center\">\n                  \n\n\n              <\/div>\n           <\/div>\n                            \n<style>\n#text-box-894819236 {\n  width: 60%;\n}\n#text-box-894819236 .text-box-content {\n  font-size: 100%;\n}\n<\/style>\n    <\/div>\n \n\n        <\/div>\n      <\/div>\n\n              <div class=\"height-fix is-invisible\"><img loading=\"lazy\" decoding=\"async\" width=\"1020\" height=\"680\" src=\"https:\/\/belmont-web.com\/wp-content\/uploads\/2020\/04\/seo_investissement_Tunisie_Tunisie-1200x800.jpeg\" class=\"attachment-large size-large\" alt=\"services seo different en Tunisie et Tunisie\" srcset=\"https:\/\/belmont-web.com\/wp-content\/uploads\/2020\/04\/seo_investissement_Tunisie_Tunisie-1200x800.jpeg 1200w, https:\/\/belmont-web.com\/wp-content\/uploads\/2020\/04\/seo_investissement_Tunisie_Tunisie-600x400.jpeg 600w, https:\/\/belmont-web.com\/wp-content\/uploads\/2020\/04\/seo_investissement_Tunisie_Tunisie-768x512.jpeg 768w, https:\/\/belmont-web.com\/wp-content\/uploads\/2020\/04\/seo_investissement_Tunisie_Tunisie-1536x1024.jpeg 1536w, https:\/\/belmont-web.com\/wp-content\/uploads\/2020\/04\/seo_investissement_Tunisie_Tunisie-scaled.jpeg 2048w\" sizes=\"auto, (max-width: 1020px) 100vw, 1020px\" title=\"\"><\/div>\n              <\/div>\n\n\n\n\t\t<\/div>\n\t\t\t\t\n<style>\n#col-1792389785 > .col-inner {\n  margin: 0px 0px 0px -15px;\n}\n<\/style>\n\t<\/div>\n\n\t\n\n<\/div>\n\n\t\t<\/div>\n\n\t\t\n<style>\n#section_1885978227 {\n  padding-top: 30px;\n  padding-bottom: 30px;\n}\n<\/style>\n\t<\/section>\n\t\n\n\t\t<\/div>\n\t\t\t\t\t<\/div>\n\n\t\n\n\t<div id=\"col-1888373282\" class=\"col medium-6 small-12 large-6 small-col-first\"  data-animate=\"bounceInRight\">\n\t\t\t\t<div class=\"col-inner text-left\"  >\n\t\t\t\n\t\t\t\n\n<h3>INVERSI\u00d3N SOSTENIBLE<\/h3>\n<p>Recurra a nuestro <strong>agence web \u00e0 Gab\u00e8s <\/strong>para <strong>mejorar el SEO de su sitio web<\/strong>. Se trata de una optimizaci\u00f3n de los motores de b\u00fasqueda, <strong>Optimizaci\u00f3n de los motores de b\u00fasqueda<\/strong> en ingl\u00e9s.<\/p>\n<p>Le ofrecemos varios<strong> soluciones a medida <\/strong>a sus limitaciones y expectativas. <strong>Peque\u00f1as, medianas o grandes empresas<\/strong>Nuestras respuestas son personalizadas y podemos trabajar f\u00e1cilmente a distancia.<\/p>\n\n\t\t<\/div>\n\t\t\t\t\n<style>\n#col-1888373282 > .col-inner {\n  margin: 0px 0px -60px 0px;\n}\n<\/style>\n\t<\/div>\n\n\t\n\n\n<style>\n#row-2141270574 > .col > .col-inner {\n  padding: 60px 0px 60px 0px;\n}\n<\/style>\n<\/div>\n\t<div id=\"gap-179591828\" class=\"gap-element clearfix\" style=\"display:block; height:auto;\">\n\t\t\n<style>\n#gap-179591828 {\n  padding-top: 120px;\n}\n<\/style>\n\t<\/div>\n\t\n\n\n\t<section class=\"section\" id=\"section_896980822\">\n\t\t<div class=\"section-bg fill\" >\n\t\t\t<img loading=\"lazy\" decoding=\"async\" width=\"2048\" height=\"1365\" src=\"https:\/\/belmont-web.com\/wp-content\/uploads\/2020\/08\/stephen-phillips-hostreviews-co-uk-zRNvl3EUdw-unsplash-scaled.jpg\" class=\"bg attachment-original size-original\" alt=\"agencia digital cms\" title=\"\">\t\t\t\t\t\t\n\t\t\t\n\n\t\t<\/div>\n\n\t\t\n\n\t\t<div class=\"section-content relative\">\n\t\t\t\n\n\n\t\t<\/div>\n\n\t\t\n<style>\n#section_896980822 {\n  padding-top: 60px;\n  padding-bottom: 60px;\n  min-height: 500px;\n}\n#section_896980822 .section-bg img {\n  object-position: 4% 71%;\n}\n<\/style>\n\t<\/section>\n\t\n\n\t<section class=\"section dark\" id=\"section_809889960\">\n\t\t<div class=\"section-bg fill\" >\n\t\t\t\t\t\t\t\t\t\n\t\t\t\n\n\t\t<\/div>\n\n\t\t\n\n\t\t<div class=\"section-content relative\">\n\t\t\t\n\n<div class=\"row row-large align-right\"  id=\"row-15557095\">\n\n\n\t<div id=\"col-58642392\" class=\"col medium-10 small-12 large-10\"  data-animate=\"bounceInLeft\">\n\t\t\t\t<div class=\"col-inner text-left\"  >\n\t\t\t\n\t\t\t\n\n<h2>\u00bfQu\u00e9 es un sistema de gesti\u00f3n de contenidos?<\/h2>\n<p>El acr\u00f3nimo CMS (<strong>Sistema de gesti\u00f3n de contenidos<\/strong>) se traduce en franc\u00e9s como syst\u00e8me de gestion de contenu. Es una categor\u00eda de software que permite el dise\u00f1o y la actualizaci\u00f3n din\u00e1mica de sitios web o aplicaciones m\u00f3viles.<\/p>\n<p style=\"text-align: left;\">Esto permite crear y gestionar el aspecto y el contenido de una interfaz de la A a la Z. <br \/>Con este tipo de software, no se necesita ning\u00fan desarrollo inform\u00e1tico. Se facilita enormemente la publicaci\u00f3n de textos y elementos multimedia en la web.<\/p>\n<p style=\"text-align: left;\">Antes de elegir un CMS, es importante determinar el objetivo de su proyecto web y tener una idea del contenido que publicar\u00e1 en l\u00ednea.<br \/>En efecto, existen varias soluciones para crear un blog, una intranet, un sitio comercial o un sitio institucional, por ejemplo.<\/p>\n\n\t\t<\/div>\n\t\t\t\t\n<style>\n#col-58642392 > .col-inner {\n  margin: -77px 0px -30px 0px;\n}\n<\/style>\n\t<\/div>\n\n\t\n\n\n<style>\n#row-15557095 > .col > .col-inner {\n  padding: 60px 60px 40px 60px;\n  background-color: rgb(39, 54, 71);\n}\n<\/style>\n<\/div>\n\n\t\t<\/div>\n\n\t\t\n<style>\n#section_809889960 {\n  padding-top: 30px;\n  padding-bottom: 30px;\n  background-color: rgba(0, 0, 0, 0);\n}\n<\/style>\n\t<\/section>\n\t\n\t<div id=\"gap-1305320376\" class=\"gap-element clearfix\" style=\"display:block; height:auto;\">\n\t\t\n<style>\n#gap-1305320376 {\n  padding-top: 120px;\n}\n<\/style>\n\t<\/div>\n\t\n\n\n\t<section class=\"section\" id=\"section_514763529\">\n\t\t<div class=\"section-bg fill\" >\n\t\t\t<img loading=\"lazy\" decoding=\"async\" width=\"1442\" height=\"963\" src=\"https:\/\/belmont-web.com\/wp-content\/uploads\/2020\/08\/screen-themes.png\" class=\"bg attachment- size-\" alt=\"agencia digital cms\" title=\"\">\t\t\t\t\t\t<div class=\"section-bg-overlay absolute fill\"><\/div>\n\t\t\t\n\n\t\t<\/div>\n\n\t\t\n\n\t\t<div class=\"section-content relative\">\n\t\t\t\n\n<div class=\"row align-center\"  id=\"row-897355582\">\n\n\n\t<div id=\"col-339218503\" class=\"col medium-9 small-12 large-9\"  >\n\t\t\t\t<div class=\"col-inner\"  >\n\t\t\t\n\t\t\t\n\n<h2 style=\"color: #fff; text-align: center;\">Elija un CMS: Wordpress, Joomla! o Prestashop<\/h2>\n<p style=\"text-align: center;\">\u00a0<\/p>\n<p style=\"color: #fff; text-align: center;\">La lista de CMS es muy larga (m\u00e1s de 250 programas en el mercado), pero algunos son imprescindibles. Estos son los que la agencia digital Belmont Web ha elegido para ofrecer a sus clientes. Todos son de c\u00f3digo abierto y gratuitos, a diferencia de los CMS profesionales de pago.<\/p>\n<p style=\"color: #fff; text-align: center;\"><strong><a href=\"https:\/\/www.wordpress.com\" target=\"_blank\" rel=\"noopener\">Wordpress<\/a> (62,6% de cuota de mercado en 2020) :<\/strong><\/p>\n<p style=\"color: #fff; text-align: center;\">Este sistema de gesti\u00f3n de contenidos de c\u00f3digo abierto tiene una interfaz de usuario intuitiva. Tambi\u00e9n ofrece una f\u00e1cil integraci\u00f3n de plugins y otras extensiones. Su ej\u00e9rcito de 100.000 desarrolladores y su servicio de asistencia 24\/7 juegan a su favor. Alrededor de un tercio de los sitios web del mundo utilizan un CMS de Wordpress. Es el l\u00edder indiscutible del sector.<\/p>\n<p style=\"color: #fff; text-align: center;\"><strong><a href=\"https:\/\/www.joomla.fr\" target=\"_blank\" rel=\"noopener\">\u00a1Joomla!<\/a> (4,4 cuota de mercado de % en 2020) :<\/strong><\/p>\n<p style=\"color: #fff; text-align: center;\">Este popular software es adecuado tanto para los principiantes como para los usuarios m\u00e1s experimentados. Su principal ventaja radica en la amplia gama de extensiones y temas que ofrece. Joomla! puede alimentar sitios web de todas las formas y tama\u00f1os. Peque\u00f1as webs comerciales, portales de empresa, revistas online, comercio electr\u00f3nico, webs para ayuntamientos o comunidades, intranets y extranets...<\/p>\n<p style=\"color: #fff; text-align: center;\"><strong><a href=\"https:\/\/www.prestashop.com\/fr\" target=\"_blank\" rel=\"noopener\">Prestashop<\/a> (1,0 cuota de mercado de % en 2020)<\/strong> :<br \/>Este software franc\u00e9s para tiendas online se ha convertido en la principal plataforma europea de comercio electr\u00f3nico. Es una soluci\u00f3n completa, innovadora y eficaz que le permite crear una tienda electr\u00f3nica personalizable 100 %. Podr\u00e1 gestionar sus productos y pedidos, pero tambi\u00e9n desarrollar sus ventas internacionales. Al igual que los dos sistemas anteriores, Prestashop est\u00e1 disponible en varios idiomas.<\/p>\n\n\t\t<\/div>\n\t\t\t\t\n<style>\n#col-339218503 > .col-inner {\n  margin: 22px 0px -30px 0px;\n}\n<\/style>\n\t<\/div>\n\n\t\n\n<\/div>\n\n\t\t<\/div>\n\n\t\t\n<style>\n#section_514763529 {\n  padding-top: 30px;\n  padding-bottom: 30px;\n}\n#section_514763529 .section-bg-overlay {\n  background-color: rgba(0, 0, 0, 0.71);\n}\n<\/style>\n\t<\/section>\n\t\n\t<div id=\"gap-704082047\" class=\"gap-element clearfix\" style=\"display:block; height:auto;\">\n\t\t\n<style>\n#gap-704082047 {\n  padding-top: 120px;\n}\n<\/style>\n\t<\/div>\n\t\n\n\n\t<section class=\"section\" id=\"section_1660900876\">\n\t\t<div class=\"section-bg fill\" >\n\t\t\t\t\t\t\t\t\t\n\t\t\t\n\n\t\t<\/div>\n\n\t\t\n\n\t\t<div class=\"section-content relative\">\n\t\t\t\n\n<div class=\"row align-center\"  id=\"row-207761663\">\n\n\n\t<div id=\"col-7298964\" class=\"col medium-9 small-12 large-9\"  data-animate=\"bounceInLeft\">\n\t\t\t\t<div class=\"col-inner text-center\"  >\n\t\t\t\n\t\t\t\n\n<h2>UNA AGENCIA DIGITAL ESPECIALIZADA EN LA CREACI\u00d3N DE SITIOS WEB<\/h2>\n<p style=\"text-align: left;\">En Belmont Web, explicamos la amplia gama de funcionalidades de cada CMS. Juntos, elegimos el sistema que mejor se adapte a las necesidades espec\u00edficas de su empresa. En realidad, la cuesti\u00f3n no es qu\u00e9 CMS es el mejor del mercado, sino qu\u00e9 sistema de gesti\u00f3n de contenidos mejorar\u00e1 su proyecto en Internet.<\/p>\n<p style=\"text-align: left;\">Notre agence web en Tunisie peut cr\u00e9er un site avec le CMS appropri\u00e9, puis vous donner la possibilit\u00e9 de le g\u00e9rer vous-m\u00eame. Il suffira de vous familiariser avec son fonctionnement. Bien entendu, si vous pr\u00e9f\u00e9rez, notre \u00e9quipe peut s\u2019en charger pour vous faire gagner du temps.<\/p>\n<p style=\"text-align: left;\">Conf\u00edenos su sitio web. Ser\u00e1 su mejor venta.<\/p>\n<p style=\"text-align: center;\">\u00a0<\/p>\n\n\t\t<\/div>\n\t\t\t\t\n<style>\n#col-7298964 > .col-inner {\n  margin: 21px 0px 0px 0px;\n}\n<\/style>\n\t<\/div>\n\n\t\n\n<\/div>\n<div class=\"row\"  id=\"row-1024734891\">\n\n\n\t<div id=\"col-1954363656\" class=\"col small-12 large-12\"  >\n\t\t\t\t<div class=\"col-inner\"  >\n\t\t\t\n\t\t\t\n\n<p>&nbsp;<\/p>\n<p style=\"text-align: center;\"><strong>ESCUCH\u00c1NDOTE<br \/><\/strong><strong>H\u00e1blenos de su proyecto de creaci\u00f3n de un sitio web.<\/strong><\/p>\n<p style=\"text-align: center;\"><strong>Contacte con nuestra agencia digital.<\/strong><\/p>\n\n\t\t<\/div>\n\t\t\t\t\n<style>\n#col-1954363656 > .col-inner {\n  margin: -96px 0px 0px 0px;\n}\n<\/style>\n\t<\/div>\n\n\t\n\n<\/div>\n<div class=\"row align-center\"  id=\"row-589617837\">\n\n\n\t<div id=\"col-1544968532\" class=\"col medium-6 small-12 large-6\"  >\n\t\t\t\t<div class=\"col-inner text-left\"  >\n\t\t\t\n\t\t\t\n\n\n<div class=\"wpcf7 no-js\" id=\"wpcf7-f8-o1\" lang=\"en-US\" dir=\"ltr\" data-wpcf7-id=\"8\">\n<div class=\"screen-reader-response\"><p role=\"status\" aria-live=\"polite\" aria-atomic=\"true\"><\/p> <ul><\/ul><\/div>\n<form action=\"\/es\/wp-json\/wp\/v2\/pages\/4343#wpcf7-f8-o1\" method=\"post\" class=\"wpcf7-form init\" aria-label=\"Contact form\" novalidate=\"novalidate\" data-status=\"init\" data-trp-original-action=\"\/es\/wp-json\/wp\/v2\/pages\/4343#wpcf7-f8-o1\">\n<div style=\"display: none;\">\n<input type=\"hidden\" name=\"_wpcf7\" value=\"8\" \/>\n<input type=\"hidden\" name=\"_wpcf7_version\" value=\"6.0.4\" \/>\n<input type=\"hidden\" name=\"_wpcf7_locale\" value=\"en_US\" \/>\n<input type=\"hidden\" name=\"_wpcf7_unit_tag\" value=\"wpcf7-f8-o1\" \/>\n<input type=\"hidden\" name=\"_wpcf7_container_post\" value=\"0\" \/>\n<input type=\"hidden\" name=\"_wpcf7_posted_data_hash\" value=\"\" \/>\n<\/div>\n<div class=\"form\">\n\t<p><span class=\"wpcf7-form-control-wrap\" data-name=\"your-name\"><input size=\"40\" maxlength=\"400\" class=\"wpcf7-form-control wpcf7-text wpcf7-validates-as-required\" aria-required=\"true\" aria-invalid=\"false\" placeholder=\"Nombre y apellidos\" value=\"\" type=\"text\" name=\"your-name\" \/><\/span><br \/>\n<span class=\"wpcf7-form-control-wrap\" data-name=\"your-email\"><input size=\"40\" maxlength=\"400\" class=\"wpcf7-form-control wpcf7-email wpcf7-validates-as-required wpcf7-text wpcf7-validates-as-email\" aria-required=\"true\" aria-invalid=\"false\" placeholder=\"Env\u00ede un correo electr\u00f3nico a\" value=\"\" type=\"email\" name=\"your-email\" \/><\/span><br \/>\n<span class=\"wpcf7-form-control-wrap\" data-name=\"your-tel\"><input size=\"40\" maxlength=\"400\" class=\"wpcf7-form-control wpcf7-tel wpcf7-validates-as-required wpcf7-text wpcf7-validates-as-tel\" aria-required=\"true\" aria-invalid=\"false\" placeholder=\"Tel\u00e9fono\" value=\"\" type=\"tel\" name=\"your-tel\" \/><\/span><br \/>\n<span class=\"wpcf7-form-control-wrap\" data-name=\"your-message\"><textarea cols=\"40\" rows=\"10\" maxlength=\"2000\" class=\"wpcf7-form-control wpcf7-textarea wpcf7-validates-as-required\" aria-required=\"true\" aria-invalid=\"false\" placeholder=\"Mensaje\" name=\"your-message\"><\/textarea><\/span><br \/>\n<span class=\"wpcf7-form-control-wrap bwscaptcha-287\" data-name=\"bwscaptcha-287\"><input style=\"display:none;\" class=\"wpcf7-form-control wpcf7-bwscaptcha\" aria-required=\"true\" type=\"text\" name=\"bwscaptcha-287\" value=\"\" \/><p class=\"cptch_block\"><span class=\"cptch_title cptch_to_remove\">\u00bfHumano?<span class=\"required\"> *<\/span><\/span><span id=\"cptch_time_limit_notice_97\" class=\"cptch_time_limit_notice cptch_to_remove\">Time limit exceeded. Please complete the captcha once again.<\/span><span class=\"cptch_wrap cptch_math_actions\">\n\t\t\t\t<label class=\"cptch_label\" for=\"cptch_input_97\"><span class=\"cptch_span\">&#102;i&#118;e<\/span>\n\t\t\t\t\t<span class=\"cptch_span\">&nbsp;\u00d7&nbsp;<\/span>\n\t\t\t\t\t<span class=\"cptch_span\">ei&#103;ht<\/span>\n\t\t\t\t\t<span class=\"cptch_span\">&nbsp;=&nbsp;<\/span>\n\t\t\t\t\t<span class=\"cptch_span\"><input id=\"cptch_input_97\" class=\"cptch_input wpcf7-form-control wpcf7-bwscaptcha\" type=\"text\" autocomplete=\"off\" name=\"bwscaptcha-287\" value=\"\" maxlength=\"2\" size=\"2\" aria-required=\"true\" required=\"required\" style=\"margin-bottom:0;display:inline;font-size: 12px;width: 40px;\" \/><\/span><input type=\"hidden\" name=\"cptch_form\" value=\"cf7_contact\" \/>\n\t\t\t\t<\/label><span class=\"cptch_reload_button_wrap hide-if-no-js\">\n\t\t\t\t\t<noscript>\n\t\t\t\t\t\t<style type=\"text\/css\">\n\t\t\t\t\t\t\t.hide-if-no-js {\n\t\t\t\t\t\t\t\tdisplay: none !important;\n\t\t\t\t\t\t\t}\n\t\t\t\t\t\t<\/style>\n\t\t\t\t\t<\/noscript>\n\t\t\t\t\t<span class=\"cptch_reload_button dashicons dashicons-update\"><\/span>\n\t\t\t\t<\/span><\/span><\/p><\/span><br \/>\n<input class=\"wpcf7-form-control wpcf7-submit has-spinner button\" type=\"submit\" value=\"Enviar\" \/>\n\t<\/p>\n<\/div><div class=\"wpcf7-response-output\" aria-hidden=\"true\"><\/div>\n<input type=\"hidden\" name=\"trp-form-language\" value=\"es\"\/><\/form>\n<\/div>\n\n\n\n\t\t<\/div>\n\t\t\t\t\t<\/div>\n\n\t\n\n<\/div>\n\n\t\t<\/div>\n\n\t\t\n<style>\n#section_1660900876 {\n  padding-top: 30px;\n  padding-bottom: 30px;\n  background-color: rgb(255,255,255);\n}\n<\/style>\n\t<\/section>","protected":false},"excerpt":{"rendered":"","protected":false},"author":9,"featured_media":0,"parent":0,"menu_order":0,"comment_status":"closed","ping_status":"closed","template":"page-transparent-header-light.php","meta":{"footnotes":""},"class_list":["post-4343","page","type-page","status-publish","hentry"],"_links":{"self":[{"href":"https:\/\/belmont-web.com\/es\/wp-json\/wp\/v2\/pages\/4343","targetHints":{"allow":["GET"]}}],"collection":[{"href":"https:\/\/belmont-web.com\/es\/wp-json\/wp\/v2\/pages"}],"about":[{"href":"https:\/\/belmont-web.com\/es\/wp-json\/wp\/v2\/types\/page"}],"author":[{"embeddable":true,"href":"https:\/\/belmont-web.com\/es\/wp-json\/wp\/v2\/users\/9"}],"replies":[{"embeddable":true,"href":"https:\/\/belmont-web.com\/es\/wp-json\/wp\/v2\/comments?post=4343"}],"version-history":[{"count":5,"href":"https:\/\/belmont-web.com\/es\/wp-json\/wp\/v2\/pages\/4343\/revisions"}],"predecessor-version":[{"id":5228,"href":"https:\/\/belmont-web.com\/es\/wp-json\/wp\/v2\/pages\/4343\/revisions\/5228"}],"wp:attachment":[{"href":"https:\/\/belmont-web.com\/es\/wp-json\/wp\/v2\/media?parent=4343"}],"curies":[{"name":"wp","href":"https:\/\/api.w.org\/{rel}","templated":true}]}}