{"id":4488,"date":"2020-07-30T10:44:07","date_gmt":"2020-07-30T08:44:07","guid":{"rendered":"https:\/\/belmont-web.com\/?page_id=4488"},"modified":"2022-09-29T14:28:31","modified_gmt":"2022-09-29T12:28:31","slug":"e-commerce","status":"publish","type":"page","link":"https:\/\/belmont-web.com\/es\/comercio-electronico\/","title":{"rendered":"Comercio electr\u00f3nico"},"content":{"rendered":"<section class=\"section\" id=\"section_789962972\">\n\t\t<div class=\"section-bg fill\" >\n\t\t\t<img loading=\"lazy\" decoding=\"async\" width=\"2048\" height=\"1365\" src=\"https:\/\/belmont-web.com\/wp-content\/uploads\/2020\/08\/blake-wisz-GFrBMipOd_E-unsplash-scaled.jpg\" class=\"bg attachment-original size-original\" alt=\"Comercio electr\u00f3nico\" title=\"\">\t\t\t\t\t\t<div class=\"section-bg-overlay absolute fill\"><\/div>\n\t\t\t\n\n\t\t<\/div>\n\n\t\t\n\n\t\t<div class=\"section-content relative\">\n\t\t\t\n\n<div class=\"row\"  id=\"row-65924555\">\n\n\n\t<div id=\"col-1658584306\" class=\"col small-12 large-12\"  data-animate=\"bounceInRight\">\n\t\t\t\t<div class=\"col-inner\"  >\n\t\t\t\n\t\t\t\n\n<h2 style=\"text-align: center; color: white; font-size:50px\"><strong>Comercio electr\u00f3nico<\/strong><\/h2>\n\n\t\t<\/div>\n\t\t\t\t\t<\/div>\n\n\t\n\n<\/div>\n\n\t\t<\/div>\n\n\t\t\n<style>\n#section_789962972 {\n  padding-top: 30px;\n  padding-bottom: 30px;\n  min-height: 400px;\n}\n#section_789962972 .section-bg-overlay {\n  background-color: rgba(56, 59, 10, 0.31);\n}\n#section_789962972 .section-bg img {\n  object-position: 59% 40%;\n}\n<\/style>\n\t<\/section>\n\t\n\n\t<section class=\"section dark\" id=\"section_1454819690\">\n\t\t<div class=\"section-bg fill\" >\n\t\t\t\t\t\t\t\t\t\n\t\t\t\n\n\t\t<\/div>\n\n\t\t\n\n\t\t<div class=\"section-content relative\">\n\t\t\t\n\n<div class=\"row\"  id=\"row-1246984306\">\n\n\n\t<div id=\"col-1149426406\" class=\"col medium-9 small-12 large-9\"  data-animate=\"bounceInLeft\">\n\t\t\t\t<div class=\"col-inner\" style=\"background-color:rgb(39, 54, 71);\" >\n\t\t\t\n\t\t\t\n\n<h2>\u00bfNecesita crear su sitio de comercio electr\u00f3nico?<br \/>\u00a1Est\u00e1s en el lugar correcto!<\/h2>\n<p>Belmont Web es un <strong>agencia digital<\/strong> Tunisie sp\u00e9cialiste de la <strong>dise\u00f1o de sitios web orientados al usuario <\/strong>y su gesti\u00f3n.<\/p>\n<p><strong>Referencia natural<\/strong>,<strong> SEO<\/strong>, <strong>comunicaci\u00f3n digital<\/strong> y <strong>marketing<\/strong> <strong>web <\/strong>est\u00e1n en el coraz\u00f3n de nuestro negocio.<\/p>\n<p>En nuestra empresa, encontrar\u00e1<strong> soluciones eficaces <\/strong>para mejorar de forma sostenible la <strong>visibilidad de su empresa en la web<\/strong>. Trabajemos juntos para <strong>alcanzar sus objetivos r\u00e1pidamente<\/strong>.<\/p>\n\n\t\t<\/div>\n\t\t\t\t\n<style>\n#col-1149426406 > .col-inner {\n  padding: 60px 60px 40px 60px;\n  margin: -77px 0px 0px 0px;\n}\n<\/style>\n\t<\/div>\n\n\t\n\n<\/div>\n\n\t\t<\/div>\n\n\t\t\n<style>\n#section_1454819690 {\n  padding-top: 30px;\n  padding-bottom: 30px;\n  background-color: rgb(255, 255, 255);\n}\n<\/style>\n\t<\/section>\n\t\n\t<div id=\"gap-1477148987\" class=\"gap-element clearfix\" style=\"display:block; height:auto;\">\n\t\t\n<style>\n#gap-1477148987 {\n  padding-top: 120px;\n}\n<\/style>\n\t<\/div>\n\t\n\n<div class=\"row align-middle\"  id=\"row-998931940\">\n\n\n\t<div id=\"col-1733395098\" class=\"col medium-6 small-12 large-6\"  data-animate=\"bounceInLeft\">\n\t\t\t\t<div class=\"col-inner\"  >\n\t\t\t\n\t\t\t\n\n<h2>\u00bfEs nuevo en el comercio electr\u00f3nico?<\/h2>\n<p>\u00bfQuiere montar un negocio de comercio electr\u00f3nico?<\/p>\n<p>\u00bfEs prioritario crear una tienda electr\u00f3nica para su empresa?<\/p>\n<p>\u00bfQuiere aumentar sus ventas en l\u00ednea?<\/p>\n<p>\u00bfEst\u00e1 planeando digitalizar su negocio internacional?<\/p>\n\n\t\t<\/div>\n\t\t\t\t\t<\/div>\n\n\t\n\n\t<div id=\"col-1923961821\" class=\"col medium-6 small-12 large-6\"  data-animate=\"bounceIn\">\n\t\t\t\t<div class=\"col-inner\"  >\n\t\t\t\n\t\t\t\n\n\n\t<section class=\"section has-hover\" id=\"section_1631593667\">\n\t\t<div class=\"section-bg fill\" >\n\t\t\t\t\t\t\t\t\t\n\t\t\t\n\t<div class=\"is-border hover-bounce\"\n\t\tstyle=\"border-color:rgb(0, 125, 252);border-width:0px 0px 0px 40px;\">\n\t<\/div>\n\n\t\t<\/div>\n\n\t\t\n\n\t\t<div class=\"section-content relative\">\n\t\t\t\n\n<div class=\"row row-collapse\"  id=\"row-946326223\">\n\n\n\t<div id=\"col-328087450\" class=\"col small-12 large-12\"  >\n\t\t\t\t<div class=\"col-inner\"  >\n\t\t\t\n\t\t\t\n\n\n  <div class=\"banner has-hover\" id=\"banner-1701279322\">\n          <div class=\"banner-inner fill\">\n        <div class=\"banner-bg fill\" >\n            <img loading=\"lazy\" decoding=\"async\" width=\"533\" height=\"800\" src=\"https:\/\/belmont-web.com\/wp-content\/uploads\/2020\/08\/roberto-cortese-ejhjSZKTeeg-unsplash-533x800.jpg\" class=\"bg attachment-large size-large\" alt=\"Comercio electr\u00f3nico\" title=\"\">                                    \n                    <\/div>\n\t\t\n        <div class=\"banner-layers container\">\n            <div class=\"fill banner-link\"><\/div>            \n\n\n        <\/div>\n      <\/div>\n\n            \n<style>\n#banner-1701279322 {\n  padding-top: 300px;\n  background-color: rgb(255,255,255);\n}\n#banner-1701279322 .banner-bg img {\n  object-position: 83% 53%;\n}\n<\/style>\n  <\/div>\n\n\n\n\t\t<\/div>\n\t\t\t\t\n<style>\n#col-328087450 > .col-inner {\n  margin: 0px 0px 0px -15px;\n}\n<\/style>\n\t<\/div>\n\n\t\n\n<\/div>\n\n\t\t<\/div>\n\n\t\t\n<style>\n#section_1631593667 {\n  padding-top: 30px;\n  padding-bottom: 30px;\n}\n<\/style>\n\t<\/section>\n\t\n\n\t\t<\/div>\n\t\t\t\t\t<\/div>\n\n\t\n\n<\/div>\n\t<div id=\"gap-611167129\" class=\"gap-element clearfix\" style=\"display:block; height:auto;\">\n\t\t\n<style>\n#gap-611167129 {\n  padding-top: 120px;\n}\n<\/style>\n\t<\/div>\n\t\n\n<div class=\"row align-middle\"  id=\"row-1565748804\">\n\n\n\t<div id=\"col-1301941832\" class=\"col medium-6 small-12 large-6\"  data-animate=\"bounceIn\">\n\t\t\t\t<div class=\"col-inner\"  >\n\t\t\t\n\t\t\t\n\n\n\t<section class=\"section has-hover\" id=\"section_1183312266\">\n\t\t<div class=\"section-bg fill\" >\n\t\t\t\t\t\t\t\t\t\n\t\t\t\n\t<div class=\"is-border hover-bounce\"\n\t\tstyle=\"border-color:rgb(254, 201, 41);border-width:0px 0px 0px 40px;\">\n\t<\/div>\n\n\t\t<\/div>\n\n\t\t\n\n\t\t<div class=\"section-content relative\">\n\t\t\t\n\n<div class=\"row row-collapse\"  id=\"row-1121532802\">\n\n\n\t<div id=\"col-546601301\" class=\"col small-12 large-12\"  >\n\t\t\t\t<div class=\"col-inner\"  >\n\t\t\t\n\t\t\t\n\n\n  <div class=\"banner has-hover\" id=\"banner-1055985552\">\n          <div class=\"banner-inner fill\">\n        <div class=\"banner-bg fill\" >\n            <img loading=\"lazy\" decoding=\"async\" width=\"533\" height=\"800\" src=\"https:\/\/belmont-web.com\/wp-content\/uploads\/2020\/08\/roberto-cortese-F1I4IN86NiE-unsplash-533x800.jpg\" class=\"bg attachment-large size-large\" alt=\"e-commerce agence digitale\" title=\"\">                                    \n                    <\/div>\n\t\t\n        <div class=\"banner-layers container\">\n            <div class=\"fill banner-link\"><\/div>            \n\n\n        <\/div>\n      <\/div>\n\n            \n<style>\n#banner-1055985552 {\n  padding-top: 300px;\n  background-color: rgb(255,255,255);\n}\n#banner-1055985552 .banner-bg img {\n  object-position: 100% 53%;\n}\n<\/style>\n  <\/div>\n\n\n\n\t\t<\/div>\n\t\t\t\t\n<style>\n#col-546601301 > .col-inner {\n  margin: 0px 0px 0px -15px;\n}\n<\/style>\n\t<\/div>\n\n\t\n\n<\/div>\n\n\t\t<\/div>\n\n\t\t\n<style>\n#section_1183312266 {\n  padding-top: 30px;\n  padding-bottom: 30px;\n}\n<\/style>\n\t<\/section>\n\t\n\n\t\t<\/div>\n\t\t\t\t\t<\/div>\n\n\t\n\n\t<div id=\"col-1272994754\" class=\"col medium-6 small-12 large-6\"  data-animate=\"bounceInRight\">\n\t\t\t\t<div class=\"col-inner\"  >\n\t\t\t\n\t\t\t\n\n<h3>HABLAMOS DE COMERCIO ELECTR\u00d3NICO<\/h3>\n<p>Recurra a nuestro <strong>agence web \u00e0 Gab\u00e8s <\/strong>para acompa\u00f1arte en la aventura de <strong>Comercio electr\u00f3nico<\/strong>.<\/p>\n<p>Creaci\u00f3n de <strong>sitio de ventas en l\u00ednea <\/strong>o redise\u00f1o de un <strong>Tienda electr\u00f3nica <\/strong>ofrecemos una variedad de soluciones para satisfacer las necesidades de nuestros clientes. <strong>especificidades del comercio electr\u00f3nico<\/strong>.<\/p>\n<p><strong>Peque\u00f1as, medianas o grandes empresas<\/strong>Nuestras respuestas son personalizadas y podemos trabajar f\u00e1cilmente a distancia.<\/p>\n\n\t\t<\/div>\n\t\t\t\t\t<\/div>\n\n\t\n\n<\/div>\n\t<div id=\"gap-1644748217\" class=\"gap-element clearfix\" style=\"display:block; height:auto;\">\n\t\t\n<style>\n#gap-1644748217 {\n  padding-top: 120px;\n}\n<\/style>\n\t<\/div>\n\t\n\n\t<div id=\"gap-106609233\" class=\"gap-element clearfix\" style=\"display:block; height:auto;\">\n\t\t\n<style>\n#gap-106609233 {\n  padding-top: 40px;\n}\n<\/style>\n\t<\/div>\n\t\n\n\n\t<section class=\"section\" id=\"section_463575987\">\n\t\t<div class=\"section-bg fill\" >\n\t\t\t<img loading=\"lazy\" decoding=\"async\" width=\"2048\" height=\"1365\" src=\"https:\/\/belmont-web.com\/wp-content\/uploads\/2020\/08\/pexels-pixabay-35550-scaled.jpg\" class=\"bg attachment- size-\" alt=\"\" title=\"\">\t\t\t\t\t\t\n\t\t\t\n\n\t\t<\/div>\n\n\t\t\n\n\t\t<div class=\"section-content relative\">\n\t\t\t\n\n\n\t\t<\/div>\n\n\t\t\n<style>\n#section_463575987 {\n  padding-top: 30px;\n  padding-bottom: 30px;\n  min-height: 500px;\n}\n#section_463575987 .section-bg img {\n  object-position: 46% 91%;\n}\n<\/style>\n\t<\/section>\n\t\n\n\t<section class=\"section dark\" id=\"section_77269610\">\n\t\t<div class=\"section-bg fill\" >\n\t\t\t\t\t\t\t\t\t\n\t\t\t\n\n\t\t<\/div>\n\n\t\t\n\n\t\t<div class=\"section-content relative\">\n\t\t\t\n\n<div class=\"row align-right\"  id=\"row-127974317\">\n\n\n\t<div id=\"col-1331833884\" class=\"col medium-10 small-12 large-10\"  data-animate=\"bounceInLeft\">\n\t\t\t\t<div class=\"col-inner\"  >\n\t\t\t\n\t\t\t\n\n<h2 style=\"text-align: center;\">\u00bfPor qu\u00e9 dedicarse al comercio electr\u00f3nico?<\/h2>\n<p>En la era digital, ninguna empresa puede prescindir de su presencia en la web. El <strong>creaci\u00f3n de un sitio web<\/strong>el <strong>comunicaci\u00f3n en l\u00ednea<\/strong> y el <strong>marketing digital <\/strong>se han convertido en algo esencial para ganar visibilidad. Las empresas que a\u00fan dudan en dar este paso tecnol\u00f3gico se est\u00e1n quedando, sin duda, por detr\u00e1s de la competencia.<\/p>\n<p>De hecho, con la omnipresencia de Internet, los patrones de consumo han cambiado. Cada vez hay m\u00e1s <strong>consumidores conectados<\/strong>. Por ello, el <strong>sitios web de venta en l\u00ednea <\/strong>se han convertido en parte de nuestra vida cotidiana. Facilitan la compra y ahorran tiempo.<\/p>\n\n\t\t<\/div>\n\t\t\t\t\n<style>\n#col-1331833884 > .col-inner {\n  margin: -77px 0px -30px 0px;\n}\n<\/style>\n\t<\/div>\n\n\t\n\n\n<style>\n#row-127974317 > .col > .col-inner {\n  padding: 60px 60px 40px 60px;\n  background-color: rgb(39, 54, 71);\n}\n<\/style>\n<\/div>\n\t<div id=\"gap-152891835\" class=\"gap-element clearfix\" style=\"display:block; height:auto;\">\n\t\t\n<style>\n#gap-152891835 {\n  padding-top: 120px;\n}\n<\/style>\n\t<\/div>\n\t\n\n\n\t\t<\/div>\n\n\t\t\n<style>\n#section_77269610 {\n  padding-top: 30px;\n  padding-bottom: 30px;\n  background-color: rgb(255,255,255);\n}\n<\/style>\n\t<\/section>\n\t\n<div class=\"row\"  id=\"row-1187272900\">\n\n\n\t<div id=\"col-1520588819\" class=\"col small-12 large-12\"  >\n\t\t\t\t<div class=\"col-inner\"  >\n\t\t\t\n\t\t\t\n\n<div class=\"row\"  id=\"row-850255734\">\n\n\n\t<div id=\"col-1773889946\" class=\"col medium-6 small-12 large-6\"  data-animate=\"bounceInLeft\">\n\t\t\t\t<div class=\"col-inner\"  >\n\t\t\t\n\t\t\t\n\n<p style=\"text-align: left;\">He aqu\u00ed 4 buenas razones para entrar en el innegablemente boyante sector de <strong>comercio por internet <\/strong>:<\/p>\n<ul>\n<li style=\"text-align: left;\">satisfacer las demandas de los consumidores conectados<\/li>\n<li style=\"text-align: left;\">atraer a nuevos clientes<\/li>\n<li style=\"text-align: left;\">generar ventas adicionales<\/li>\n<li style=\"text-align: left;\">impulsar y sostener su negocio<\/li>\n<\/ul>\n\n\t\t<\/div>\n\t\t\t\t\t<\/div>\n\n\t\n\n\t<div id=\"col-918355284\" class=\"col medium-6 small-12 large-6\"  data-animate=\"bounceIn\">\n\t\t\t\t<div class=\"col-inner\"  >\n\t\t\t\n\t\t\t\n\n\n\t<section class=\"section has-hover\" id=\"section_591773828\">\n\t\t<div class=\"section-bg fill\" >\n\t\t\t\t\t\t\t\t\t\n\t\t\t\n\t<div class=\"is-border hover-bounce\"\n\t\tstyle=\"border-color:rgb(0, 117, 186);border-width:0px 0px 0px 40px;\">\n\t<\/div>\n\n\t\t<\/div>\n\n\t\t\n\n\t\t<div class=\"section-content relative\">\n\t\t\t\n\n<div class=\"row row-collapse\"  id=\"row-2117324803\">\n\n\n\t<div id=\"col-1167638071\" class=\"col small-12 large-12\"  >\n\t\t\t\t<div class=\"col-inner\"  >\n\t\t\t\n\t<div class=\"is-border\"\n\t\tstyle=\"border-width:0px 0px 50px 0px;\">\n\t<\/div>\n\t\t\t\n\n\n  <div class=\"banner has-hover\" id=\"banner-1474106524\">\n          <div class=\"banner-inner fill\">\n        <div class=\"banner-bg fill\" >\n            <img loading=\"lazy\" decoding=\"async\" width=\"533\" height=\"800\" src=\"https:\/\/belmont-web.com\/wp-content\/uploads\/2020\/08\/pexels-anna-shvets-4482900-533x800.jpg\" class=\"bg attachment-large size-large\" alt=\"e-commerce agence digitale\" title=\"\">                                    \n                    <\/div>\n\t\t\n        <div class=\"banner-layers container\">\n            <div class=\"fill banner-link\"><\/div>            \n\n\n        <\/div>\n      <\/div>\n\n            \n<style>\n#banner-1474106524 {\n  padding-top: 300px;\n}\n#banner-1474106524 .banner-bg img {\n  object-position: 83% 53%;\n}\n<\/style>\n  <\/div>\n\n\n\n\t\t<\/div>\n\t\t\t\t\n<style>\n#col-1167638071 > .col-inner {\n  margin: 0px 0px 0px -15px;\n}\n<\/style>\n\t<\/div>\n\n\t\n\n<\/div>\n\n\t\t<\/div>\n\n\t\t\n<style>\n#section_591773828 {\n  padding-top: 30px;\n  padding-bottom: 30px;\n}\n<\/style>\n\t<\/section>\n\t\n\n\t\t<\/div>\n\t\t\t\t\t<\/div>\n\n\t\n\n<\/div>\n\n\t\t<\/div>\n\t\t\t\t\t<\/div>\n\n\t\n\n<\/div>\n\t<div id=\"gap-15021529\" class=\"gap-element clearfix\" style=\"display:block; height:auto;\">\n\t\t\n<style>\n#gap-15021529 {\n  padding-top: 60px;\n}\n<\/style>\n\t<\/div>\n\t\n\n\n\t<section class=\"section\" id=\"section_2141710137\">\n\t\t<div class=\"section-bg fill\" >\n\t\t\t<img loading=\"lazy\" decoding=\"async\" width=\"1280\" height=\"848\" src=\"https:\/\/belmont-web.com\/wp-content\/uploads\/2020\/08\/ecommerce-Tunisie.png\" class=\"bg attachment- size-\" alt=\"e-commerce agence digitale\" title=\"\">\t\t\t\t\t\t<div class=\"section-bg-overlay absolute fill\"><\/div>\n\t\t\t\n\n\t\t<\/div>\n\n\t\t\n\n\t\t<div class=\"section-content relative\">\n\t\t\t\n\n<div class=\"row align-center\"  id=\"row-1551822691\">\n\n\n\t<div id=\"col-781651396\" class=\"col medium-9 small-12 large-9\"  data-animate=\"bounceInUp\">\n\t\t\t\t<div class=\"col-inner\"  >\n\t\t\t\n\t\t\t\n\n<h2 style=\"text-align: center;\">Le march\u00e9 du commerce \u00e9lectronique en Tunisie<\/h2>\n<p><span style=\"font-size: 14.4px;\">Le nombre de centres commerciaux <strong>continue de cro\u00eetre<\/strong> en Tunisie, la pr\u00e9sence du e-commerce en Tunisie <strong>se d\u00e9veloppe<\/strong> \u00e9galement. Ce segment est soutenu par l&#8217;adoption croissante des services Internet par les Tunisiens. <\/span><\/p>\n<p><span style=\"font-size: 14.4px;\">Selon Internet World Stats, les taux de p\u00e9n\u00e9tration d&#8217;internet ont connu une <strong>croissance exponentielle<\/strong> depuis 2000, passant de 17 % en 2006 \u00e0 52 % en 2016, et en mars 2022, la Tunisie affichait le quatri\u00e8me taux de p\u00e9n\u00e9tration des utilisateurs le plus \u00e9lev\u00e9 d&#8217;Afrique, \u00e0 67 %, apr\u00e8s le Kenya, le Liberia et les Seychelles. <\/span><\/p>\n<p><span style=\"font-size: 14.4px;\">En outre, <strong>64 %<\/strong> des Tunisiens sont sur les r\u00e9seaux sociaux, ce qui est <strong>bien sup\u00e9rieur \u00e0 la moyenne nord-africaine<\/strong> de 40 %. La majorit\u00e9, soit 80 %, des transactions en ligne provenaient de paiements de factures, de ventes de billets, de cr\u00e9dits t\u00e9l\u00e9phoniques ou de r\u00e9servations d&#8217;h\u00f4tel, les autres achats restant marginaux, d\u2019o\u00f9 la n\u00e9cessit\u00e9 d\u2019avoir une site E-commerce est\u00a0<strong>indispensable<\/strong>\u00a0aujourd\u2019hui. \u00cates-vous pr\u00eats \u00e0\u00a0<strong>saisir cette chance<\/strong><\/span><span style=\"font-size: 14.4px;\">\u00a0?<\/span><\/p>\n\n\t\t<\/div>\n\t\t\t\t\n<style>\n#col-781651396 > .col-inner {\n  margin: 0px 0px -60px 0px;\n}\n<\/style>\n\t<\/div>\n\n\t\n\n<\/div>\n\n\t\t<\/div>\n\n\t\t\n<style>\n#section_2141710137 {\n  padding-top: 30px;\n  padding-bottom: 30px;\n}\n#section_2141710137 .section-bg-overlay {\n  background-color: rgba(255,255,255,.5);\n}\n<\/style>\n\t<\/section>\n\t\n\n\t<section class=\"section\" id=\"section_2044844591\">\n\t\t<div class=\"section-bg fill\" >\n\t\t\t\t\t\t\t\t\t\n\t\t\t\n\n\t\t<\/div>\n\n\t\t\n\n\t\t<div class=\"section-content relative\">\n\t\t\t\n\n\t<div id=\"gap-1984343461\" class=\"gap-element clearfix\" style=\"display:block; height:auto;\">\n\t\t\n<style>\n#gap-1984343461 {\n  padding-top: 120px;\n}\n<\/style>\n\t<\/div>\n\t\n\n<div class=\"row\"  id=\"row-1061678274\">\n\n\n\t<div id=\"col-634722486\" class=\"col small-12 large-12\"  data-animate=\"bounceInLeft\">\n\t\t\t\t<div class=\"col-inner\"  >\n\t\t\t\n\t\t\t\n\n<h2 style=\"text-align: left;\">Crear un sitio de comercio electr\u00f3nico cualitativo y eficaz<\/h2>\n<p style=\"text-align: left;\">En Belmont Web, sabemos que <strong>empresas de comercio electr\u00f3nico<\/strong> deben ofrecer la mejor experiencia de usuario para aumentar sus ventas. De hecho, si un usuario encuentra el<strong>compra en l\u00ednea <\/strong>en su sitio dif\u00edcil, lento o inseguro, se ir\u00e1. As\u00ed que no podr\u00e1 <strong>convertir al visitante en comprador <\/strong>y as\u00ed perder un cliente potencial.<\/p>\n<p style=\"text-align: left;\">Por lo tanto, un <strong>sitio comercial <\/strong>debe estar muy bien dise\u00f1ado para que la compra sea natural. De ah\u00ed la importancia de elegir un <strong>agencia digital especializada en el desarrollo de sitios de comercio electr\u00f3nico <\/strong>como Belmont Web. Hemos construido<strong> grands sites marchands Tunisiens<\/strong> con un mayor tr\u00e1fico y cat\u00e1logos de 50.000 productos en l\u00ednea.<\/p>\n<p style=\"text-align: left;\">Contamos con un equipo de profesionales experimentados en Internet. Los ponemos a disposici\u00f3n de nuestros clientes a 100 % para que realicen sus <strong>Proyecto de comercio electr\u00f3nico<\/strong>. Puede elegir entre nuestros paquetes personalizados que incluyen horas de marketing digital, gesti\u00f3n de proyectos y desarrollo web.<\/p>\n<p style=\"text-align: left;\">Belmont Web trabaja con <strong>mejor CMS de comercio electr\u00f3nico<\/strong> corriente, como por ejemplo <strong>Prestashop<\/strong> y <strong>Woocommerce<\/strong>. Se trata de soluciones inform\u00e1ticas especiales para crear y administrar un <strong>Sitio de comercio electr\u00f3nico para PYMES<\/strong> en particular. Le recomendamos que evite las ofertas de descuento y el alojamiento compartido, que no son adecuados para un <strong>actividad de ventas en l\u00ednea<\/strong>.<\/p>\n<p style=\"text-align: left;\">Nuestro equipo ofrece<strong> sitios web atractivos<\/strong> con un <strong>contenido de calidad <\/strong>y un dise\u00f1o en <strong>dise\u00f1o responsivo<\/strong>. Nos aseguramos de que los tiempos de carga de las p\u00e1ginas sean m\u00ednimos para atraer y retener el m\u00e1ximo tr\u00e1fico. L'<strong>experiencia del usuario <\/strong>se trouve au c\u0153ur de nos pr\u00e9occupations.<\/p>\n<p style=\"text-align: left;\">Conf\u00edenos su sitio web comercial. Ser\u00e1 su mejor venta.<\/p>\n\n\t\t<\/div>\n\t\t\t\t\t<\/div>\n\n\t\n\n<\/div>\n\n\t\t<\/div>\n\n\t\t\n<style>\n#section_2044844591 {\n  padding-top: 30px;\n  padding-bottom: 30px;\n}\n<\/style>\n\t<\/section>\n\t\n\n\t<section class=\"section\" id=\"section_917975961\">\n\t\t<div class=\"section-bg fill\" >\n\t\t\t\t\t\t\t\t\t<div class=\"section-bg-overlay absolute fill\"><\/div>\n\t\t\t\n\n\t\t<\/div>\n\n\t\t\n\n\t\t<div class=\"section-content relative\">\n\t\t\t\n\n<div class=\"row align-center\"  id=\"row-1895481470\">\n\n\n\t<div id=\"col-1578019121\" class=\"col medium-9 small-12 large-9\"  >\n\t\t\t\t<div class=\"col-inner text-center\"  >\n\t\t\t\n\t\t\t\n\n<p style=\"text-align: center;\"><strong>ESCUCH\u00c1NDOTE<br \/><\/strong><strong>H\u00e1blenos de su <\/strong><strong>proyecto de sitio web de comercio electr\u00f3nico<\/strong><strong>.<\/strong><\/p>\n<p style=\"text-align: center;\"><strong>Contacte con nuestra agencia digital.<\/strong><\/p>\n\n\t\t<\/div>\n\t\t\t\t\n<style>\n#col-1578019121 > .col-inner {\n  margin: 0px 0px -20px 0px;\n}\n<\/style>\n\t<\/div>\n\n\t\n\n<\/div>\n<div class=\"row align-center\"  id=\"row-890452984\">\n\n\n\t<div id=\"col-438199079\" class=\"col medium-6 small-12 large-6\"  >\n\t\t\t\t<div class=\"col-inner text-left\"  >\n\t\t\t\n\t\t\t\n\n\n<div class=\"wpcf7 no-js\" id=\"wpcf7-f8-o1\" lang=\"en-US\" dir=\"ltr\" data-wpcf7-id=\"8\">\n<div class=\"screen-reader-response\"><p role=\"status\" aria-live=\"polite\" aria-atomic=\"true\"><\/p> <ul><\/ul><\/div>\n<form action=\"\/es\/wp-json\/wp\/v2\/pages\/4488#wpcf7-f8-o1\" method=\"post\" class=\"wpcf7-form init\" aria-label=\"Contact form\" novalidate=\"novalidate\" data-status=\"init\" data-trp-original-action=\"\/es\/wp-json\/wp\/v2\/pages\/4488#wpcf7-f8-o1\">\n<div style=\"display: none;\">\n<input type=\"hidden\" name=\"_wpcf7\" value=\"8\" \/>\n<input type=\"hidden\" name=\"_wpcf7_version\" value=\"6.0.4\" \/>\n<input type=\"hidden\" name=\"_wpcf7_locale\" value=\"en_US\" \/>\n<input type=\"hidden\" name=\"_wpcf7_unit_tag\" value=\"wpcf7-f8-o1\" \/>\n<input type=\"hidden\" name=\"_wpcf7_container_post\" value=\"0\" \/>\n<input type=\"hidden\" name=\"_wpcf7_posted_data_hash\" value=\"\" \/>\n<\/div>\n<div class=\"form\">\n\t<p><span class=\"wpcf7-form-control-wrap\" data-name=\"your-name\"><input size=\"40\" maxlength=\"400\" class=\"wpcf7-form-control wpcf7-text wpcf7-validates-as-required\" aria-required=\"true\" aria-invalid=\"false\" placeholder=\"Nombre y apellidos\" value=\"\" type=\"text\" name=\"your-name\" \/><\/span><br \/>\n<span class=\"wpcf7-form-control-wrap\" data-name=\"your-email\"><input size=\"40\" maxlength=\"400\" class=\"wpcf7-form-control wpcf7-email wpcf7-validates-as-required wpcf7-text wpcf7-validates-as-email\" aria-required=\"true\" aria-invalid=\"false\" placeholder=\"Env\u00ede un correo electr\u00f3nico a\" value=\"\" type=\"email\" name=\"your-email\" \/><\/span><br \/>\n<span class=\"wpcf7-form-control-wrap\" data-name=\"your-tel\"><input size=\"40\" maxlength=\"400\" class=\"wpcf7-form-control wpcf7-tel wpcf7-validates-as-required wpcf7-text wpcf7-validates-as-tel\" aria-required=\"true\" aria-invalid=\"false\" placeholder=\"Tel\u00e9fono\" value=\"\" type=\"tel\" name=\"your-tel\" \/><\/span><br \/>\n<span class=\"wpcf7-form-control-wrap\" data-name=\"your-message\"><textarea cols=\"40\" rows=\"10\" maxlength=\"2000\" class=\"wpcf7-form-control wpcf7-textarea wpcf7-validates-as-required\" aria-required=\"true\" aria-invalid=\"false\" placeholder=\"Mensaje\" name=\"your-message\"><\/textarea><\/span><br \/>\n<span class=\"wpcf7-form-control-wrap bwscaptcha-287\" data-name=\"bwscaptcha-287\"><input style=\"display:none;\" class=\"wpcf7-form-control wpcf7-bwscaptcha\" aria-required=\"true\" type=\"text\" name=\"bwscaptcha-287\" value=\"\" \/><p class=\"cptch_block\"><span class=\"cptch_title cptch_to_remove\">\u00bfHumano?<span class=\"required\"> *<\/span><\/span><span id=\"cptch_time_limit_notice_98\" class=\"cptch_time_limit_notice cptch_to_remove\">Time limit exceeded. Please complete the captcha once again.<\/span><span class=\"cptch_wrap cptch_math_actions\">\n\t\t\t\t<label class=\"cptch_label\" for=\"cptch_input_98\"><span class=\"cptch_span\">2<\/span>\n\t\t\t\t\t<span class=\"cptch_span\">&nbsp;-&nbsp;<\/span>\n\t\t\t\t\t<span class=\"cptch_span\">tw&#111;<\/span>\n\t\t\t\t\t<span class=\"cptch_span\">&nbsp;=&nbsp;<\/span>\n\t\t\t\t\t<span class=\"cptch_span\"><input id=\"cptch_input_98\" class=\"cptch_input wpcf7-form-control wpcf7-bwscaptcha\" type=\"text\" autocomplete=\"off\" name=\"bwscaptcha-287\" value=\"\" maxlength=\"2\" size=\"2\" aria-required=\"true\" required=\"required\" style=\"margin-bottom:0;display:inline;font-size: 12px;width: 40px;\" \/><\/span><input type=\"hidden\" name=\"cptch_form\" value=\"cf7_contact\" \/>\n\t\t\t\t<\/label><span class=\"cptch_reload_button_wrap hide-if-no-js\">\n\t\t\t\t\t<noscript>\n\t\t\t\t\t\t<style type=\"text\/css\">\n\t\t\t\t\t\t\t.hide-if-no-js {\n\t\t\t\t\t\t\t\tdisplay: none !important;\n\t\t\t\t\t\t\t}\n\t\t\t\t\t\t<\/style>\n\t\t\t\t\t<\/noscript>\n\t\t\t\t\t<span class=\"cptch_reload_button dashicons dashicons-update\"><\/span>\n\t\t\t\t<\/span><\/span><\/p><\/span><br \/>\n<input class=\"wpcf7-form-control wpcf7-submit has-spinner button\" type=\"submit\" value=\"Enviar\" \/>\n\t<\/p>\n<\/div><div class=\"wpcf7-response-output\" aria-hidden=\"true\"><\/div>\n<input type=\"hidden\" name=\"trp-form-language\" value=\"es\"\/><\/form>\n<\/div>\n\n\n\n\t\t<\/div>\n\t\t\t\t\t<\/div>\n\n\t\n\n<\/div>\n\n\t\t<\/div>\n\n\t\t\n<style>\n#section_917975961 {\n  padding-top: 30px;\n  padding-bottom: 30px;\n}\n#section_917975961 .section-bg-overlay {\n  background-color: rgb(241, 241, 241);\n}\n<\/style>\n\t<\/section>","protected":false},"excerpt":{"rendered":"","protected":false},"author":9,"featured_media":0,"parent":0,"menu_order":0,"comment_status":"closed","ping_status":"closed","template":"page-transparent-header-light.php","meta":{"footnotes":""},"class_list":["post-4488","page","type-page","status-publish","hentry"],"_links":{"self":[{"href":"https:\/\/belmont-web.com\/es\/wp-json\/wp\/v2\/pages\/4488","targetHints":{"allow":["GET"]}}],"collection":[{"href":"https:\/\/belmont-web.com\/es\/wp-json\/wp\/v2\/pages"}],"about":[{"href":"https:\/\/belmont-web.com\/es\/wp-json\/wp\/v2\/types\/page"}],"author":[{"embeddable":true,"href":"https:\/\/belmont-web.com\/es\/wp-json\/wp\/v2\/users\/9"}],"replies":[{"embeddable":true,"href":"https:\/\/belmont-web.com\/es\/wp-json\/wp\/v2\/comments?post=4488"}],"version-history":[{"count":5,"href":"https:\/\/belmont-web.com\/es\/wp-json\/wp\/v2\/pages\/4488\/revisions"}],"predecessor-version":[{"id":8260,"href":"https:\/\/belmont-web.com\/es\/wp-json\/wp\/v2\/pages\/4488\/revisions\/8260"}],"wp:attachment":[{"href":"https:\/\/belmont-web.com\/es\/wp-json\/wp\/v2\/media?parent=4488"}],"curies":[{"name":"wp","href":"https:\/\/api.w.org\/{rel}","templated":true}]}}