{"id":6048,"date":"2021-09-20T10:27:52","date_gmt":"2021-09-20T08:27:52","guid":{"rendered":"https:\/\/belmont-web.com\/?page_id=6048"},"modified":"2022-08-22T18:33:31","modified_gmt":"2022-08-22T16:33:31","slug":"conditions-generales","status":"publish","type":"page","link":"https:\/\/belmont-web.com\/es\/condiciones-generales\/","title":{"rendered":"Condiciones generales"},"content":{"rendered":"<p><strong>CONDICIONES GENERALES<br><br><\/strong><strong>La firma de un presupuesto, as\u00ed como el pago de una factura de Belmont Web S\u00e0rl, implica la aceptaci\u00f3n de estas condiciones generales de servicio.<\/strong><\/p>\n\n\n\n<p><strong>ART\u00cdCULO 1 - LAS PARTES <\/strong>El t\u00e9rmino cliente se refiere a cualquier persona jur\u00eddica o f\u00edsica que haya solicitado las competencias de la empresa Belmont Web S\u00e0rl para cualquier servicio o producto web. El cliente declara que tiene plena capacidad legal para comprometerse en estas condiciones generales de venta. El t\u00e9rmino Belmont Web S\u00e0rl designa el nombre comercial de la empresa, designada bajo el t\u00e9rmino proveedor. El t\u00e9rmino tercero se refiere a cualquier persona f\u00edsica o jur\u00eddica que no sea parte del contrato.<\/p>\n\n\n\n<p><strong>ART\u00cdCULO 2 - OBJETO DEL CONTRATO <\/strong>El contrato establece la relaci\u00f3n comercial entre Belmont Web Ltd. y el cliente.<\/p>\n\n\n\n<p><strong>ART\u00cdCULO 3 - RELACIONES CONTRACTUALES <\/strong>Aucun contact t\u00e9l\u00e9phonique, ni rendez-vous, ne vaut engagement. Avant toute commande, le prestataire \u00e9dite et envoie un devis au client. Le devis est d\u00e9clar\u00e9 ferme et d\u00e9finitif et donne naissance aux obligations entre les parties d\u00e8s r\u00e9ception par retour de courrier (postal ou \u00e9lectronique) du document dat\u00e9 et sign\u00e9, accompagn\u00e9 d&#8217;un acompte entre 30 et 50% du montant total du devis. (Une facture d&#8217;acompte vous sera envoy\u00e9e par email) Le solde est ensuite payable d\u00e8s r\u00e9ception de la facture, apr\u00e8s r\u00e9alisation de la prestation. Le devis servant de bon de commande et donc de contrat, sera consid\u00e9r\u00e9 comme valid\u00e9 une fois le premier paiement effectu\u00e9. Le prestataire ne d\u00e9butera aucun d\u00e9veloppement avant r\u00e9ception du premier versement (site web). Cette disposition est un \u00e9l\u00e9ment essentiel du contrat. Concernant les prestations de r\u00e9f\u00e9rencement, celles-ci sont factur\u00e9es apr\u00e8s r\u00e9alisation de la prestation. En fonction de la prestation choisie, la r\u00e9alisation compl\u00e8te du r\u00e9f\u00e9rencement prend plusieurs mois. La dur\u00e9e est alors indiqu\u00e9e sur le devis.<\/p>\n\n\n\n<p><strong>ART\u00cdCULO 4 - TRATAMIENTO Y ENV\u00cdO DE EXPEDIENTES POR PARTE DEL CLIENTE <\/strong>El cliente es responsable de enviar todos los archivos (textos, fuentes e im\u00e1genes, incluidos los de terceros, libres de derechos, estructura y\/o modelo de datos) al proveedor de servicios antes del inicio del desarrollo. Las fotos deben proporcionarse en formato electr\u00f3nico, al igual que los textos de varios cientos de l\u00edneas. Belmont Web S\u00e0rl no se responsabiliza de las posibles faltas de ortograf\u00eda en los textos facilitados por el cliente, no obstante, Belmont Web S\u00e0rl corregir\u00e1 los textos cuando se inserte el contenido en el sitio web. Si el cliente desea un tipo de letra concreto, deber\u00e1 introducirlo en sus env\u00edos (en el caso de las fuentes no libres de derechos, el coste de la licencia correr\u00e1 a cargo del cliente). Las im\u00e1genes deben suministrarse en un tama\u00f1o y resoluci\u00f3n suficientes (sin alteraciones, m\u00ednimo 100 ppp), para garantizar una buena representaci\u00f3n del sitio web final.<\/p>\n\n\n\n<p><strong>ART\u00cdCULO 5 - MODIFICACI\u00d3N DE LA SOLICITUD INICIAL POR PARTE DEL CLIENTE <\/strong>Todo nuevo desarrollo que se lleve a cabo ser\u00e1 objeto de una nueva estimaci\u00f3n. Si las modificaciones o retoques de los desarrollos previstos en su presupuesto dan lugar a una intervenci\u00f3n :<\/p>\n\n\n\n<p>\u00a0- cuya duraci\u00f3n es manifiestamente excesiva en relaci\u00f3n con el tiempo que normalmente requiere su desarrollo,<br>- cuya naturaleza tiende a alterar significativamente los desarrollos propuestos en el pliego de condiciones<br>&#8211; n\u00e9cessite le traitement des sources afin de les rendre exploitables pour r\u00e9aliser le d\u00e9veloppement ou le param\u00e9trage du d\u00e9veloppement (notamment pour l&#8217;insertion de donn\u00e9es dans une base MySQL), une facturation suppl\u00e9mentaire sera \u00e9tablie sur la base d&#8217;un tarif horaire.<\/p>\n\n\n\n<p><strong>ART\u00cdCULO 6 - MODIFICACI\u00d3N DEL PLAZO <\/strong>Los cambios significativos, la reelaboraci\u00f3n, los retrasos en la toma de decisiones o el retraso en la entrega de documentos por parte del cliente necesarios para el desarrollo pospondr\u00e1n el plazo de entrega acordado entre las partes.<\/p>\n\n\n\n<p><strong>ART\u00cdCULO 7- TRANSFERENCIA DE DERECHOS <\/strong>La cesi\u00f3n de los derechos de uso y la modificaci\u00f3n de los desarrollos realizados por el prestador de servicios s\u00f3lo surtir\u00e1n efecto tras el cobro \u00edntegro de los importes facturados, salvo que se estipule lo contrario en el presupuesto y\/o la factura. En ese caso, el proveedor de servicios s\u00f3lo podr\u00e1 intervenir en el desarrollo a petici\u00f3n escrita del cliente. Por supuesto, esta cesi\u00f3n no se refiere al derecho a distribuir el desarrollo en la web.<\/p>\n\n\n\n<p><strong>ART\u00cdCULO 8 - CONDICIONES DE PAGO <\/strong>Les d\u00e9veloppements doivent \u00eatre r\u00e9gl\u00e9s au comptant. Le r\u00e8glement devra parvenir \u00e0 \u2013 Belmont Web S\u00e0rl, Av. Mongi Slim &#8211; par stripe ou par virement bancaire suivant la date d&#8217;\u00e9ch\u00e9ance sp\u00e9cifi\u00e9e sur la facture.<\/p>\n\n\n\n<p><strong>ART\u00cdCULO 9 - SANCIONES POR RETRASO EN EL PAGO <\/strong>Pour les clients, application d&#8217;une indemnit\u00e9 forfaitaire pour frais de recouvrement.<\/p>\n\n\n\n<p><strong>ART\u00cdCULO 10 - FUERZA MAYOR <\/strong>Las partes no ser\u00e1n responsables ni incumplir\u00e1n sus obligaciones contractuales cuando el incumplimiento de las mismas se deba a causas de fuerza mayor; el contrato entre las partes se suspender\u00e1 hasta que hayan cesado las causas de la fuerza mayor.<\/p>\n\n\n\n<p>La fuerza mayor tiene en cuenta hechos o circunstancias irresistibles, ajenos a las partes, imprevisibles e independientes de la voluntad de \u00e9stas, a pesar de todos los esfuerzos razonablemente posibles para evitarlos. Tambi\u00e9n se consideran causas de fuerza mayor el bloqueo de los medios de transporte o de los suministros, los terremotos, los incendios, las tormentas, las inundaciones, los rayos, la paralizaci\u00f3n de las redes de telecomunicaciones y, en particular, de todas las redes accesibles por Internet, o las dificultades propias de las redes de telecomunicaciones ajenas a las partes. La parte afectada por la fuerza mayor deber\u00e1 notificar a la otra parte dentro de los cinco (5) d\u00edas h\u00e1biles siguientes a la fecha en que tenga conocimiento de la fuerza mayor. A continuaci\u00f3n, las dos partes acordar\u00e1n las condiciones en las que se continuar\u00e1 con la ejecuci\u00f3n del contrato.<\/p>\n\n\n\n<p><strong>ARTICLE 11 &#8211; PROMOTION DES CR\u00c9ATIONS <\/strong>Salvo que se acuerde lo contrario por escrito, el prestador de servicios podr\u00e1 distribuir todas las creaciones realizadas, ya sea para el cliente o para un tercero para el que trabaje, a efectos de \"presentaci\u00f3n de creaciones\" en todo tipo de soportes sin l\u00edmite de tiempo. Un art\u00edculo escrito en su sitio web sobre \"Belmont Web - creaci\u00f3n de sitios web\" puede ser colocado en las creaciones web producidas con un enlace al sitio www.Belmont-web.com ya que esto est\u00e1 vinculado a la naturaleza de los desarrollos, que pueden cambiar y el t\u00e9rmino apropiado retenido quedar\u00e1 a discreci\u00f3n del proveedor.<\/p>\n\n\n\n<p><strong>ARTICLE 12 \u2013 TRANSFERT D\u2019ACTIVIT\u00c9S <\/strong>Tambi\u00e9n puede ser transmitida a las empresas que contribuyen a esta relaci\u00f3n, como las encargadas de la ejecuci\u00f3n de los servicios y \u00f3rdenes para su gesti\u00f3n, ejecuci\u00f3n, tramitaci\u00f3n y pago. Los contratos comerciales tambi\u00e9n pueden transferirse a un tercero sin que cambien las obligaciones contractuales del proveedor de servicios y del cliente.<\/p>\n\n\n\n<p><strong>ARTICLE 12 &#8211; LES CONDITIONS G\u00c9N\u00c9RALES DE VENTE <\/strong>El Proveedor puede modificar, a\u00f1adir o eliminar disposiciones de estas condiciones sin previo aviso a sus clientes o a terceros.<\/p>\n\n\n\n<p><strong>ART\u00cdCULO 13 - SOLUCI\u00d3N DE CONTROVERSIAS <\/strong>Tout litige en rapport avec les pr\u00e9sentes Conditions g\u00e9n\u00e9rales et tout Contrat sign\u00e9, sa conclusion, son ex\u00e9cution ou sa r\u00e9siliation soumis au droit Tunisien. Il est fait attribution exclusive de juridiction aux tribunaux comp\u00e9tents de Gab\u00e8s.<\/p>","protected":false},"excerpt":{"rendered":"<p>CONDITIONS G\u00c9N\u00c9RALES La signature d&#8217;un devis, ainsi que le paiement d\u2019une facture de Belmont Web S\u00e0rl vaut acceptation des pr\u00e9sentes conditions g\u00e9n\u00e9rales des prestations. ARTICLE 1 &#8211; LES PARTIES Le terme client d\u00e9signe toute personne morale ou physique, ayant requis les comp\u00e9tences de l&#8217;entreprise Belmont Web S\u00e0rl pour toutes prestations ou r\u00e9alisations de produits web. [&#8230;]","protected":false},"author":1,"featured_media":0,"parent":0,"menu_order":0,"comment_status":"closed","ping_status":"closed","template":"","meta":{"footnotes":""},"class_list":["post-6048","page","type-page","status-publish","hentry"],"_links":{"self":[{"href":"https:\/\/belmont-web.com\/es\/wp-json\/wp\/v2\/pages\/6048","targetHints":{"allow":["GET"]}}],"collection":[{"href":"https:\/\/belmont-web.com\/es\/wp-json\/wp\/v2\/pages"}],"about":[{"href":"https:\/\/belmont-web.com\/es\/wp-json\/wp\/v2\/types\/page"}],"author":[{"embeddable":true,"href":"https:\/\/belmont-web.com\/es\/wp-json\/wp\/v2\/users\/1"}],"replies":[{"embeddable":true,"href":"https:\/\/belmont-web.com\/es\/wp-json\/wp\/v2\/comments?post=6048"}],"version-history":[{"count":5,"href":"https:\/\/belmont-web.com\/es\/wp-json\/wp\/v2\/pages\/6048\/revisions"}],"predecessor-version":[{"id":8224,"href":"https:\/\/belmont-web.com\/es\/wp-json\/wp\/v2\/pages\/6048\/revisions\/8224"}],"wp:attachment":[{"href":"https:\/\/belmont-web.com\/es\/wp-json\/wp\/v2\/media?parent=6048"}],"curies":[{"name":"wp","href":"https:\/\/api.w.org\/{rel}","templated":true}]}}