{"id":4441,"date":"2020-07-29T15:00:15","date_gmt":"2020-07-29T13:00:15","guid":{"rendered":"https:\/\/belmont-web.com\/?page_id=4441"},"modified":"2020-08-10T14:14:38","modified_gmt":"2020-08-10T12:14:38","slug":"creation-de-contenu","status":"publish","type":"page","link":"https:\/\/belmont-web.com\/zh\/creation-de-contenu\/","title":{"rendered":"\u5185\u5bb9\u521b\u4f5c"},"content":{"rendered":"<section class=\"section\" id=\"section_635267855\">\n\t\t<div class=\"section-bg fill\" >\n\t\t\t<img loading=\"lazy\" decoding=\"async\" width=\"2048\" height=\"1463\" src=\"https:\/\/belmont-web.com\/wp-content\/uploads\/2020\/08\/pexels-startup-stock-photos-7375-scaled.jpg\" class=\"bg attachment- size-\" alt=\"\" title=\"\">\t\t\t\t\t\t\n\t\t\t\n\n\t\t<\/div>\n\n\t\t\n\n\t\t<div class=\"section-content relative\">\n\t\t\t\n\n<div class=\"row\"  id=\"row-1598757255\">\n\n\n\t<div id=\"col-95858749\" class=\"col small-12 large-12\"  data-animate=\"bounceInRight\">\n\t\t\t\t<div class=\"col-inner\"  >\n\t\t\t\n\t\t\t\n\n<h2 style=\"text-align: center; color:white; font-size:50px\"><strong>\u5185\u5bb9\u521b\u4f5c<\/strong><\/h2>\n\n\t\t<\/div>\n\t\t\t\t\t<\/div>\n\n\t\n\n<\/div>\n\n\t\t<\/div>\n\n\t\t\n<style>\n#section_635267855 {\n  padding-top: 30px;\n  padding-bottom: 30px;\n  min-height: 400px;\n}\n#section_635267855 .section-bg img {\n  object-position: 54% 44%;\n}\n<\/style>\n\t<\/section>\n\t\n\n\t<section class=\"section dark\" id=\"section_1164428609\">\n\t\t<div class=\"section-bg fill\" >\n\t\t\t\t\t\t\t\t\t\n\t\t\t\n\n\t\t<\/div>\n\n\t\t\n\n\t\t<div class=\"section-content relative\">\n\t\t\t\n\n<div class=\"row\"  id=\"row-2140238825\">\n\n\n\t<div id=\"col-934543414\" class=\"col medium-9 small-12 large-9\"  data-animate=\"bounceInLeft\">\n\t\t\t\t<div class=\"col-inner\" style=\"background-color:rgb(39, 54, 71);\" >\n\t\t\t\n\t\t\t\n\n<h2>Besoin de contenus web de qualit\u00e9 pour votre site?<\/h2>\n<h3>\u4f60\u6765\u5230\u4e86\u6b63\u786e\u7684\u5730\u65b9!<\/h3>\n<p>\u8d1d\u5c14\u8499\u7f51\u7edc\u662f\u4e00\u4e2a <strong>\u6570\u5b57\u673a\u6784<\/strong> Tunisie sp\u00e9cialiste de la <strong>\u9762\u5411\u7528\u6237\u7684\u7f51\u7ad9\u8bbe\u8ba1 <\/strong>\u548c\u4ed6\u4eec\u7684\u7ba1\u7406\u3002<\/p>\n<p><strong>\u81ea\u7136\u5f15\u7528<\/strong>,<strong> \u641c\u7d22\u5f15\u64ce\u4f18\u5316<\/strong>, <strong>\u6570\u5b57\u901a\u4fe1<\/strong> \u548c <strong>\u5e02\u573a\u8425\u9500<\/strong> <strong>\u7f51\u7edc <\/strong>\u662f\u6211\u4eec\u4e1a\u52a1\u7684\u6838\u5fc3\u3002<\/p>\n<p>\u5728\u6211\u4eec\u516c\u53f8\uff0c\u4f60\u4f1a\u53d1\u73b0<strong> \u6709\u6548\u7684\u89e3\u51b3\u65b9\u6848 <\/strong>\u4ee5\u53ef\u6301\u7eed\u5730\u6539\u5584 <strong>\u4f60\u7684\u516c\u53f8\u5728\u7f51\u4e0a\u7684\u77e5\u540d\u5ea6<\/strong>.\u8ba9\u6211\u4eec\u4e00\u8d77\u52aa\u529b\uff0c\u4ee5 <strong>\u8fc5\u901f\u5b9e\u73b0\u4f60\u7684\u76ee\u6807<\/strong>.<\/p>\n\n\t\t<\/div>\n\t\t\t\t\n<style>\n#col-934543414 > .col-inner {\n  padding: 60px 60px 60px 60px;\n  margin: -77px 0px 0px 0px;\n}\n<\/style>\n\t<\/div>\n\n\t\n\n<\/div>\n\n\t\t<\/div>\n\n\t\t\n<style>\n#section_1164428609 {\n  padding-top: 30px;\n  padding-bottom: 30px;\n  background-color: rgb(255,255,255);\n}\n<\/style>\n\t<\/section>\n\t\n<div class=\"row align-middle\"  id=\"row-1471588578\">\n\n\n\t<div id=\"col-716032875\" class=\"col medium-6 small-12 large-6\"  data-animate=\"fadeInLeft\">\n\t\t\t\t<div class=\"col-inner text-left\"  >\n\t\t\t\n\t\t\t\n\n<h3>DES CONTENUS DE QUALIT\u00c9<\/h3>\n<p>Vous cherchez un r\u00e9dacteur web exp\u00e9riment\u00e9 en SEO ?<\/p>\n<p>Votre nouveau site internet a besoin de contenus de qualit\u00e9 ?<\/p>\n<p>Les textes de votre site web doivent \u00eatre optimis\u00e9s ?<\/p>\n<p>Vous envisagez de lancer des articles de blog ou une newsletter?<\/p>\n\n\t\t<\/div>\n\t\t\t\t\t<\/div>\n\n\t\n\n\t<div id=\"col-2024690527\" class=\"col medium-6 small-12 large-6 small-col-first\"  data-animate=\"bounceIn\">\n\t\t\t\t<div class=\"col-inner\"  >\n\t\t\t\n\t\t\t\n\n\n\t<section class=\"section has-hover\" id=\"section_2121788984\">\n\t\t<div class=\"section-bg fill\" >\n\t\t\t\t\t\t\t\t\t\n\t\t\t\n\t<div class=\"is-border hover-bounce\"\n\t\tstyle=\"border-color:rgb(48, 53, 89);border-width:0px 0px 0px 40px;\">\n\t<\/div>\n\n\t\t<\/div>\n\n\t\t\n\n\t\t<div class=\"section-content relative\">\n\t\t\t\n\n<div class=\"row row-collapse\"  id=\"row-1639303606\">\n\n\n\t<div id=\"col-1386254549\" class=\"col small-12 large-12\"  >\n\t\t\t\t<div class=\"col-inner\"  >\n\t\t\t\n\t\t\t\n\n\n  <div class=\"banner has-hover\" id=\"banner-662978490\">\n          <div class=\"banner-inner fill\">\n        <div class=\"banner-bg fill\" >\n            <img loading=\"lazy\" decoding=\"async\" width=\"1020\" height=\"680\" src=\"https:\/\/belmont-web.com\/wp-content\/uploads\/2020\/07\/content-creator-1200x800.jpg\" class=\"bg attachment-large size-large\" alt=\"\" title=\"\">                                    \n\t<div class=\"is-border\"\n\t\tstyle=\"border-width:0px 0px 0px 0px;\">\n\t<\/div>\n                    <\/div>\n\t\t\n        <div class=\"banner-layers container\">\n            <div class=\"fill banner-link\"><\/div>            \n\n\n        <\/div>\n      <\/div>\n\n              <div class=\"height-fix is-invisible\"><img loading=\"lazy\" decoding=\"async\" width=\"1020\" height=\"680\" src=\"https:\/\/belmont-web.com\/wp-content\/uploads\/2020\/07\/content-creator-1200x800.jpg\" class=\"attachment-large size-large\" alt=\"\" srcset=\"https:\/\/belmont-web.com\/wp-content\/uploads\/2020\/07\/content-creator-1200x800.jpg 1200w, https:\/\/belmont-web.com\/wp-content\/uploads\/2020\/07\/content-creator-600x400.jpg 600w, https:\/\/belmont-web.com\/wp-content\/uploads\/2020\/07\/content-creator-768x512.jpg 768w, https:\/\/belmont-web.com\/wp-content\/uploads\/2020\/07\/content-creator-1536x1024.jpg 1536w, https:\/\/belmont-web.com\/wp-content\/uploads\/2020\/07\/content-creator-scaled.jpg 2048w\" sizes=\"auto, (max-width: 1020px) 100vw, 1020px\" title=\"\"><\/div>\n              <\/div>\n\n\n\n\t\t<\/div>\n\t\t\t\t\n<style>\n#col-1386254549 > .col-inner {\n  margin: 0px 0px 0px -15px;\n}\n<\/style>\n\t<\/div>\n\n\t\n\n<\/div>\n\n\t\t<\/div>\n\n\t\t\n<style>\n#section_2121788984 {\n  padding-top: 30px;\n  padding-bottom: 30px;\n}\n<\/style>\n\t<\/section>\n\t\n\n\t\t<\/div>\n\t\t\t\t\t<\/div>\n\n\t\n\n<\/div>\n\t<div id=\"gap-1182836578\" class=\"gap-element clearfix hide-for-medium\" style=\"display:block; height:auto;\">\n\t\t\n<style>\n#gap-1182836578 {\n  padding-top: 120px;\n}\n<\/style>\n\t<\/div>\n\t\n\n<div class=\"row align-middle\"  id=\"row-1608682624\">\n\n\n\t<div id=\"col-702943659\" class=\"col medium-6 small-12 large-6\"  data-animate=\"bounceIn\">\n\t\t\t\t<div class=\"col-inner\"  >\n\t\t\t\n\t\t\t\n\n\n\t<section class=\"section has-hover\" id=\"section_1851693347\">\n\t\t<div class=\"section-bg fill\" >\n\t\t\t\t\t\t\t\t\t\n\t\t\t\n\t<div class=\"is-border hover-bounce\"\n\t\tstyle=\"border-color:rgb(234, 108, 24);border-width:0px 0px 0px 40px;\">\n\t<\/div>\n\n\t\t<\/div>\n\n\t\t\n\n\t\t<div class=\"section-content relative\">\n\t\t\t\n\n<div class=\"row row-collapse\"  id=\"row-1733775741\">\n\n\n\t<div id=\"col-359550926\" class=\"col small-12 large-12\"  >\n\t\t\t\t<div class=\"col-inner\"  >\n\t\t\t\n\t\t\t\n\n\n  <div class=\"banner has-hover\" id=\"banner-1958408717\">\n          <div class=\"banner-inner fill\">\n        <div class=\"banner-bg fill\" >\n            <img loading=\"lazy\" decoding=\"async\" width=\"1020\" height=\"654\" src=\"https:\/\/belmont-web.com\/wp-content\/uploads\/2020\/08\/raul-varzar-UGqVvbRfAgI-unsplash-1247x800.jpg\" class=\"bg attachment-large size-large\" alt=\"\" title=\"\">                                    \n                    <\/div>\n\t\t\n        <div class=\"banner-layers container\">\n            <div class=\"fill banner-link\"><\/div>            \n\n\n        <\/div>\n      <\/div>\n\n              <div class=\"height-fix is-invisible\"><img loading=\"lazy\" decoding=\"async\" width=\"1020\" height=\"654\" src=\"https:\/\/belmont-web.com\/wp-content\/uploads\/2020\/08\/raul-varzar-UGqVvbRfAgI-unsplash-1247x800.jpg\" class=\"attachment-large size-large\" alt=\"\" srcset=\"https:\/\/belmont-web.com\/wp-content\/uploads\/2020\/08\/raul-varzar-UGqVvbRfAgI-unsplash-1247x800.jpg 1247w, https:\/\/belmont-web.com\/wp-content\/uploads\/2020\/08\/raul-varzar-UGqVvbRfAgI-unsplash-624x400.jpg 624w, https:\/\/belmont-web.com\/wp-content\/uploads\/2020\/08\/raul-varzar-UGqVvbRfAgI-unsplash-768x493.jpg 768w, https:\/\/belmont-web.com\/wp-content\/uploads\/2020\/08\/raul-varzar-UGqVvbRfAgI-unsplash-1536x985.jpg 1536w, https:\/\/belmont-web.com\/wp-content\/uploads\/2020\/08\/raul-varzar-UGqVvbRfAgI-unsplash-scaled.jpg 2048w, https:\/\/belmont-web.com\/wp-content\/uploads\/2020\/08\/raul-varzar-UGqVvbRfAgI-unsplash-600x385.jpg 600w\" sizes=\"auto, (max-width: 1020px) 100vw, 1020px\" title=\"\"><\/div>\n              <\/div>\n\n\n\n\t\t<\/div>\n\t\t\t\t\n<style>\n#col-359550926 > .col-inner {\n  margin: 0px 0px 0px -15px;\n}\n<\/style>\n\t<\/div>\n\n\t\n\n<\/div>\n\n\t\t<\/div>\n\n\t\t\n<style>\n#section_1851693347 {\n  padding-top: 31px;\n  padding-bottom: 31px;\n}\n<\/style>\n\t<\/section>\n\t\n\n\t\t<\/div>\n\t\t\t\t\t<\/div>\n\n\t\n\n\t<div id=\"col-204464949\" class=\"col medium-6 small-12 large-6\"  data-animate=\"fadeInRight\">\n\t\t\t\t<div class=\"col-inner\"  >\n\t\t\t\n\t\t\t\n\n<h3>DES CONTENUS OPTIMIS\u00c9S<\/h3>\n<p style=\"font-size:15px\">\u8bf7\u8054\u7cfb\u6211\u4eec <strong>agence web \u00e0 Gab\u00e8s <\/strong>pour vous accompagner dans la cr\u00e9ation de contenus pour internet. Nos <strong>r\u00e9dacteurs web exp\u00e9riment\u00e9s<\/strong> peuvent aussi bien <strong>produire de nouveaux textes<\/strong> qu\u2019<strong>optimiser des textes existants<\/strong>.<\/p>\n<p style=\"font-size:15px\">Pr\u00e9sentation de votre entreprise et de vos services de mani\u00e8re attractive ou <strong>r\u00e9daction d\u2019articles de blog et de newsletters<\/strong>, nous nous adaptons \u00e0 vos besoins. Petite, moyenne ou grande entreprise, nos r\u00e9ponses sont personnalis\u00e9es et nous pouvons facilement travailler \u00e0 distance.<\/p>\n\n\t\t<\/div>\n\t\t\t\t\n<style>\n#col-204464949 > .col-inner {\n  margin: 0px 0px -74px 0px;\n}\n<\/style>\n\t<\/div>\n\n\t\n\n\n<style>\n#row-1608682624 > .col > .col-inner {\n  padding: 0px 0px 55px 0px;\n}\n<\/style>\n<\/div>\n\t<div id=\"gap-2067274557\" class=\"gap-element clearfix\" style=\"display:block; height:auto;\">\n\t\t\n<style>\n#gap-2067274557 {\n  padding-top: 120px;\n}\n<\/style>\n\t<\/div>\n\t\n\n\n\t<section class=\"section\" id=\"section_1698172467\">\n\t\t<div class=\"section-bg fill\" >\n\t\t\t<img loading=\"lazy\" decoding=\"async\" width=\"2048\" height=\"1536\" src=\"https:\/\/belmont-web.com\/wp-content\/uploads\/2020\/08\/austin-distel-wD1LRb9OeEo-unsplash-scaled.jpg\" class=\"bg attachment- size-\" alt=\"\" title=\"\">\t\t\t\t\t\t\n\t\t\t\n\n\t\t<\/div>\n\n\t\t\n\n\t\t<div class=\"section-content relative\">\n\t\t\t\n\n\n\t\t<\/div>\n\n\t\t\n<style>\n#section_1698172467 {\n  padding-top: 30px;\n  padding-bottom: 30px;\n  min-height: 500px;\n}\n#section_1698172467 .section-bg img {\n  object-position: 0% 67%;\n}\n<\/style>\n\t<\/section>\n\t\n\n\t<section class=\"section dark\" id=\"section_323961481\">\n\t\t<div class=\"section-bg fill\" >\n\t\t\t\t\t\t\t\t\t\n\t\t\t\n\n\t\t<\/div>\n\n\t\t\n\n\t\t<div class=\"section-content relative\">\n\t\t\t\n\n<div class=\"row align-right\"  id=\"row-1356576657\">\n\n\n\t<div id=\"col-374543273\" class=\"col medium-10 small-12 large-10\"  data-animate=\"bounceInLeft\">\n\t\t\t\t<div class=\"col-inner text-center\"  >\n\t\t\t\n\t\t\t\n\n<h2>CR\u00c9ATION DE CONTENU ET R\u00c9F\u00c9RENCEMENT NATUREL<\/h2>\n<p style=\"text-align:justify\">\u01de\u01de\u01de <strong>qualit\u00e9 du contenu \u00e9ditorial d\u2019un site web<\/strong> joue un r\u00f4le important pour sa <strong>visibilit\u00e9 sur les moteurs de recherche<\/strong>. En effet, il ne suffit pas d\u2019avoir un site bien con\u00e7u o\u00f9 on r\u00e9p\u00e8te le m\u00eame mot-cl\u00e9 \u00e0 tout-va dans un texte mal \u00e9crit. Ce type de pratique est d\u2019ailleurs sanctionn\u00e9 par Google.<\/p>\n<p style=\"text-align:justify\">\u01de\u01de\u01de <strong>contenu d\u2019un blog <\/strong>ou d\u2019un site web doit \u00eatre bien r\u00e9dig\u00e9 et <strong>apporter des informations utiles aux visiteurs<\/strong>. Il faut que les textes r\u00e9pondent \u00e0 leurs requ\u00eates de mani\u00e8re claire et pertinente. Plus vous publiez de contenus sur votre site, plus les internautes ont de chances d\u2019y trouver des r\u00e9ponses. Votre site para\u00eetra fiable. Vous fid\u00e9liserez ainsi les visiteurs.\u00a0\u00a0<\/p>\n<p style=\"text-align:justify\">Gr\u00e2ce aux <strong>contenus optimis\u00e9s pour le web<\/strong>, vous am\u00e9liorez votre r\u00e9f\u00e9rencement naturel sur les moteurs de recherche. <strong>Produire du contenu qualitatif <\/strong>repr\u00e9sente donc l\u2019un des piliers du SEO. C\u2019est pourquoi il est essentiel de <strong>s<\/strong><strong>oigner la r\u00e9daction des textes<\/strong><strong> de votre site web<\/strong>.<\/p>\n\n\t\t<\/div>\n\t\t\t\t\n<style>\n#col-374543273 > .col-inner {\n  margin: -77px 0px 0px 0px;\n}\n<\/style>\n\t<\/div>\n\n\t\n\n\n<style>\n#row-1356576657 > .col > .col-inner {\n  padding: 60px 60px 40px 60px;\n  background-color: rgb(39, 54, 71);\n}\n<\/style>\n<\/div>\n\n\t\t<\/div>\n\n\t\t\n<style>\n#section_323961481 {\n  padding-top: 30px;\n  padding-bottom: 30px;\n  background-color: rgb(255,255,255);\n}\n<\/style>\n\t<\/section>\n\t\n\t<div id=\"gap-1085732559\" class=\"gap-element clearfix\" style=\"display:block; height:auto;\">\n\t\t\n<style>\n#gap-1085732559 {\n  padding-top: 120px;\n}\n<\/style>\n\t<\/div>\n\t\n\n\n\t<section class=\"section\" id=\"section_819131459\">\n\t\t<div class=\"section-bg fill\" >\n\t\t\t<img loading=\"lazy\" decoding=\"async\" width=\"2048\" height=\"1367\" src=\"https:\/\/belmont-web.com\/wp-content\/uploads\/2020\/08\/christina-wocintechchat-com-yhq2ymcPlZE-unsplash-scaled.jpg\" class=\"bg attachment- size-\" alt=\"\" title=\"\">\t\t\t\t\t\t<div class=\"section-bg-overlay absolute fill\"><\/div>\n\t\t\t\n\n\t\t<\/div>\n\n\t\t\n\n\t\t<div class=\"section-content relative\">\n\t\t\t\n\n<div class=\"row align-center\"  id=\"row-1817776384\">\n\n\n\t<div id=\"col-370976759\" class=\"col medium-9 small-12 large-9\"  data-animate=\"bounceInLeft\">\n\t\t\t\t<div class=\"col-inner text-center\"  >\n\t\t\t\n\t\t\t\n\n<h2>LES PRINCIPALES R\u00c8GLES DE LA R\u00c9DACTION WEB<\/h2>\n<p style=\"text-align: left;\">Le positionnement de votre site web d\u00e9pend en grande partie de la <strong>r\u00e9daction de textes selon les r\u00e8gles du web<\/strong>. De fait, de nombreux \u00e9l\u00e9ments d\u00e9terminent la <strong>qualit\u00e9 d\u2019un contenu \u00e9ditorial<\/strong>. En voici quelques-uns pour vous donner une id\u00e9e .<\/p>\n\n\t\t<\/div>\n\t\t\t\t\t<\/div>\n\n\t\n\n<\/div>\n<div class=\"row align-center\"  id=\"row-430746474\">\n\n\n\t<div id=\"col-1348720257\" class=\"col medium-7 small-12 large-7\"  data-animate=\"bounceInRight\">\n\t\t\t\t<div class=\"col-inner\"  >\n\t\t\t\n\t\t\t\n\n<ul style=\"text-shadow: 0px 0px2px #000;\">\n<li>un titre court et accrocheur<\/li>\n<li>une introduction explicite et percutante<\/li>\n<li>la vari\u00e9t\u00e9 des textes sur le site web<\/li>\n<li>le nombre de mots par page<\/li>\n<li>la concision des phrases<\/li>\n<li>la vari\u00e9t\u00e9 des termes utilis\u00e9s<\/li>\n<li>l\u2019utilisation du champ lexical d\u2019un mot-cl\u00e9<\/li>\n<li>une orthographe et une syntaxe correctes<\/li>\n<li>la structuration des textes avec des titres, sous-titres et paragraphes<\/li>\n<li>l\u2019emploi de connecteurs logiques<\/li>\n<li>un style dynamique et rapidement compr\u00e9hensible<\/li>\n<li>l\u2019int\u00e9gration de liens hypertextes<\/li>\n<\/ul>\n\n\t\t<\/div>\n\t\t\t\t\t<\/div>\n\n\t\n\n<\/div>\n<div class=\"row align-center\"  id=\"row-450868401\">\n\n\n\t<div id=\"col-1940899413\" class=\"col medium-9 small-12 large-9\"  data-animate=\"bounceInLeft\">\n\t\t\t\t<div class=\"col-inner\"  >\n\t\t\t\n\t\t\t\n\n<p style=\"text-align: left;\">Un <strong>bon r\u00e9dacteur web <\/strong>ma\u00eetrise parfaitement toutes ces r\u00e8gles et maintient ses connaissances \u00e0 jour. Il s\u2019agit d\u2019un m\u00e9tier \u00e0 part enti\u00e8re puisqu\u2019il requiert une formation et des comp\u00e9tences sp\u00e9cifiques. Sachez que <strong>les contenus produits doivent \u00eatre originaux et uniques<\/strong>, c\u2019est-\u00e0-dire non dupliqu\u00e9s d\u2019autres sites web.<\/p>\n\n\t\t<\/div>\n\t\t\t\t\n<style>\n#col-1940899413 > .col-inner {\n  margin: 0px 0px -30px 0px;\n}\n<\/style>\n\t<\/div>\n\n\t\n\n<\/div>\n\n\t\t<\/div>\n\n\t\t\n<style>\n#section_819131459 {\n  padding-top: 30px;\n  padding-bottom: 30px;\n}\n#section_819131459 .section-bg-overlay {\n  background-color: rgba(255, 255, 255, 0.76);\n}\n<\/style>\n\t<\/section>\n\t\n\t<div id=\"gap-1341509224\" class=\"gap-element clearfix\" style=\"display:block; height:auto;\">\n\t\t\n<style>\n#gap-1341509224 {\n  padding-top: 120px;\n}\n<\/style>\n\t<\/div>\n\t\n\n\n\t<section class=\"section\" id=\"section_546345002\">\n\t\t<div class=\"section-bg fill\" >\n\t\t\t\t\t\t\t\t\t\n\t\t\t\n\n\t\t<\/div>\n\n\t\t\n\n\t\t<div class=\"section-content relative\">\n\t\t\t\n\n<div class=\"row align-center\"  id=\"row-283852997\">\n\n\n\t<div id=\"col-336754637\" class=\"col medium-9 small-12 large-9\"  data-animate=\"bounceInLeft\">\n\t\t\t\t<div class=\"col-inner text-center\"  >\n\t\t\t\n\t\t\t\n\n<h2>UNE AGENCE DIGITALE SP\u00c9CIALIS\u00c9E DANS LA CR\u00c9ATION DE CONTENUS POUR LE WEB<\/h2>\n<p style=\"text-align: left;\">L\u2019\u00e9quipe de Belmont Web compte des experts dans tous les domaines du secteur digital : chefs de projets, d\u00e9veloppeurs web, consultants en SEO et en r\u00e9f\u00e9rencement naturel, web designers, sp\u00e9cialistes en marketing online et <strong>cr\u00e9ateurs de contenus pour internet<\/strong>.<\/p>\n<p style=\"text-align: left;\">Vous l\u2019avez compris, la <strong>r\u00e9daction \u00e9ditoriale<\/strong> constitue une \u00e9tape primordiale dans la conception de votre site web.\u00a0Quels que soient vos <strong>besoins en production de contenus<\/strong>, nous vous proposons des solutions adapt\u00e9es. Vous pouvez notamment faire appel aux <strong>talents de nos r\u00e9dacteurs<\/strong> pour :<\/p>\n\n\t\t<\/div>\n\t\t\t\t\n<style>\n#col-336754637 > .col-inner {\n  margin: 0px 0px -20px 0px;\n}\n<\/style>\n\t<\/div>\n\n\t\n\n<\/div>\n<div class=\"row align-center\"  id=\"row-1960519156\">\n\n\n\t<div id=\"col-2136350043\" class=\"col medium-6 small-12 large-6\"  data-animate=\"bounceInLeft\">\n\t\t\t\t<div class=\"col-inner text-left\"  >\n\t\t\t\n\t\t\t\n\n<ul>\n<li>r\u00e9diger le contenu de votre nouveau site web<\/li>\n<li>actualiser et optimiser les textes d\u2019un site internet existant<\/li>\n<li>produire des fiches produits pour un site d\u2019e-commerce<\/li>\n<li>cr\u00e9er des articles de blog pour enrichir votre site<\/li>\n<li>\u00e9crire des newsletters<\/li>\n<li>et plus encore !<\/li>\n<\/ul>\n\n\t\t<\/div>\n\t\t\t\t\n<style>\n#col-2136350043 > .col-inner {\n  margin: 0px 0px -30px 0px;\n}\n<\/style>\n\t<\/div>\n\n\t\n\n<\/div>\n<div class=\"row align-center\"  id=\"row-877764618\">\n\n\n\t<div id=\"col-2135275993\" class=\"col medium-9 small-12 large-9\"  data-animate=\"bounceInRight\">\n\t\t\t\t<div class=\"col-inner text-center\"  >\n\t\t\t\n\t\t\t\n\n<p style=\"text-align: left;\">Nos <strong>r\u00e9dacteurs web exp\u00e9riment\u00e9s<\/strong> produisent des <strong>textes uniques, document\u00e9s et bien \u00e9crits<\/strong>. Ils s\u2019adaptent \u00e0 tous les sujets et \u00e0 tous les types de sites, aussi bien institutionnels que marchands. Nos <strong>cr\u00e9ateurs de contenus<\/strong> trouveront <strong>les mots pour valoriser votre entreprise<\/strong> et rendre votre activit\u00e9 compr\u00e9hensible et attractive.\u00a0\u00a0\u00a0\u00a0<\/p>\n<p>Confiez-nous la cr\u00e9ation des contenus web de votre site. Il sera votre meilleur vendeur.<\/p>\n\n\t\t<\/div>\n\t\t\t\t\t<\/div>\n\n\t\n\n<\/div>\n<div class=\"row\"  id=\"row-2020550259\">\n\n\n\t<div id=\"col-1112284119\" class=\"col small-12 large-12\"  data-animate=\"bounceInUp\">\n\t\t\t\t<div class=\"col-inner\"  >\n\t\t\t\n\t\t\t\n\n<p style=\"text-align: center;\"><strong>\u503e\u542c\u4f60\u7684\u58f0\u97f3<br \/><\/strong><strong>\u8bf7\u544a\u8bc9\u6211\u4eec\u60a8\u7684\u7f51\u7ad9\u521b\u5efa\u9879\u76ee\u3002<\/strong><\/p>\n<p style=\"text-align: center;\"><strong>\u8054\u7cfb\u6211\u4eec\u7684\u6570\u5b57\u673a\u6784\u3002<\/strong><\/p>\n\n\t\t<\/div>\n\t\t\t\t\t<\/div>\n\n\t\n\n<\/div>\n<div class=\"row align-center\"  id=\"row-1372960007\">\n\n\n\t<div id=\"col-1167755590\" class=\"col medium-6 small-12 large-6\"  >\n\t\t\t\t<div class=\"col-inner text-left\"  >\n\t\t\t\n\t\t\t\n\n\n<div class=\"wpcf7 no-js\" id=\"wpcf7-f8-o1\" lang=\"en-US\" dir=\"ltr\" data-wpcf7-id=\"8\">\n<div class=\"screen-reader-response\"><p role=\"status\" aria-live=\"polite\" aria-atomic=\"true\"><\/p> <ul><\/ul><\/div>\n<form action=\"\/zh\/wp-json\/wp\/v2\/pages\/4441#wpcf7-f8-o1\" method=\"post\" class=\"wpcf7-form init\" aria-label=\"Contact form\" novalidate=\"novalidate\" data-status=\"init\" data-trp-original-action=\"\/zh\/wp-json\/wp\/v2\/pages\/4441#wpcf7-f8-o1\">\n<div style=\"display: none;\">\n<input type=\"hidden\" name=\"_wpcf7\" value=\"8\" \/>\n<input type=\"hidden\" name=\"_wpcf7_version\" value=\"6.0.4\" \/>\n<input type=\"hidden\" name=\"_wpcf7_locale\" value=\"en_US\" \/>\n<input type=\"hidden\" name=\"_wpcf7_unit_tag\" value=\"wpcf7-f8-o1\" \/>\n<input type=\"hidden\" name=\"_wpcf7_container_post\" value=\"0\" \/>\n<input type=\"hidden\" name=\"_wpcf7_posted_data_hash\" value=\"\" \/>\n<\/div>\n<div class=\"form\">\n\t<p><span class=\"wpcf7-form-control-wrap\" data-name=\"your-name\"><input size=\"40\" maxlength=\"400\" class=\"wpcf7-form-control wpcf7-text wpcf7-validates-as-required\" aria-required=\"true\" aria-invalid=\"false\" placeholder=\"\u540d\u5b57\u548c\u59d3\u6c0f\" value=\"\" type=\"text\" name=\"your-name\" \/><\/span><br \/>\n<span class=\"wpcf7-form-control-wrap\" data-name=\"your-email\"><input size=\"40\" maxlength=\"400\" class=\"wpcf7-form-control wpcf7-email wpcf7-validates-as-required wpcf7-text wpcf7-validates-as-email\" aria-required=\"true\" aria-invalid=\"false\" placeholder=\"\u7535\u5b50\u90ae\u4ef6\" value=\"\" type=\"email\" name=\"your-email\" \/><\/span><br \/>\n<span class=\"wpcf7-form-control-wrap\" data-name=\"your-tel\"><input size=\"40\" maxlength=\"400\" class=\"wpcf7-form-control wpcf7-tel wpcf7-validates-as-required wpcf7-text wpcf7-validates-as-tel\" aria-required=\"true\" aria-invalid=\"false\" placeholder=\"\u7535\u8bdd\" value=\"\" type=\"tel\" name=\"your-tel\" \/><\/span><br \/>\n<span class=\"wpcf7-form-control-wrap\" data-name=\"your-message\"><textarea cols=\"40\" rows=\"10\" maxlength=\"2000\" class=\"wpcf7-form-control wpcf7-textarea wpcf7-validates-as-required\" aria-required=\"true\" aria-invalid=\"false\" placeholder=\"\u7559\u8a00\" name=\"your-message\"><\/textarea><\/span><br \/>\n<span class=\"wpcf7-form-control-wrap bwscaptcha-287\" data-name=\"bwscaptcha-287\"><input style=\"display:none;\" class=\"wpcf7-form-control wpcf7-bwscaptcha\" aria-required=\"true\" type=\"text\" name=\"bwscaptcha-287\" value=\"\" \/><p class=\"cptch_block\"><span class=\"cptch_title cptch_to_remove\">\u4eba\u7c7b\uff1f<span class=\"required\"> *<\/span><\/span><span id=\"cptch_time_limit_notice_10\" class=\"cptch_time_limit_notice cptch_to_remove\">Time limit exceeded. Please complete the captcha once again.<\/span><span class=\"cptch_wrap cptch_math_actions\">\n\t\t\t\t<label class=\"cptch_label\" for=\"cptch_input_10\"><span class=\"cptch_span\">se&#118;e&#110;<\/span>\n\t\t\t\t\t<span class=\"cptch_span\">&nbsp;&#43;&nbsp;<\/span>\n\t\t\t\t\t<span class=\"cptch_span\"><input id=\"cptch_input_10\" class=\"cptch_input wpcf7-form-control wpcf7-bwscaptcha\" type=\"text\" autocomplete=\"off\" name=\"bwscaptcha-287\" value=\"\" maxlength=\"2\" size=\"2\" aria-required=\"true\" required=\"required\" style=\"margin-bottom:0;display:inline;font-size: 12px;width: 40px;\" \/><\/span>\n\t\t\t\t\t<span class=\"cptch_span\">&nbsp;=&nbsp;<\/span>\n\t\t\t\t\t<span class=\"cptch_span\">fiftee&#110;<\/span><input type=\"hidden\" name=\"cptch_form\" value=\"cf7_contact\" \/>\n\t\t\t\t<\/label><span class=\"cptch_reload_button_wrap hide-if-no-js\">\n\t\t\t\t\t<noscript>\n\t\t\t\t\t\t<style type=\"text\/css\">\n\t\t\t\t\t\t\t.hide-if-no-js {\n\t\t\t\t\t\t\t\tdisplay: none !important;\n\t\t\t\t\t\t\t}\n\t\t\t\t\t\t<\/style>\n\t\t\t\t\t<\/noscript>\n\t\t\t\t\t<span class=\"cptch_reload_button dashicons dashicons-update\"><\/span>\n\t\t\t\t<\/span><\/span><\/p><\/span><br \/>\n<input class=\"wpcf7-form-control wpcf7-submit has-spinner button\" type=\"submit\" value=\"\u53d1\u9001\" \/>\n\t<\/p>\n<\/div><div class=\"wpcf7-response-output\" aria-hidden=\"true\"><\/div>\n<input type=\"hidden\" name=\"trp-form-language\" value=\"zh\"\/><\/form>\n<\/div>\n\n\n\n\t\t<\/div>\n\t\t\t\t\n<style>\n#col-1167755590 > .col-inner {\n  margin: 0px 0px -16px 0px;\n}\n<\/style>\n\t<\/div>\n\n\t\n\n<\/div>\n\n\t\t<\/div>\n\n\t\t\n<style>\n#section_546345002 {\n  padding-top: 30px;\n  padding-bottom: 30px;\n}\n<\/style>\n\t<\/section>","protected":false},"excerpt":{"rendered":"","protected":false},"author":9,"featured_media":0,"parent":0,"menu_order":0,"comment_status":"closed","ping_status":"closed","template":"page-transparent-header-light.php","meta":{"footnotes":""},"class_list":["post-4441","page","type-page","status-publish","hentry"],"_links":{"self":[{"href":"https:\/\/belmont-web.com\/zh\/wp-json\/wp\/v2\/pages\/4441","targetHints":{"allow":["GET"]}}],"collection":[{"href":"https:\/\/belmont-web.com\/zh\/wp-json\/wp\/v2\/pages"}],"about":[{"href":"https:\/\/belmont-web.com\/zh\/wp-json\/wp\/v2\/types\/page"}],"author":[{"embeddable":true,"href":"https:\/\/belmont-web.com\/zh\/wp-json\/wp\/v2\/users\/9"}],"replies":[{"embeddable":true,"href":"https:\/\/belmont-web.com\/zh\/wp-json\/wp\/v2\/comments?post=4441"}],"version-history":[{"count":5,"href":"https:\/\/belmont-web.com\/zh\/wp-json\/wp\/v2\/pages\/4441\/revisions"}],"predecessor-version":[{"id":5176,"href":"https:\/\/belmont-web.com\/zh\/wp-json\/wp\/v2\/pages\/4441\/revisions\/5176"}],"wp:attachment":[{"href":"https:\/\/belmont-web.com\/zh\/wp-json\/wp\/v2\/media?parent=4441"}],"curies":[{"name":"wp","href":"https:\/\/api.w.org\/{rel}","templated":true}]}}