{"id":6048,"date":"2021-09-20T10:27:52","date_gmt":"2021-09-20T08:27:52","guid":{"rendered":"https:\/\/belmont-web.com\/?page_id=6048"},"modified":"2022-08-22T18:33:31","modified_gmt":"2022-08-22T16:33:31","slug":"conditions-generales","status":"publish","type":"page","link":"https:\/\/belmont-web.com\/zh\/%e4%b8%80%e8%88%ac%e6%9d%a1%e4%bb%b6\/","title":{"rendered":"\u4e00\u822c\u6761\u4ef6"},"content":{"rendered":"<p><strong>\u4e00\u822c\u6761\u4ef6<br><br><\/strong><strong>\u7b7e\u7f72\u4f30\u4ef7\u5355\u4ee5\u53ca\u652f\u4ed8Belmont Web S\u00e0rl\u516c\u53f8\u7684\u53d1\u7968\uff0c\u610f\u5473\u7740\u63a5\u53d7\u8fd9\u4e9b\u4e00\u822c\u670d\u52a1\u6761\u4ef6\u3002<\/strong><\/p>\n\n\n\n<p><strong>\u7b2c1\u6761 - \u5404\u65b9 <\/strong>\u672f\u8bed\u5ba2\u6237\u662f\u6307\u4efb\u4f55\u8981\u6c42\u8d1d\u5c14\u8499\u7f51\u7edc\u516c\u53f8\u63d0\u4f9b\u4efb\u4f55\u670d\u52a1\u6216\u7f51\u7edc\u4ea7\u54c1\u6280\u80fd\u7684\u6cd5\u4eba\u6216\u81ea\u7136\u4eba\u3002\u5ba2\u6237\u58f0\u660e\uff0c\u4ed6\u6709\u5145\u5206\u7684\u6cd5\u5f8b\u884c\u4e3a\u80fd\u529b\uff0c\u53ef\u4ee5\u6839\u636e\u8fd9\u4e9b\u4e00\u822c\u9500\u552e\u6761\u6b3e\u4f5c\u51fa\u627f\u8bfa\u3002Belmont Web S\u00e0rl\u4e00\u8bcd\u6307\u5b9a\u7684\u662f\u516c\u53f8\u7684\u5546\u4e1a\u540d\u79f0\uff0c\u5728\u672f\u8bed\u63d0\u4f9b\u8005\u4e0b\u6307\u5b9a\u3002\u7b2c\u4e09\u65b9\u4e00\u8bcd\u662f\u6307\u975e\u5408\u540c\u4e00\u65b9\u7684\u4efb\u4f55\u81ea\u7136\u4eba\u6216\u6cd5\u4eba\u3002<\/p>\n\n\n\n<p><strong>\u7b2c2\u6761--\u5408\u540c\u7684\u76ee\u7684 <\/strong>\u8be5\u5408\u540c\u786e\u5b9a\u4e86\u8d1d\u5c14\u8499\u7f51\u7edc\u6709\u9650\u516c\u53f8\u4e0e\u5ba2\u6237\u4e4b\u95f4\u7684\u5546\u4e1a\u5173\u7cfb\u3002<\/p>\n\n\n\n<p><strong>\u7b2c3\u6761 - \u5408\u540c\u5173\u7cfb <\/strong>Aucun contact t\u00e9l\u00e9phonique, ni rendez-vous, ne vaut engagement. Avant toute commande, le prestataire \u00e9dite et envoie un devis au client. Le devis est d\u00e9clar\u00e9 ferme et d\u00e9finitif et donne naissance aux obligations entre les parties d\u00e8s r\u00e9ception par retour de courrier (postal ou \u00e9lectronique) du document dat\u00e9 et sign\u00e9, accompagn\u00e9 d&#8217;un acompte entre 30 et 50% du montant total du devis. (Une facture d&#8217;acompte vous sera envoy\u00e9e par email) Le solde est ensuite payable d\u00e8s r\u00e9ception de la facture, apr\u00e8s r\u00e9alisation de la prestation. Le devis servant de bon de commande et donc de contrat, sera consid\u00e9r\u00e9 comme valid\u00e9 une fois le premier paiement effectu\u00e9. Le prestataire ne d\u00e9butera aucun d\u00e9veloppement avant r\u00e9ception du premier versement (site web). Cette disposition est un \u00e9l\u00e9ment essentiel du contrat. Concernant les prestations de r\u00e9f\u00e9rencement, celles-ci sont factur\u00e9es apr\u00e8s r\u00e9alisation de la prestation. En fonction de la prestation choisie, la r\u00e9alisation compl\u00e8te du r\u00e9f\u00e9rencement prend plusieurs mois. La dur\u00e9e est alors indiqu\u00e9e sur le devis.<\/p>\n\n\n\n<p><strong>\u7b2c4\u6761 - \u5ba2\u6237\u5904\u7406\u548c\u53d1\u9001\u6587\u4ef6 <\/strong>\u5ba2\u6237\u8d1f\u8d23\u5728\u5f00\u53d1\u5f00\u59cb\u524d\u5c06\u6240\u6709\u6587\u4ef6\uff08\u6587\u672c\u3001\u5b57\u4f53\u548c\u56fe\u50cf\uff0c\u5305\u62ec\u6765\u81ea\u7b2c\u4e09\u65b9\u7684\u6587\u4ef6\uff0c\u4e0d\u542b\u6743\u5229\u3001\u7ed3\u6784\u548c\/\u6216\u6570\u636e\u6a21\u578b\uff09\u53d1\u9001\u7ed9\u670d\u52a1\u63d0\u4f9b\u5546\u3002\u7167\u7247\u5fc5\u987b\u4ee5\u7535\u5b50\u683c\u5f0f\u63d0\u4f9b\uff0c\u51e0\u767e\u884c\u7684\u6587\u5b57\u4e5f\u5fc5\u987b\u63d0\u4f9b\u3002Belmont Web S\u00e0rl\u516c\u53f8\u5bf9\u5ba2\u6237\u63d0\u4f9b\u7684\u6587\u672c\u4e2d\u7684\u4efb\u4f55\u62fc\u5199\u9519\u8bef\u4e0d\u8d1f\u8d23\u4efb\uff0c\u4f46\u662f\uff0cBelmont Web S\u00e0rl\u516c\u53f8\u5c06\u5728\u5185\u5bb9\u63d2\u5165\u7f51\u7ad9\u65f6\u5bf9\u6587\u672c\u8fdb\u884c\u6821\u5bf9\u3002\u5982\u679c\u5ba2\u6237\u60f3\u8981\u67d0\u4e2a\u7279\u5b9a\u7684\u5b57\u4f53\uff0c\u4ed6\u5fc5\u987b\u5728\u63d0\u4ea4\u7684\u6587\u4ef6\u4e2d\u63d2\u5165\u8be5\u5b57\u4f53\uff08\u5982\u679c\u662f\u4e0d\u514d\u6743\u7684\u5b57\u4f53\uff0c\u5c06\u5411\u5ba2\u6237\u6536\u53d6\u8bb8\u53ef\u8d39\u7528\uff09\u3002\u63d0\u4f9b\u7684\u56fe\u7247\u5fc5\u987b\u6709\u8db3\u591f\u7684\u5c3a\u5bf8\u548c\u5206\u8fa8\u7387\uff08\u65e0\u5e72\u6270\uff0c\u81f3\u5c11100dpi\uff09\uff0c\u4ee5\u4fdd\u8bc1\u6700\u7ec8\u7f51\u7ad9\u7684\u826f\u597d\u5448\u73b0\u3002<\/p>\n\n\n\n<p><strong>\u7b2c5\u6761 - \u5ba2\u6237\u5bf9\u521d\u59cb\u7533\u8bf7\u7684\u4fee\u6539 <\/strong>\u4efb\u4f55\u8981\u8fdb\u884c\u7684\u65b0\u53d1\u5c55\u90fd\u5c06\u662f\u4e00\u4e2a\u65b0\u7684\u4f30\u8ba1\u7684\u5bf9\u8c61\u3002\u5982\u679c\u4f60\u7684\u62a5\u4ef7\u4e2d\u89c4\u5b9a\u7684\u5f00\u53d1\u9879\u76ee\u7684\u4fee\u6539\u6216\u91cd\u505a\u5bfc\u81f4\u5e72\u9884......\u3002<\/p>\n\n\n\n<p>\u00a0- \u4e0e\u5f00\u53d1\u901a\u5e38\u6240\u9700\u7684\u65f6\u95f4\u76f8\u6bd4\uff0c\u5176\u65f6\u95f4\u660e\u663e\u8fc7\u957f\u3002<br>- \u5176\u6027\u8d28\u503e\u5411\u4e8e\u5927\u5927\u6539\u53d8\u8bf4\u660e\u4e66\u4e2d\u63d0\u51fa\u7684\u53d1\u5c55\u65b9\u5411<br>&#8211; n\u00e9cessite le traitement des sources afin de les rendre exploitables pour r\u00e9aliser le d\u00e9veloppement ou le param\u00e9trage du d\u00e9veloppement (notamment pour l&#8217;insertion de donn\u00e9es dans une base MySQL), une facturation suppl\u00e9mentaire sera \u00e9tablie sur la base d&#8217;un tarif horaire.<\/p>\n\n\n\n<p><strong>\u7b2c6\u6761 - \u65f6\u9650\u7684\u4fee\u6539 <\/strong>\u5f00\u53d1\u6240\u9700\u7684\u91cd\u5927\u53d8\u66f4\u3001\u8fd4\u5de5\u3001\u51b3\u7b56\u5ef6\u8fdf\u6216\u5ba2\u6237\u5ef6\u8fdf\u4ea4\u4ed8\u6587\u4ef6\uff0c\u5e94\u63a8\u8fdf\u53cc\u65b9\u5546\u5b9a\u7684\u4ea4\u4ed8\u671f\u9650\u3002<\/p>\n\n\n\n<p><strong>\u7b2c7\u6761--\u6743\u5229\u7684\u8f6c\u8ba9 <\/strong>\u9664\u975e\u4f30\u7b97\u4e66\u548c\/\u6216\u53d1\u7968\u4e0a\u53e6\u6709\u89c4\u5b9a\uff0c\u5426\u5219\u4f7f\u7528\u6743\u7684\u8f6c\u8ba9\u548c\u670d\u52a1\u63d0\u4f9b\u5546\u5bf9\u5f00\u53d1\u9879\u76ee\u7684\u4fee\u6539\u53ea\u6709\u5728\u5b8c\u5168\u6536\u53d6\u53d1\u7968\u91d1\u989d\u540e\u624d\u4f1a\u751f\u6548\u3002\u7136\u540e\uff0c\u670d\u52a1\u63d0\u4f9b\u8005\u53ea\u6709\u5728\u5ba2\u6237\u7684\u4e66\u9762\u8981\u6c42\u4e0b\u624d\u53ef\u4ee5\u4ecb\u5165\u5f00\u53d1\u3002\u5f53\u7136\uff0c\u8fd9\u79cd\u8f6c\u8ba9\u5e76\u4e0d\u6d89\u53ca\u5728\u7f51\u7edc\u4e0a\u4f20\u64ad\u5f00\u53d1\u6210\u679c\u7684\u6743\u5229\u3002<\/p>\n\n\n\n<p><strong>\u7b2c8\u6761 - \u652f\u4ed8\u6761\u4ef6 <\/strong>Les d\u00e9veloppements doivent \u00eatre r\u00e9gl\u00e9s au comptant. Le r\u00e8glement devra parvenir \u00e0 \u2013 Belmont Web S\u00e0rl, Av. Mongi Slim &#8211; par stripe ou par virement bancaire suivant la date d&#8217;\u00e9ch\u00e9ance sp\u00e9cifi\u00e9e sur la facture.<\/p>\n\n\n\n<p><strong>\u7b2c9\u6761 - \u903e\u671f\u4ed8\u6b3e\u7684\u5904\u7f5a <\/strong>Pour les clients, application d&#8217;une indemnit\u00e9 forfaitaire pour frais de recouvrement.<\/p>\n\n\n\n<p><strong>\u7b2c10\u6761 - \u4e0d\u53ef\u6297\u529b <\/strong>\u5f53\u4e8b\u4eba\u56e0\u4e0d\u53ef\u6297\u529b\u800c\u65e0\u6cd5\u5c65\u884c\u4e49\u52a1\u65f6\uff0c\u4e0d\u5e94\u627f\u62c5\u4efb\u4f55\u8d23\u4efb\u6216\u8fdd\u53cd\u5176\u5408\u540c\u4e49\u52a1\uff1b\u5728\u4e0d\u53ef\u6297\u529b\u7684\u539f\u56e0\u505c\u6b62\u4e4b\u524d\uff0c\u53cc\u65b9\u4e4b\u95f4\u7684\u5408\u540c\u5e94\u6682\u505c\u3002<\/p>\n\n\n\n<p>\u4e0d\u53ef\u6297\u529b\u8003\u8651\u5230\u4e0d\u53ef\u6297\u62d2\u7684\u4e8b\u5b9e\u6216\u60c5\u51b5\uff0c\u8fd9\u4e9b\u4e8b\u5b9e\u6216\u60c5\u51b5\u5bf9\u5f53\u4e8b\u4eba\u6765\u8bf4\u662f\u5916\u5728\u7684\u3001\u4e0d\u53ef\u9884\u89c1\u7684\u3001\u72ec\u7acb\u4e8e\u5f53\u4e8b\u4eba\u610f\u613f\u7684\uff0c\u5c3d\u7ba1\u6709\u4e00\u5207\u5408\u7406\u53ef\u80fd\u7684\u52aa\u529b\u6765\u963b\u6b62\u5b83\u4eec\u3002\u8fd0\u8f93\u5de5\u5177\u6216\u4f9b\u5e94\u7684\u5835\u585e\u3001\u5730\u9707\u3001\u706b\u707e\u3001\u98ce\u66b4\u3001\u6d2a\u6c34\u3001\u95ea\u7535\u3001\u7535\u4fe1\u7f51\u7edc\uff0c\u7279\u522b\u662f\u6240\u6709\u53ef\u901a\u8fc7\u4e92\u8054\u7f51\u8bbf\u95ee\u7684\u7f51\u7edc\u7684\u505c\u6b62\uff0c\u6216\u5404\u65b9\u4ee5\u5916\u7684\u7535\u4fe1\u7f51\u7edc\u7684\u5177\u4f53\u56f0\u96be\uff0c\u4e5f\u88ab\u8ba4\u4e3a\u662f\u4e0d\u53ef\u6297\u529b\u3002\u53d7\u4e0d\u53ef\u6297\u529b\u5f71\u54cd\u7684\u4e00\u65b9\u5e94\u5728\u610f\u8bc6\u5230\u4e0d\u53ef\u6297\u529b\u540e\u7684\u4e94\uff085\uff09\u4e2a\u5de5\u4f5c\u65e5\u5185\u901a\u77e5\u5bf9\u65b9\u3002\u7136\u540e\uff0c\u53cc\u65b9\u5c06\u5c31\u7ee7\u7eed\u5c65\u884c\u5408\u540c\u7684\u6761\u4ef6\u8fbe\u6210\u534f\u8bae\u3002<\/p>\n\n\n\n<p><strong>ARTICLE 11 &#8211; PROMOTION DES CR\u00c9ATIONS <\/strong>\u9664\u975e\u53e6\u6709\u4e66\u9762\u7ea6\u5b9a\uff0c\u670d\u52a1\u63d0\u4f9b\u8005\u53ef\u4ee5\u5728\u6240\u6709\u7c7b\u578b\u7684\u5a92\u4f53\u4e0a\u5206\u53d1\u4e3a\u5ba2\u6237\u6216\u5ba2\u6237\u4e3a\u4e4b\u5de5\u4f5c\u7684\u7b2c\u4e09\u65b9\u6240\u505a\u7684\u6240\u6709\u521b\u4f5c\uff0c\u7528\u4e8e \"\u5c55\u793a\u521b\u4f5c\"\uff0c\u6ca1\u6709\u65f6\u95f4\u9650\u5236\u3002\u5728\u60a8\u7684\u7f51\u7ad9\u4e0a\u5199\u7684\u5173\u4e8e'\u8d1d\u5c14\u8499\u7279\u7f51\u7edc--\u7f51\u7ad9\u5236\u4f5c'\u7684\u6587\u7ae0\u53ef\u4ee5\u8d34\u5728\u5236\u4f5c\u7684\u7f51\u7edc\u4f5c\u54c1\u4e0a\uff0c\u5e76\u9644\u4e0a\u7f51\u7ad9\u7684\u94fe\u63a5www.Belmont-web.com\uff0c\u56e0\u4e3a\u8fd9\u4e0e\u5f00\u53d1\u7684\u6027\u8d28\u6709\u5173\uff0c\u53ef\u80fd\u4f1a\u53d1\u751f\u53d8\u5316\uff0c\u4fdd\u7559\u7684\u9002\u5f53\u6761\u6b3e\u4ecd\u5c06\u7531\u63d0\u4f9b\u8005\u51b3\u5b9a\u3002<\/p>\n\n\n\n<p><strong>ARTICLE 12 \u2013 TRANSFERT D\u2019ACTIVIT\u00c9S <\/strong>\u5b83\u4e5f\u53ef\u80fd\u88ab\u4f20\u9012\u7ed9\u5bf9\u8fd9\u79cd\u5173\u7cfb\u4f5c\u51fa\u8d21\u732e\u7684\u516c\u53f8\uff0c\u5982\u8d1f\u8d23\u6267\u884c\u670d\u52a1\u548c\u8ba2\u5355\u7684\u7ba1\u7406\u3001\u6267\u884c\u3001\u5904\u7406\u548c\u652f\u4ed8\u7684\u516c\u53f8\u3002\u5546\u4e1a\u5408\u540c\u4e5f\u53ef\u4ee5\u8f6c\u8ba9\u7ed9\u7b2c\u4e09\u65b9\u800c\u4e0d\u6539\u53d8\u670d\u52a1\u63d0\u4f9b\u8005\u548c\u5ba2\u6237\u7684\u5408\u540c\u4e49\u52a1\u3002<\/p>\n\n\n\n<p><strong>ARTICLE 12 &#8211; LES CONDITIONS G\u00c9N\u00c9RALES DE VENTE <\/strong>\u63d0\u4f9b\u65b9\u53ef\u4ee5\u4fee\u6539\u3001\u589e\u52a0\u6216\u5220\u9664\u8fd9\u4e9b\u6761\u6b3e\u548c\u6761\u4ef6\u7684\u89c4\u5b9a\uff0c\u800c\u65e0\u9700\u4e8b\u5148\u901a\u77e5\u5176\u5ba2\u6237\u6216\u7b2c\u4e09\u65b9\u3002<\/p>\n\n\n\n<p><strong>\u7b2c13\u6761 - \u4e89\u7aef\u7684\u89e3\u51b3 <\/strong>Tout litige en rapport avec les pr\u00e9sentes Conditions g\u00e9n\u00e9rales et tout Contrat sign\u00e9, sa conclusion, son ex\u00e9cution ou sa r\u00e9siliation soumis au droit Tunisien. Il est fait attribution exclusive de juridiction aux tribunaux comp\u00e9tents de Gab\u00e8s.<\/p>","protected":false},"excerpt":{"rendered":"<p>CONDITIONS G\u00c9N\u00c9RALES La signature d&#8217;un devis, ainsi que le paiement d\u2019une facture de Belmont Web S\u00e0rl vaut acceptation des pr\u00e9sentes conditions g\u00e9n\u00e9rales des prestations. ARTICLE 1 &#8211; LES PARTIES Le terme client d\u00e9signe toute personne morale ou physique, ayant requis les comp\u00e9tences de l&#8217;entreprise Belmont Web S\u00e0rl pour toutes prestations ou r\u00e9alisations de produits web. [&#8230;]","protected":false},"author":1,"featured_media":0,"parent":0,"menu_order":0,"comment_status":"closed","ping_status":"closed","template":"","meta":{"footnotes":""},"class_list":["post-6048","page","type-page","status-publish","hentry"],"_links":{"self":[{"href":"https:\/\/belmont-web.com\/zh\/wp-json\/wp\/v2\/pages\/6048","targetHints":{"allow":["GET"]}}],"collection":[{"href":"https:\/\/belmont-web.com\/zh\/wp-json\/wp\/v2\/pages"}],"about":[{"href":"https:\/\/belmont-web.com\/zh\/wp-json\/wp\/v2\/types\/page"}],"author":[{"embeddable":true,"href":"https:\/\/belmont-web.com\/zh\/wp-json\/wp\/v2\/users\/1"}],"replies":[{"embeddable":true,"href":"https:\/\/belmont-web.com\/zh\/wp-json\/wp\/v2\/comments?post=6048"}],"version-history":[{"count":5,"href":"https:\/\/belmont-web.com\/zh\/wp-json\/wp\/v2\/pages\/6048\/revisions"}],"predecessor-version":[{"id":8224,"href":"https:\/\/belmont-web.com\/zh\/wp-json\/wp\/v2\/pages\/6048\/revisions\/8224"}],"wp:attachment":[{"href":"https:\/\/belmont-web.com\/zh\/wp-json\/wp\/v2\/media?parent=6048"}],"curies":[{"name":"wp","href":"https:\/\/api.w.org\/{rel}","templated":true}]}}